{"id":9378,"date":"2025-02-20T18:47:38","date_gmt":"2025-02-20T17:47:38","guid":{"rendered":"https:\/\/www.conillas.com\/?post_type=product&#038;p=9378"},"modified":"2025-11-07T17:08:09","modified_gmt":"2025-11-07T16:08:09","slug":"cartuchera-gris","status":"publish","type":"product","link":"https:\/\/www.conillas.com\/en\/producto\/cartuchera-gris\/","title":{"rendered":"Cartuchera Gris"},"content":{"rendered":"<p><b class=\"list__label\">Dimensiones del producto en cm: <\/b><span class=\"list__value\">Anchura 9,5cm x Profundidad 3,9cm x Altura 25,6cm<br \/>\n<\/span><b class=\"list__label\">Material: <\/b><span class=\"list__value\">Poli\u00e9ster.<\/span><\/p>\n<p>Este producto\u00a0<strong>no<\/strong>\u00a0admite cambios ni devoluciones.<br \/>\nEl precio\u00a0<strong>no<\/strong>\u00a0incluye los gastos de env\u00edo.<\/p>\n<ul>\n<li>Gastos de env\u00edo:\u00a0<strong>18,40<em>\u20ac<\/em><\/strong><\/li>\n<li>Los env\u00edos se har\u00e1n de\u00a0<strong>lunes a viernes<\/strong>\u00a0seg\u00fan los siguientes horarios:\n<ul>\n<li>Ma\u00f1ana (9:00 &#8211; 15:00)<\/li>\n<li>Tarde (15:00 &#8211; 19:30)<\/li>\n<\/ul>\n<\/li>\n<li><em><strong>Para los pedidos online, el plazo de entrega ser\u00e1 de 48h. Los pedidos hechos en s\u00e1bado o domingo se tramitar\u00e1n a partir del siguiente Lunes.<\/strong><\/em><\/li>\n<\/ul>\n","protected":false},"excerpt":{"rendered":"<p>Ahora siempre tendr\u00e1s tus herramientas a mano mientras trabajas en el jard\u00edn con esta pr\u00e1ctica funda.<\/p>\n<p>Dise\u00f1ada para guardar las tijeras de podar cuando no se est\u00e1n utilizando, te permite tenerlas listas para podar brotes, flores o recoger frutos.<\/p>\n<p>Gracias a su gran lazo, puedes colgarla f\u00e1cilmente del cintur\u00f3n, lo que facilita el acceso r\u00e1pido a las herramientas.<\/p>\n<p>Con un revestimiento de PVC resistente, esta funda garantiza durabilidad y protecci\u00f3n.<\/p>\n<p>Viene empaquetada en una tarjeta de cabecera con eurolock, lo que la convierte en un detalle ideal para los jardineros.<\/p>\n","protected":false},"featured_media":9329,"template":"","meta":{"_et_pb_use_builder":"","_et_pb_old_content":"","_et_gb_content_width":""},"product_brand":[],"product_cat":[703,832,833,774,719,771],"product_tag":[],"class_list":{"0":"post-9378","1":"product","2":"type-product","3":"status-publish","4":"has-post-thumbnail","6":"product_cat-herramientas","7":"product_cat-hogar-y-jardin","8":"product_cat-jardin","9":"product_cat-jardineria","10":"product_cat-regalo","11":"product_cat-ropa","12":"product_shipping_class-envio-a-domicilio","14":"first","15":"instock","16":"taxable","17":"shipping-taxable","18":"purchasable","19":"product-type-simple"},"yoast_head":"<!-- This site is optimized with the Yoast SEO plugin v27.2 - https:\/\/yoast.com\/product\/yoast-seo-wordpress\/ -->\n<title>Cartuchera Gris - Conillas<\/title>\n<meta name=\"robots\" content=\"index, follow, max-snippet:-1, max-image-preview:large, max-video-preview:-1\" \/>\n<link rel=\"canonical\" href=\"https:\/\/www.conillas.com\/en\/producto\/cartuchera-gris\/\" \/>\n<meta property=\"og:locale\" content=\"en_US\" \/>\n<meta property=\"og:type\" content=\"article\" \/>\n<meta property=\"og:title\" content=\"Cartuchera Gris - Conillas\" \/>\n<meta property=\"og:description\" content=\"Ahora siempre tendr\u00e1s tus herramientas a mano mientras trabajas en el jard\u00edn con esta pr\u00e1ctica funda.  Dise\u00f1ada para guardar las tijeras de podar cuando no se est\u00e1n utilizando, te permite tenerlas listas para podar brotes, flores o recoger frutos.  Gracias a su gran lazo, puedes colgarla f\u00e1cilmente del cintur\u00f3n, lo que facilita el acceso r\u00e1pido a las herramientas.  Con un revestimiento de PVC resistente, esta funda garantiza durabilidad y protecci\u00f3n.  Viene empaquetada en una tarjeta de cabecera con eurolock, lo que la convierte en un detalle ideal para los jardineros.\" \/>\n<meta property=\"og:url\" content=\"https:\/\/www.conillas.com\/en\/producto\/cartuchera-gris\/\" \/>\n<meta property=\"og:site_name\" content=\"Conillas\" \/>\n<meta property=\"article:publisher\" content=\"https:\/\/www.facebook.com\/ConillasGardenCenter\" \/>\n<meta property=\"article:modified_time\" content=\"2025-11-07T16:08:09+00:00\" \/>\n<meta property=\"og:image\" content=\"https:\/\/www.conillas.com\/wp-content\/uploads\/2025\/02\/GT88_02.png\" \/>\n\t<meta property=\"og:image:width\" content=\"1240\" \/>\n\t<meta property=\"og:image:height\" content=\"1240\" \/>\n\t<meta property=\"og:image:type\" content=\"image\/png\" \/>\n<meta name=\"twitter:card\" content=\"summary_large_image\" \/>\n<meta name=\"twitter:site\" content=\"@centerconillas\" \/>\n<meta name=\"twitter:label1\" content=\"Est. reading time\" \/>\n\t<meta name=\"twitter:data1\" content=\"1 minute\" \/>\n<script type=\"application\/ld+json\" class=\"yoast-schema-graph\">{\"@context\":\"https:\/\/schema.org\",\"@graph\":[{\"@type\":\"WebPage\",\"@id\":\"https:\/\/www.conillas.com\/en\/producto\/cartuchera-gris\/\",\"url\":\"https:\/\/www.conillas.com\/en\/producto\/cartuchera-gris\/\",\"name\":\"Cartuchera Gris - Conillas\",\"isPartOf\":{\"@id\":\"https:\/\/www.conillas.com\/en\/#website\"},\"primaryImageOfPage\":{\"@id\":\"https:\/\/www.conillas.com\/en\/producto\/cartuchera-gris\/#primaryimage\"},\"image\":{\"@id\":\"https:\/\/www.conillas.com\/en\/producto\/cartuchera-gris\/#primaryimage\"},\"thumbnailUrl\":\"https:\/\/www.conillas.com\/wp-content\/uploads\/2025\/02\/GT88_02.png\",\"datePublished\":\"2025-02-20T17:47:38+00:00\",\"dateModified\":\"2025-11-07T16:08:09+00:00\",\"breadcrumb\":{\"@id\":\"https:\/\/www.conillas.com\/en\/producto\/cartuchera-gris\/#breadcrumb\"},\"inLanguage\":\"en-US\",\"potentialAction\":[{\"@type\":\"ReadAction\",\"target\":[\"https:\/\/www.conillas.com\/en\/producto\/cartuchera-gris\/\"]}]},{\"@type\":\"ImageObject\",\"inLanguage\":\"en-US\",\"@id\":\"https:\/\/www.conillas.com\/en\/producto\/cartuchera-gris\/#primaryimage\",\"url\":\"https:\/\/www.conillas.com\/wp-content\/uploads\/2025\/02\/GT88_02.png\",\"contentUrl\":\"https:\/\/www.conillas.com\/wp-content\/uploads\/2025\/02\/GT88_02.png\",\"width\":1240,\"height\":1240},{\"@type\":\"BreadcrumbList\",\"@id\":\"https:\/\/www.conillas.com\/en\/producto\/cartuchera-gris\/#breadcrumb\",\"itemListElement\":[{\"@type\":\"ListItem\",\"position\":1,\"name\":\"Portada\",\"item\":\"https:\/\/www.conillas.com\/en\/\"},{\"@type\":\"ListItem\",\"position\":2,\"name\":\"Tienda\",\"item\":\"https:\/\/www.conillas.com\/tienda\/\"},{\"@type\":\"ListItem\",\"position\":3,\"name\":\"Cartuchera Gris\"}]},{\"@type\":\"WebSite\",\"@id\":\"https:\/\/www.conillas.com\/en\/#website\",\"url\":\"https:\/\/www.conillas.com\/en\/\",\"name\":\"Conillas\",\"description\":\"Servicios de Paisajismo y Jardiner\u00eda\",\"potentialAction\":[{\"@type\":\"SearchAction\",\"target\":{\"@type\":\"EntryPoint\",\"urlTemplate\":\"https:\/\/www.conillas.com\/en\/?s={search_term_string}\"},\"query-input\":{\"@type\":\"PropertyValueSpecification\",\"valueRequired\":true,\"valueName\":\"search_term_string\"}}],\"inLanguage\":\"en-US\"}]}<\/script>\n<!-- \/ Yoast SEO plugin. -->","yoast_head_json":{"title":"Cartuchera Gris - Conillas","robots":{"index":"index","follow":"follow","max-snippet":"max-snippet:-1","max-image-preview":"max-image-preview:large","max-video-preview":"max-video-preview:-1"},"canonical":"https:\/\/www.conillas.com\/en\/producto\/cartuchera-gris\/","og_locale":"en_US","og_type":"article","og_title":"Cartuchera Gris - Conillas","og_description":"Ahora siempre tendr\u00e1s tus herramientas a mano mientras trabajas en el jard\u00edn con esta pr\u00e1ctica funda.  Dise\u00f1ada para guardar las tijeras de podar cuando no se est\u00e1n utilizando, te permite tenerlas listas para podar brotes, flores o recoger frutos.  Gracias a su gran lazo, puedes colgarla f\u00e1cilmente del cintur\u00f3n, lo que facilita el acceso r\u00e1pido a las herramientas.  Con un revestimiento de PVC resistente, esta funda garantiza durabilidad y protecci\u00f3n.  Viene empaquetada en una tarjeta de cabecera con eurolock, lo que la convierte en un detalle ideal para los jardineros.","og_url":"https:\/\/www.conillas.com\/en\/producto\/cartuchera-gris\/","og_site_name":"Conillas","article_publisher":"https:\/\/www.facebook.com\/ConillasGardenCenter","article_modified_time":"2025-11-07T16:08:09+00:00","og_image":[{"width":1240,"height":1240,"url":"https:\/\/www.conillas.com\/wp-content\/uploads\/2025\/02\/GT88_02.png","type":"image\/png"}],"twitter_card":"summary_large_image","twitter_site":"@centerconillas","twitter_misc":{"Est. reading time":"1 minute"},"schema":{"@context":"https:\/\/schema.org","@graph":[{"@type":"WebPage","@id":"https:\/\/www.conillas.com\/en\/producto\/cartuchera-gris\/","url":"https:\/\/www.conillas.com\/en\/producto\/cartuchera-gris\/","name":"Cartuchera Gris - Conillas","isPartOf":{"@id":"https:\/\/www.conillas.com\/en\/#website"},"primaryImageOfPage":{"@id":"https:\/\/www.conillas.com\/en\/producto\/cartuchera-gris\/#primaryimage"},"image":{"@id":"https:\/\/www.conillas.com\/en\/producto\/cartuchera-gris\/#primaryimage"},"thumbnailUrl":"https:\/\/www.conillas.com\/wp-content\/uploads\/2025\/02\/GT88_02.png","datePublished":"2025-02-20T17:47:38+00:00","dateModified":"2025-11-07T16:08:09+00:00","breadcrumb":{"@id":"https:\/\/www.conillas.com\/en\/producto\/cartuchera-gris\/#breadcrumb"},"inLanguage":"en-US","potentialAction":[{"@type":"ReadAction","target":["https:\/\/www.conillas.com\/en\/producto\/cartuchera-gris\/"]}]},{"@type":"ImageObject","inLanguage":"en-US","@id":"https:\/\/www.conillas.com\/en\/producto\/cartuchera-gris\/#primaryimage","url":"https:\/\/www.conillas.com\/wp-content\/uploads\/2025\/02\/GT88_02.png","contentUrl":"https:\/\/www.conillas.com\/wp-content\/uploads\/2025\/02\/GT88_02.png","width":1240,"height":1240},{"@type":"BreadcrumbList","@id":"https:\/\/www.conillas.com\/en\/producto\/cartuchera-gris\/#breadcrumb","itemListElement":[{"@type":"ListItem","position":1,"name":"Portada","item":"https:\/\/www.conillas.com\/en\/"},{"@type":"ListItem","position":2,"name":"Tienda","item":"https:\/\/www.conillas.com\/tienda\/"},{"@type":"ListItem","position":3,"name":"Cartuchera Gris"}]},{"@type":"WebSite","@id":"https:\/\/www.conillas.com\/en\/#website","url":"https:\/\/www.conillas.com\/en\/","name":"Conillas","description":"Servicios de Paisajismo y Jardiner\u00eda","potentialAction":[{"@type":"SearchAction","target":{"@type":"EntryPoint","urlTemplate":"https:\/\/www.conillas.com\/en\/?s={search_term_string}"},"query-input":{"@type":"PropertyValueSpecification","valueRequired":true,"valueName":"search_term_string"}}],"inLanguage":"en-US"}]}},"_links":{"self":[{"href":"https:\/\/www.conillas.com\/en\/wp-json\/wp\/v2\/product\/9378","targetHints":{"allow":["GET"]}}],"collection":[{"href":"https:\/\/www.conillas.com\/en\/wp-json\/wp\/v2\/product"}],"about":[{"href":"https:\/\/www.conillas.com\/en\/wp-json\/wp\/v2\/types\/product"}],"wp:featuredmedia":[{"embeddable":true,"href":"https:\/\/www.conillas.com\/en\/wp-json\/wp\/v2\/media\/9329"}],"wp:attachment":[{"href":"https:\/\/www.conillas.com\/en\/wp-json\/wp\/v2\/media?parent=9378"}],"wp:term":[{"taxonomy":"product_brand","embeddable":true,"href":"https:\/\/www.conillas.com\/en\/wp-json\/wp\/v2\/product_brand?post=9378"},{"taxonomy":"product_cat","embeddable":true,"href":"https:\/\/www.conillas.com\/en\/wp-json\/wp\/v2\/product_cat?post=9378"},{"taxonomy":"product_tag","embeddable":true,"href":"https:\/\/www.conillas.com\/en\/wp-json\/wp\/v2\/product_tag?post=9378"}],"curies":[{"name":"wp","href":"https:\/\/api.w.org\/{rel}","templated":true}]}}