{"id":9374,"date":"2025-02-20T18:36:02","date_gmt":"2025-02-20T17:36:02","guid":{"rendered":"https:\/\/www.conillas.com\/?post_type=product&#038;p=9374"},"modified":"2025-11-07T17:11:13","modified_gmt":"2025-11-07T16:11:13","slug":"guantes-de-jardineria-de-algodon-paquete-de-3-talla-m","status":"publish","type":"product","link":"https:\/\/www.conillas.com\/en\/producto\/guantes-de-jardineria-de-algodon-paquete-de-3-talla-m\/","title":{"rendered":"Guantes de Jardiner\u00eda de Algod\u00f3n, paquete de 3, talla M"},"content":{"rendered":"<p><b class=\"list__label\">Dimensiones del producto en cm: <\/b>Anchura<span class=\"list__value\"> 11,9cm x Profundidad 0,7cm x Altura 23,1cm<br \/>\n<\/span><b class=\"list__label\">Material: <\/b><span class=\"list__value\">65% algod\u00f3n, 35% poli\u00e9ster, PVC.<\/span><\/p>\n<p>Este producto\u00a0<strong>no<\/strong>\u00a0admite cambios ni devoluciones.<br \/>\nEl precio\u00a0<strong>no<\/strong>\u00a0incluye los gastos de env\u00edo.<\/p>\n<ul>\n<li>Gastos de env\u00edo:\u00a0<strong>18,40<em>\u20ac<\/em><\/strong><\/li>\n<li>Los env\u00edos se har\u00e1n de\u00a0<strong>lunes a viernes<\/strong>\u00a0seg\u00fan los siguientes horarios:\n<ul>\n<li>Ma\u00f1ana (9:00 &#8211; 15:00)<\/li>\n<li>Tarde (15:00 &#8211; 19:30)<\/li>\n<\/ul>\n<\/li>\n<li><em><strong>Para los pedidos online, el plazo de entrega ser\u00e1 de 48h. Los pedidos hechos en s\u00e1bado o domingo se tramitar\u00e1n a partir del siguiente Lunes.<\/strong><\/em><\/li>\n<\/ul>\n","protected":false},"excerpt":{"rendered":"<p>Estos guantes son ideales para proteger las manos durante las tareas de jardiner\u00eda. Est\u00e1n fabricados en algod\u00f3n de alta calidad, lo que los hace c\u00f3modos y transpirables.<\/p>\n<p>Los puntos de PVC en las palmas proporcionan un excelente agarre, lo que facilita el manejo de herramientas y la manipulaci\u00f3n de plantas.<\/p>\n<p>Vienen en un pr\u00e1ctico paquete de 3, lo que asegura tener siempre un par de repuesto para las tareas en el jard\u00edn.<\/p>\n","protected":false},"featured_media":9357,"template":"","meta":{"_et_pb_use_builder":"","_et_pb_old_content":"","_et_gb_content_width":""},"product_brand":[],"product_cat":[703,832,773,833,774,772,719,771],"product_tag":[],"class_list":{"0":"post-9374","1":"product","2":"type-product","3":"status-publish","4":"has-post-thumbnail","6":"product_cat-herramientas","7":"product_cat-hogar-y-jardin","8":"product_cat-hombre-roba-y-accessoris","9":"product_cat-jardin","10":"product_cat-jardineria","11":"product_cat-mujer","12":"product_cat-regalo","13":"product_cat-ropa","14":"product_shipping_class-envio-a-domicilio","16":"first","17":"outofstock","18":"taxable","19":"shipping-taxable","20":"purchasable","21":"product-type-simple"},"yoast_head":"<!-- This site is optimized with the Yoast SEO plugin v27.2 - https:\/\/yoast.com\/product\/yoast-seo-wordpress\/ -->\n<title>Guantes de Jardiner\u00eda de Algod\u00f3n, paquete de 3, talla M - Conillas<\/title>\n<meta name=\"robots\" content=\"index, follow, max-snippet:-1, max-image-preview:large, max-video-preview:-1\" \/>\n<link rel=\"canonical\" href=\"https:\/\/www.conillas.com\/en\/producto\/guantes-de-jardineria-de-algodon-paquete-de-3-talla-m\/\" \/>\n<meta property=\"og:locale\" content=\"en_US\" \/>\n<meta property=\"og:type\" content=\"article\" \/>\n<meta property=\"og:title\" content=\"Guantes de Jardiner\u00eda de Algod\u00f3n, paquete de 3, talla M - Conillas\" \/>\n<meta property=\"og:description\" content=\"Estos guantes son ideales para proteger las manos durante las tareas de jardiner\u00eda. Est\u00e1n fabricados en algod\u00f3n de alta calidad, lo que los hace c\u00f3modos y transpirables.  Los puntos de PVC en las palmas proporcionan un excelente agarre, lo que facilita el manejo de herramientas y la manipulaci\u00f3n de plantas.  Vienen en un pr\u00e1ctico paquete de 3, lo que asegura tener siempre un par de repuesto para las tareas en el jard\u00edn.\" \/>\n<meta property=\"og:url\" content=\"https:\/\/www.conillas.com\/en\/producto\/guantes-de-jardineria-de-algodon-paquete-de-3-talla-m\/\" \/>\n<meta property=\"og:site_name\" content=\"Conillas\" \/>\n<meta property=\"article:publisher\" content=\"https:\/\/www.facebook.com\/ConillasGardenCenter\" \/>\n<meta property=\"article:modified_time\" content=\"2025-11-07T16:11:13+00:00\" \/>\n<meta property=\"og:image\" content=\"https:\/\/www.conillas.com\/wp-content\/uploads\/2025\/02\/JB001P_20.png\" \/>\n\t<meta property=\"og:image:width\" content=\"1240\" \/>\n\t<meta property=\"og:image:height\" content=\"1240\" \/>\n\t<meta property=\"og:image:type\" content=\"image\/png\" \/>\n<meta name=\"twitter:card\" content=\"summary_large_image\" \/>\n<meta name=\"twitter:site\" content=\"@centerconillas\" \/>\n<meta name=\"twitter:label1\" content=\"Est. reading time\" \/>\n\t<meta name=\"twitter:data1\" content=\"1 minute\" \/>\n<script type=\"application\/ld+json\" class=\"yoast-schema-graph\">{\"@context\":\"https:\/\/schema.org\",\"@graph\":[{\"@type\":\"WebPage\",\"@id\":\"https:\/\/www.conillas.com\/en\/producto\/guantes-de-jardineria-de-algodon-paquete-de-3-talla-m\/\",\"url\":\"https:\/\/www.conillas.com\/en\/producto\/guantes-de-jardineria-de-algodon-paquete-de-3-talla-m\/\",\"name\":\"Guantes de Jardiner\u00eda de Algod\u00f3n, paquete de 3, talla M - Conillas\",\"isPartOf\":{\"@id\":\"https:\/\/www.conillas.com\/en\/#website\"},\"primaryImageOfPage\":{\"@id\":\"https:\/\/www.conillas.com\/en\/producto\/guantes-de-jardineria-de-algodon-paquete-de-3-talla-m\/#primaryimage\"},\"image\":{\"@id\":\"https:\/\/www.conillas.com\/en\/producto\/guantes-de-jardineria-de-algodon-paquete-de-3-talla-m\/#primaryimage\"},\"thumbnailUrl\":\"https:\/\/www.conillas.com\/wp-content\/uploads\/2025\/02\/JB001P_20.png\",\"datePublished\":\"2025-02-20T17:36:02+00:00\",\"dateModified\":\"2025-11-07T16:11:13+00:00\",\"breadcrumb\":{\"@id\":\"https:\/\/www.conillas.com\/en\/producto\/guantes-de-jardineria-de-algodon-paquete-de-3-talla-m\/#breadcrumb\"},\"inLanguage\":\"en-US\",\"potentialAction\":[{\"@type\":\"ReadAction\",\"target\":[\"https:\/\/www.conillas.com\/en\/producto\/guantes-de-jardineria-de-algodon-paquete-de-3-talla-m\/\"]}]},{\"@type\":\"ImageObject\",\"inLanguage\":\"en-US\",\"@id\":\"https:\/\/www.conillas.com\/en\/producto\/guantes-de-jardineria-de-algodon-paquete-de-3-talla-m\/#primaryimage\",\"url\":\"https:\/\/www.conillas.com\/wp-content\/uploads\/2025\/02\/JB001P_20.png\",\"contentUrl\":\"https:\/\/www.conillas.com\/wp-content\/uploads\/2025\/02\/JB001P_20.png\",\"width\":1240,\"height\":1240},{\"@type\":\"BreadcrumbList\",\"@id\":\"https:\/\/www.conillas.com\/en\/producto\/guantes-de-jardineria-de-algodon-paquete-de-3-talla-m\/#breadcrumb\",\"itemListElement\":[{\"@type\":\"ListItem\",\"position\":1,\"name\":\"Portada\",\"item\":\"https:\/\/www.conillas.com\/en\/\"},{\"@type\":\"ListItem\",\"position\":2,\"name\":\"Tienda\",\"item\":\"https:\/\/www.conillas.com\/tienda\/\"},{\"@type\":\"ListItem\",\"position\":3,\"name\":\"Guantes de Jardiner\u00eda de Algod\u00f3n, paquete de 3, talla M\"}]},{\"@type\":\"WebSite\",\"@id\":\"https:\/\/www.conillas.com\/en\/#website\",\"url\":\"https:\/\/www.conillas.com\/en\/\",\"name\":\"Conillas\",\"description\":\"Servicios de Paisajismo y Jardiner\u00eda\",\"potentialAction\":[{\"@type\":\"SearchAction\",\"target\":{\"@type\":\"EntryPoint\",\"urlTemplate\":\"https:\/\/www.conillas.com\/en\/?s={search_term_string}\"},\"query-input\":{\"@type\":\"PropertyValueSpecification\",\"valueRequired\":true,\"valueName\":\"search_term_string\"}}],\"inLanguage\":\"en-US\"}]}<\/script>\n<!-- \/ Yoast SEO plugin. -->","yoast_head_json":{"title":"Guantes de Jardiner\u00eda de Algod\u00f3n, paquete de 3, talla M - Conillas","robots":{"index":"index","follow":"follow","max-snippet":"max-snippet:-1","max-image-preview":"max-image-preview:large","max-video-preview":"max-video-preview:-1"},"canonical":"https:\/\/www.conillas.com\/en\/producto\/guantes-de-jardineria-de-algodon-paquete-de-3-talla-m\/","og_locale":"en_US","og_type":"article","og_title":"Guantes de Jardiner\u00eda de Algod\u00f3n, paquete de 3, talla M - Conillas","og_description":"Estos guantes son ideales para proteger las manos durante las tareas de jardiner\u00eda. Est\u00e1n fabricados en algod\u00f3n de alta calidad, lo que los hace c\u00f3modos y transpirables.  Los puntos de PVC en las palmas proporcionan un excelente agarre, lo que facilita el manejo de herramientas y la manipulaci\u00f3n de plantas.  Vienen en un pr\u00e1ctico paquete de 3, lo que asegura tener siempre un par de repuesto para las tareas en el jard\u00edn.","og_url":"https:\/\/www.conillas.com\/en\/producto\/guantes-de-jardineria-de-algodon-paquete-de-3-talla-m\/","og_site_name":"Conillas","article_publisher":"https:\/\/www.facebook.com\/ConillasGardenCenter","article_modified_time":"2025-11-07T16:11:13+00:00","og_image":[{"width":1240,"height":1240,"url":"https:\/\/www.conillas.com\/wp-content\/uploads\/2025\/02\/JB001P_20.png","type":"image\/png"}],"twitter_card":"summary_large_image","twitter_site":"@centerconillas","twitter_misc":{"Est. reading time":"1 minute"},"schema":{"@context":"https:\/\/schema.org","@graph":[{"@type":"WebPage","@id":"https:\/\/www.conillas.com\/en\/producto\/guantes-de-jardineria-de-algodon-paquete-de-3-talla-m\/","url":"https:\/\/www.conillas.com\/en\/producto\/guantes-de-jardineria-de-algodon-paquete-de-3-talla-m\/","name":"Guantes de Jardiner\u00eda de Algod\u00f3n, paquete de 3, talla M - Conillas","isPartOf":{"@id":"https:\/\/www.conillas.com\/en\/#website"},"primaryImageOfPage":{"@id":"https:\/\/www.conillas.com\/en\/producto\/guantes-de-jardineria-de-algodon-paquete-de-3-talla-m\/#primaryimage"},"image":{"@id":"https:\/\/www.conillas.com\/en\/producto\/guantes-de-jardineria-de-algodon-paquete-de-3-talla-m\/#primaryimage"},"thumbnailUrl":"https:\/\/www.conillas.com\/wp-content\/uploads\/2025\/02\/JB001P_20.png","datePublished":"2025-02-20T17:36:02+00:00","dateModified":"2025-11-07T16:11:13+00:00","breadcrumb":{"@id":"https:\/\/www.conillas.com\/en\/producto\/guantes-de-jardineria-de-algodon-paquete-de-3-talla-m\/#breadcrumb"},"inLanguage":"en-US","potentialAction":[{"@type":"ReadAction","target":["https:\/\/www.conillas.com\/en\/producto\/guantes-de-jardineria-de-algodon-paquete-de-3-talla-m\/"]}]},{"@type":"ImageObject","inLanguage":"en-US","@id":"https:\/\/www.conillas.com\/en\/producto\/guantes-de-jardineria-de-algodon-paquete-de-3-talla-m\/#primaryimage","url":"https:\/\/www.conillas.com\/wp-content\/uploads\/2025\/02\/JB001P_20.png","contentUrl":"https:\/\/www.conillas.com\/wp-content\/uploads\/2025\/02\/JB001P_20.png","width":1240,"height":1240},{"@type":"BreadcrumbList","@id":"https:\/\/www.conillas.com\/en\/producto\/guantes-de-jardineria-de-algodon-paquete-de-3-talla-m\/#breadcrumb","itemListElement":[{"@type":"ListItem","position":1,"name":"Portada","item":"https:\/\/www.conillas.com\/en\/"},{"@type":"ListItem","position":2,"name":"Tienda","item":"https:\/\/www.conillas.com\/tienda\/"},{"@type":"ListItem","position":3,"name":"Guantes de Jardiner\u00eda de Algod\u00f3n, paquete de 3, talla M"}]},{"@type":"WebSite","@id":"https:\/\/www.conillas.com\/en\/#website","url":"https:\/\/www.conillas.com\/en\/","name":"Conillas","description":"Servicios de Paisajismo y Jardiner\u00eda","potentialAction":[{"@type":"SearchAction","target":{"@type":"EntryPoint","urlTemplate":"https:\/\/www.conillas.com\/en\/?s={search_term_string}"},"query-input":{"@type":"PropertyValueSpecification","valueRequired":true,"valueName":"search_term_string"}}],"inLanguage":"en-US"}]}},"_links":{"self":[{"href":"https:\/\/www.conillas.com\/en\/wp-json\/wp\/v2\/product\/9374","targetHints":{"allow":["GET"]}}],"collection":[{"href":"https:\/\/www.conillas.com\/en\/wp-json\/wp\/v2\/product"}],"about":[{"href":"https:\/\/www.conillas.com\/en\/wp-json\/wp\/v2\/types\/product"}],"wp:featuredmedia":[{"embeddable":true,"href":"https:\/\/www.conillas.com\/en\/wp-json\/wp\/v2\/media\/9357"}],"wp:attachment":[{"href":"https:\/\/www.conillas.com\/en\/wp-json\/wp\/v2\/media?parent=9374"}],"wp:term":[{"taxonomy":"product_brand","embeddable":true,"href":"https:\/\/www.conillas.com\/en\/wp-json\/wp\/v2\/product_brand?post=9374"},{"taxonomy":"product_cat","embeddable":true,"href":"https:\/\/www.conillas.com\/en\/wp-json\/wp\/v2\/product_cat?post=9374"},{"taxonomy":"product_tag","embeddable":true,"href":"https:\/\/www.conillas.com\/en\/wp-json\/wp\/v2\/product_tag?post=9374"}],"curies":[{"name":"wp","href":"https:\/\/api.w.org\/{rel}","templated":true}]}}