{"id":9364,"date":"2025-02-20T18:03:46","date_gmt":"2025-02-20T17:03:46","guid":{"rendered":"https:\/\/www.conillas.com\/?post_type=product&#038;p=9364"},"modified":"2025-11-26T09:40:51","modified_gmt":"2025-11-26T08:40:51","slug":"pala-de-acero-inoxidable","status":"publish","type":"product","link":"https:\/\/www.conillas.com\/en\/producto\/pala-de-acero-inoxidable\/","title":{"rendered":"Pala Vintage Especial de Plantaci\u00f3n de Acero Inoxidable"},"content":{"rendered":"<p><b class=\"list__label\">Dimensiones del producto en cm: <\/b><span class=\"list__value\">Anchura 9,9cm x Profundidad 4,1cm x Altura 46,2cm<br \/>\n<\/span><b class=\"list__label\">Material: <\/b><span class=\"list__value\">Acero inoxidable, Fresno, Cuero de vaca.<\/span><\/p>\n<p>Este producto\u00a0<strong>no<\/strong>\u00a0admite cambios ni devoluciones.<br \/>\nEl precio\u00a0<strong>no<\/strong>\u00a0incluye los gastos de env\u00edo.<\/p>\n<ul>\n<li>Gastos de env\u00edo:\u00a0<strong>18,40<em>\u20ac<\/em><\/strong><\/li>\n<li>Los env\u00edos se har\u00e1n de\u00a0<strong>lunes a viernes<\/strong>\u00a0seg\u00fan los siguientes horarios:\n<ul>\n<li>Ma\u00f1ana (9:00 &#8211; 15:00)<\/li>\n<li>Tarde (15:00 &#8211; 19:30)<\/li>\n<\/ul>\n<\/li>\n<li><em><strong>Para los pedidos online, el plazo de entrega ser\u00e1 de 48h. Los pedidos hechos en s\u00e1bado o domingo se tramitar\u00e1n a partir del siguiente Lunes.<\/strong><\/em><\/li>\n<\/ul>\n","protected":false},"excerpt":{"rendered":"<p>Esta pala tradicional de acero inoxidable es el regalo perfecto para cualquier persona apasionada por la jardiner\u00eda.<\/p>\n<p>Su dise\u00f1o robusto y duradero la convierte en una herramienta ideal para realizar trabajos pesados.<\/p>\n<p>El mango largo permite cavar c\u00f3modamente sin necesidad de agacharse, facilitando el trabajo en el jard\u00edn.<\/p>\n<p>Adem\u00e1s, incluye un lazo de cuero para colgarla y tenerla siempre a mano.<\/p>\n<p>Presentada en una caja de regalo abierta con cerradura europea, es un detalle excepcional para quienes disfrutan del arte de la jardiner\u00eda.<\/p>\n","protected":false},"featured_media":9301,"template":"","meta":{"_et_pb_use_builder":"","_et_pb_old_content":"","_et_gb_content_width":""},"product_brand":[],"product_cat":[703,832,833,719],"product_tag":[],"class_list":{"0":"post-9364","1":"product","2":"type-product","3":"status-publish","4":"has-post-thumbnail","6":"product_cat-herramientas","7":"product_cat-hogar-y-jardin","8":"product_cat-jardin","9":"product_cat-regalo","10":"product_shipping_class-envio-a-domicilio","12":"first","13":"outofstock","14":"taxable","15":"shipping-taxable","16":"purchasable","17":"product-type-simple"},"yoast_head":"<!-- This site is optimized with the Yoast SEO plugin v27.2 - https:\/\/yoast.com\/product\/yoast-seo-wordpress\/ -->\n<title>Pala Vintage Especial de Plantaci\u00f3n de Acero Inoxidable - Conillas<\/title>\n<meta name=\"robots\" content=\"index, follow, max-snippet:-1, max-image-preview:large, max-video-preview:-1\" \/>\n<link rel=\"canonical\" href=\"https:\/\/www.conillas.com\/en\/producto\/pala-de-acero-inoxidable\/\" \/>\n<meta property=\"og:locale\" content=\"en_US\" \/>\n<meta property=\"og:type\" content=\"article\" \/>\n<meta property=\"og:title\" content=\"Pala Vintage Especial de Plantaci\u00f3n de Acero Inoxidable - Conillas\" \/>\n<meta property=\"og:description\" content=\"Esta pala tradicional de acero inoxidable es el regalo perfecto para cualquier persona apasionada por la jardiner\u00eda.  Su dise\u00f1o robusto y duradero la convierte en una herramienta ideal para realizar trabajos pesados.  El mango largo permite cavar c\u00f3modamente sin necesidad de agacharse, facilitando el trabajo en el jard\u00edn.  Adem\u00e1s, incluye un lazo de cuero para colgarla y tenerla siempre a mano.  Presentada en una caja de regalo abierta con cerradura europea, es un detalle excepcional para quienes disfrutan del arte de la jardiner\u00eda.\" \/>\n<meta property=\"og:url\" content=\"https:\/\/www.conillas.com\/en\/producto\/pala-de-acero-inoxidable\/\" \/>\n<meta property=\"og:site_name\" content=\"Conillas\" \/>\n<meta property=\"article:publisher\" content=\"https:\/\/www.facebook.com\/ConillasGardenCenter\" \/>\n<meta property=\"article:modified_time\" content=\"2025-11-26T08:40:51+00:00\" \/>\n<meta property=\"og:image\" content=\"https:\/\/www.conillas.com\/wp-content\/uploads\/2025\/02\/GT14_01.png\" \/>\n\t<meta property=\"og:image:width\" content=\"1240\" \/>\n\t<meta property=\"og:image:height\" content=\"1240\" \/>\n\t<meta property=\"og:image:type\" content=\"image\/png\" \/>\n<meta name=\"twitter:card\" content=\"summary_large_image\" \/>\n<meta name=\"twitter:site\" content=\"@centerconillas\" \/>\n<meta name=\"twitter:label1\" content=\"Est. reading time\" \/>\n\t<meta name=\"twitter:data1\" content=\"1 minute\" \/>\n<script type=\"application\/ld+json\" class=\"yoast-schema-graph\">{\"@context\":\"https:\/\/schema.org\",\"@graph\":[{\"@type\":\"WebPage\",\"@id\":\"https:\/\/www.conillas.com\/en\/producto\/pala-de-acero-inoxidable\/\",\"url\":\"https:\/\/www.conillas.com\/en\/producto\/pala-de-acero-inoxidable\/\",\"name\":\"Pala Vintage Especial de Plantaci\u00f3n de Acero Inoxidable - Conillas\",\"isPartOf\":{\"@id\":\"https:\/\/www.conillas.com\/en\/#website\"},\"primaryImageOfPage\":{\"@id\":\"https:\/\/www.conillas.com\/en\/producto\/pala-de-acero-inoxidable\/#primaryimage\"},\"image\":{\"@id\":\"https:\/\/www.conillas.com\/en\/producto\/pala-de-acero-inoxidable\/#primaryimage\"},\"thumbnailUrl\":\"https:\/\/www.conillas.com\/wp-content\/uploads\/2025\/02\/GT14_01.png\",\"datePublished\":\"2025-02-20T17:03:46+00:00\",\"dateModified\":\"2025-11-26T08:40:51+00:00\",\"breadcrumb\":{\"@id\":\"https:\/\/www.conillas.com\/en\/producto\/pala-de-acero-inoxidable\/#breadcrumb\"},\"inLanguage\":\"en-US\",\"potentialAction\":[{\"@type\":\"ReadAction\",\"target\":[\"https:\/\/www.conillas.com\/en\/producto\/pala-de-acero-inoxidable\/\"]}]},{\"@type\":\"ImageObject\",\"inLanguage\":\"en-US\",\"@id\":\"https:\/\/www.conillas.com\/en\/producto\/pala-de-acero-inoxidable\/#primaryimage\",\"url\":\"https:\/\/www.conillas.com\/wp-content\/uploads\/2025\/02\/GT14_01.png\",\"contentUrl\":\"https:\/\/www.conillas.com\/wp-content\/uploads\/2025\/02\/GT14_01.png\",\"width\":1240,\"height\":1240},{\"@type\":\"BreadcrumbList\",\"@id\":\"https:\/\/www.conillas.com\/en\/producto\/pala-de-acero-inoxidable\/#breadcrumb\",\"itemListElement\":[{\"@type\":\"ListItem\",\"position\":1,\"name\":\"Portada\",\"item\":\"https:\/\/www.conillas.com\/en\/\"},{\"@type\":\"ListItem\",\"position\":2,\"name\":\"Tienda\",\"item\":\"https:\/\/www.conillas.com\/tienda\/\"},{\"@type\":\"ListItem\",\"position\":3,\"name\":\"Pala Vintage Especial de Plantaci\u00f3n de Acero Inoxidable\"}]},{\"@type\":\"WebSite\",\"@id\":\"https:\/\/www.conillas.com\/en\/#website\",\"url\":\"https:\/\/www.conillas.com\/en\/\",\"name\":\"Conillas\",\"description\":\"Servicios de Paisajismo y Jardiner\u00eda\",\"potentialAction\":[{\"@type\":\"SearchAction\",\"target\":{\"@type\":\"EntryPoint\",\"urlTemplate\":\"https:\/\/www.conillas.com\/en\/?s={search_term_string}\"},\"query-input\":{\"@type\":\"PropertyValueSpecification\",\"valueRequired\":true,\"valueName\":\"search_term_string\"}}],\"inLanguage\":\"en-US\"}]}<\/script>\n<!-- \/ Yoast SEO plugin. -->","yoast_head_json":{"title":"Pala Vintage Especial de Plantaci\u00f3n de Acero Inoxidable - Conillas","robots":{"index":"index","follow":"follow","max-snippet":"max-snippet:-1","max-image-preview":"max-image-preview:large","max-video-preview":"max-video-preview:-1"},"canonical":"https:\/\/www.conillas.com\/en\/producto\/pala-de-acero-inoxidable\/","og_locale":"en_US","og_type":"article","og_title":"Pala Vintage Especial de Plantaci\u00f3n de Acero Inoxidable - Conillas","og_description":"Esta pala tradicional de acero inoxidable es el regalo perfecto para cualquier persona apasionada por la jardiner\u00eda.  Su dise\u00f1o robusto y duradero la convierte en una herramienta ideal para realizar trabajos pesados.  El mango largo permite cavar c\u00f3modamente sin necesidad de agacharse, facilitando el trabajo en el jard\u00edn.  Adem\u00e1s, incluye un lazo de cuero para colgarla y tenerla siempre a mano.  Presentada en una caja de regalo abierta con cerradura europea, es un detalle excepcional para quienes disfrutan del arte de la jardiner\u00eda.","og_url":"https:\/\/www.conillas.com\/en\/producto\/pala-de-acero-inoxidable\/","og_site_name":"Conillas","article_publisher":"https:\/\/www.facebook.com\/ConillasGardenCenter","article_modified_time":"2025-11-26T08:40:51+00:00","og_image":[{"width":1240,"height":1240,"url":"https:\/\/www.conillas.com\/wp-content\/uploads\/2025\/02\/GT14_01.png","type":"image\/png"}],"twitter_card":"summary_large_image","twitter_site":"@centerconillas","twitter_misc":{"Est. reading time":"1 minute"},"schema":{"@context":"https:\/\/schema.org","@graph":[{"@type":"WebPage","@id":"https:\/\/www.conillas.com\/en\/producto\/pala-de-acero-inoxidable\/","url":"https:\/\/www.conillas.com\/en\/producto\/pala-de-acero-inoxidable\/","name":"Pala Vintage Especial de Plantaci\u00f3n de Acero Inoxidable - Conillas","isPartOf":{"@id":"https:\/\/www.conillas.com\/en\/#website"},"primaryImageOfPage":{"@id":"https:\/\/www.conillas.com\/en\/producto\/pala-de-acero-inoxidable\/#primaryimage"},"image":{"@id":"https:\/\/www.conillas.com\/en\/producto\/pala-de-acero-inoxidable\/#primaryimage"},"thumbnailUrl":"https:\/\/www.conillas.com\/wp-content\/uploads\/2025\/02\/GT14_01.png","datePublished":"2025-02-20T17:03:46+00:00","dateModified":"2025-11-26T08:40:51+00:00","breadcrumb":{"@id":"https:\/\/www.conillas.com\/en\/producto\/pala-de-acero-inoxidable\/#breadcrumb"},"inLanguage":"en-US","potentialAction":[{"@type":"ReadAction","target":["https:\/\/www.conillas.com\/en\/producto\/pala-de-acero-inoxidable\/"]}]},{"@type":"ImageObject","inLanguage":"en-US","@id":"https:\/\/www.conillas.com\/en\/producto\/pala-de-acero-inoxidable\/#primaryimage","url":"https:\/\/www.conillas.com\/wp-content\/uploads\/2025\/02\/GT14_01.png","contentUrl":"https:\/\/www.conillas.com\/wp-content\/uploads\/2025\/02\/GT14_01.png","width":1240,"height":1240},{"@type":"BreadcrumbList","@id":"https:\/\/www.conillas.com\/en\/producto\/pala-de-acero-inoxidable\/#breadcrumb","itemListElement":[{"@type":"ListItem","position":1,"name":"Portada","item":"https:\/\/www.conillas.com\/en\/"},{"@type":"ListItem","position":2,"name":"Tienda","item":"https:\/\/www.conillas.com\/tienda\/"},{"@type":"ListItem","position":3,"name":"Pala Vintage Especial de Plantaci\u00f3n de Acero Inoxidable"}]},{"@type":"WebSite","@id":"https:\/\/www.conillas.com\/en\/#website","url":"https:\/\/www.conillas.com\/en\/","name":"Conillas","description":"Servicios de Paisajismo y Jardiner\u00eda","potentialAction":[{"@type":"SearchAction","target":{"@type":"EntryPoint","urlTemplate":"https:\/\/www.conillas.com\/en\/?s={search_term_string}"},"query-input":{"@type":"PropertyValueSpecification","valueRequired":true,"valueName":"search_term_string"}}],"inLanguage":"en-US"}]}},"_links":{"self":[{"href":"https:\/\/www.conillas.com\/en\/wp-json\/wp\/v2\/product\/9364","targetHints":{"allow":["GET"]}}],"collection":[{"href":"https:\/\/www.conillas.com\/en\/wp-json\/wp\/v2\/product"}],"about":[{"href":"https:\/\/www.conillas.com\/en\/wp-json\/wp\/v2\/types\/product"}],"wp:featuredmedia":[{"embeddable":true,"href":"https:\/\/www.conillas.com\/en\/wp-json\/wp\/v2\/media\/9301"}],"wp:attachment":[{"href":"https:\/\/www.conillas.com\/en\/wp-json\/wp\/v2\/media?parent=9364"}],"wp:term":[{"taxonomy":"product_brand","embeddable":true,"href":"https:\/\/www.conillas.com\/en\/wp-json\/wp\/v2\/product_brand?post=9364"},{"taxonomy":"product_cat","embeddable":true,"href":"https:\/\/www.conillas.com\/en\/wp-json\/wp\/v2\/product_cat?post=9364"},{"taxonomy":"product_tag","embeddable":true,"href":"https:\/\/www.conillas.com\/en\/wp-json\/wp\/v2\/product_tag?post=9364"}],"curies":[{"name":"wp","href":"https:\/\/api.w.org\/{rel}","templated":true}]}}