{"id":9185,"date":"2025-02-18T18:07:38","date_gmt":"2025-02-18T17:07:38","guid":{"rendered":"https:\/\/www.conillas.com\/?post_type=product&#038;p=9185"},"modified":"2025-11-10T09:37:31","modified_gmt":"2025-11-10T08:37:31","slug":"regadera-redonda-acero-inoxidable","status":"publish","type":"product","link":"https:\/\/www.conillas.com\/en\/producto\/regadera-redonda-acero-inoxidable\/","title":{"rendered":"Regadera Redonda 1.2563L &#8211; Acero Inoxidable"},"content":{"rendered":"<p><b class=\"list__label\">Dimensiones del producto en cm: <\/b><span class=\"list__value\">Largo 30,8cm x Profundidad 13,9cm x Alto 13,5cm<br \/>\n<\/span><b class=\"list__label\">Volumen en litros: <\/b><span class=\"list__value\">1.2563L<br \/>\n<\/span><b class=\"list__label\">Material: <\/b><span class=\"list__value\">Acero inoxidable<\/span><\/p>\n<p>Este producto\u00a0<strong>no<\/strong>\u00a0admite cambios ni devoluciones.<br \/>\nEl precio\u00a0<strong>no<\/strong>\u00a0incluye los gastos de env\u00edo.<\/p>\n<ul>\n<li>Gastos de env\u00edo:\u00a0<strong>18,40<em>\u20ac<\/em><\/strong><\/li>\n<li>Los env\u00edos se har\u00e1n de\u00a0<strong>lunes a viernes<\/strong>\u00a0seg\u00fan los siguientes horarios:\n<ul>\n<li>Ma\u00f1ana (9:00 &#8211; 15:00)<\/li>\n<li>Tarde (15:00 &#8211; 19:30)<\/li>\n<\/ul>\n<\/li>\n<li><em><strong>Para los pedidos online, el plazo de entrega ser\u00e1 de 48h. Los pedidos hechos en s\u00e1bado o domingo se tramitar\u00e1n a partir del siguiente Lunes.<\/strong><\/em><\/li>\n<\/ul>\n","protected":false},"excerpt":{"rendered":"<p>Esta regadera redonda, con su pico largo y delgado, permite regar las plantas con gran precisi\u00f3n.<\/p>\n<p>Dispone de una gran abertura para llenarla f\u00e1cilmente y cuenta con un mango ergon\u00f3mico para asegurar comodidad durante su uso.<\/p>\n<p>Fabricada en acero inoxidable, es ideal para su uso tanto en interiores como en exteriores, convirti\u00e9ndola en una herramienta funcional y pr\u00e1ctica para tu jard\u00edn o espacio interior.<\/p>\n","protected":false},"featured_media":9186,"template":"","meta":{"_et_pb_use_builder":"","_et_pb_old_content":"","_et_gb_content_width":""},"product_brand":[],"product_cat":[717,832,833,687,719],"product_tag":[],"class_list":{"0":"post-9185","1":"product","2":"type-product","3":"status-publish","4":"has-post-thumbnail","6":"product_cat-casa-y-cocina","7":"product_cat-hogar-y-jardin","8":"product_cat-jardin","9":"product_cat-regadoras","10":"product_cat-regalo","11":"product_shipping_class-envio-a-domicilio","13":"first","14":"instock","15":"taxable","16":"shipping-taxable","17":"purchasable","18":"product-type-simple"},"yoast_head":"<!-- This site is optimized with the Yoast SEO plugin v27.2 - https:\/\/yoast.com\/product\/yoast-seo-wordpress\/ -->\n<title>Regadera Redonda 1.2563L - Acero Inoxidable - Conillas<\/title>\n<meta name=\"robots\" content=\"index, follow, max-snippet:-1, max-image-preview:large, max-video-preview:-1\" \/>\n<link rel=\"canonical\" href=\"https:\/\/www.conillas.com\/en\/producto\/regadera-redonda-acero-inoxidable\/\" \/>\n<meta property=\"og:locale\" content=\"en_US\" \/>\n<meta property=\"og:type\" content=\"article\" \/>\n<meta property=\"og:title\" content=\"Regadera Redonda 1.2563L - Acero Inoxidable - Conillas\" \/>\n<meta property=\"og:description\" content=\"Esta regadera redonda, con su pico largo y delgado, permite regar las plantas con gran precisi\u00f3n.  Dispone de una gran abertura para llenarla f\u00e1cilmente y cuenta con un mango ergon\u00f3mico para asegurar comodidad durante su uso.  Fabricada en acero inoxidable, es ideal para su uso tanto en interiores como en exteriores, convirti\u00e9ndola en una herramienta funcional y pr\u00e1ctica para tu jard\u00edn o espacio interior.\" \/>\n<meta property=\"og:url\" content=\"https:\/\/www.conillas.com\/en\/producto\/regadera-redonda-acero-inoxidable\/\" \/>\n<meta property=\"og:site_name\" content=\"Conillas\" \/>\n<meta property=\"article:publisher\" content=\"https:\/\/www.facebook.com\/ConillasGardenCenter\" \/>\n<meta property=\"article:modified_time\" content=\"2025-11-10T08:37:31+00:00\" \/>\n<meta property=\"og:image\" content=\"https:\/\/www.conillas.com\/wp-content\/uploads\/2025\/02\/21333000078-Regadora-Rodona-1.png\" \/>\n\t<meta property=\"og:image:width\" content=\"1240\" \/>\n\t<meta property=\"og:image:height\" content=\"1240\" \/>\n\t<meta property=\"og:image:type\" content=\"image\/png\" \/>\n<meta name=\"twitter:card\" content=\"summary_large_image\" \/>\n<meta name=\"twitter:site\" content=\"@centerconillas\" \/>\n<meta name=\"twitter:label1\" content=\"Est. reading time\" \/>\n\t<meta name=\"twitter:data1\" content=\"1 minute\" \/>\n<script type=\"application\/ld+json\" class=\"yoast-schema-graph\">{\"@context\":\"https:\/\/schema.org\",\"@graph\":[{\"@type\":\"WebPage\",\"@id\":\"https:\/\/www.conillas.com\/en\/producto\/regadera-redonda-acero-inoxidable\/\",\"url\":\"https:\/\/www.conillas.com\/en\/producto\/regadera-redonda-acero-inoxidable\/\",\"name\":\"Regadera Redonda 1.2563L - Acero Inoxidable - Conillas\",\"isPartOf\":{\"@id\":\"https:\/\/www.conillas.com\/en\/#website\"},\"primaryImageOfPage\":{\"@id\":\"https:\/\/www.conillas.com\/en\/producto\/regadera-redonda-acero-inoxidable\/#primaryimage\"},\"image\":{\"@id\":\"https:\/\/www.conillas.com\/en\/producto\/regadera-redonda-acero-inoxidable\/#primaryimage\"},\"thumbnailUrl\":\"https:\/\/www.conillas.com\/wp-content\/uploads\/2025\/02\/21333000078-Regadora-Rodona-1.png\",\"datePublished\":\"2025-02-18T17:07:38+00:00\",\"dateModified\":\"2025-11-10T08:37:31+00:00\",\"breadcrumb\":{\"@id\":\"https:\/\/www.conillas.com\/en\/producto\/regadera-redonda-acero-inoxidable\/#breadcrumb\"},\"inLanguage\":\"en-US\",\"potentialAction\":[{\"@type\":\"ReadAction\",\"target\":[\"https:\/\/www.conillas.com\/en\/producto\/regadera-redonda-acero-inoxidable\/\"]}]},{\"@type\":\"ImageObject\",\"inLanguage\":\"en-US\",\"@id\":\"https:\/\/www.conillas.com\/en\/producto\/regadera-redonda-acero-inoxidable\/#primaryimage\",\"url\":\"https:\/\/www.conillas.com\/wp-content\/uploads\/2025\/02\/21333000078-Regadora-Rodona-1.png\",\"contentUrl\":\"https:\/\/www.conillas.com\/wp-content\/uploads\/2025\/02\/21333000078-Regadora-Rodona-1.png\",\"width\":1240,\"height\":1240},{\"@type\":\"BreadcrumbList\",\"@id\":\"https:\/\/www.conillas.com\/en\/producto\/regadera-redonda-acero-inoxidable\/#breadcrumb\",\"itemListElement\":[{\"@type\":\"ListItem\",\"position\":1,\"name\":\"Portada\",\"item\":\"https:\/\/www.conillas.com\/en\/\"},{\"@type\":\"ListItem\",\"position\":2,\"name\":\"Tienda\",\"item\":\"https:\/\/www.conillas.com\/tienda\/\"},{\"@type\":\"ListItem\",\"position\":3,\"name\":\"Regadera Redonda 1.2563L &#8211; Acero Inoxidable\"}]},{\"@type\":\"WebSite\",\"@id\":\"https:\/\/www.conillas.com\/en\/#website\",\"url\":\"https:\/\/www.conillas.com\/en\/\",\"name\":\"Conillas\",\"description\":\"Servicios de Paisajismo y Jardiner\u00eda\",\"potentialAction\":[{\"@type\":\"SearchAction\",\"target\":{\"@type\":\"EntryPoint\",\"urlTemplate\":\"https:\/\/www.conillas.com\/en\/?s={search_term_string}\"},\"query-input\":{\"@type\":\"PropertyValueSpecification\",\"valueRequired\":true,\"valueName\":\"search_term_string\"}}],\"inLanguage\":\"en-US\"}]}<\/script>\n<!-- \/ Yoast SEO plugin. -->","yoast_head_json":{"title":"Regadera Redonda 1.2563L - Acero Inoxidable - Conillas","robots":{"index":"index","follow":"follow","max-snippet":"max-snippet:-1","max-image-preview":"max-image-preview:large","max-video-preview":"max-video-preview:-1"},"canonical":"https:\/\/www.conillas.com\/en\/producto\/regadera-redonda-acero-inoxidable\/","og_locale":"en_US","og_type":"article","og_title":"Regadera Redonda 1.2563L - Acero Inoxidable - Conillas","og_description":"Esta regadera redonda, con su pico largo y delgado, permite regar las plantas con gran precisi\u00f3n.  Dispone de una gran abertura para llenarla f\u00e1cilmente y cuenta con un mango ergon\u00f3mico para asegurar comodidad durante su uso.  Fabricada en acero inoxidable, es ideal para su uso tanto en interiores como en exteriores, convirti\u00e9ndola en una herramienta funcional y pr\u00e1ctica para tu jard\u00edn o espacio interior.","og_url":"https:\/\/www.conillas.com\/en\/producto\/regadera-redonda-acero-inoxidable\/","og_site_name":"Conillas","article_publisher":"https:\/\/www.facebook.com\/ConillasGardenCenter","article_modified_time":"2025-11-10T08:37:31+00:00","og_image":[{"width":1240,"height":1240,"url":"https:\/\/www.conillas.com\/wp-content\/uploads\/2025\/02\/21333000078-Regadora-Rodona-1.png","type":"image\/png"}],"twitter_card":"summary_large_image","twitter_site":"@centerconillas","twitter_misc":{"Est. reading time":"1 minute"},"schema":{"@context":"https:\/\/schema.org","@graph":[{"@type":"WebPage","@id":"https:\/\/www.conillas.com\/en\/producto\/regadera-redonda-acero-inoxidable\/","url":"https:\/\/www.conillas.com\/en\/producto\/regadera-redonda-acero-inoxidable\/","name":"Regadera Redonda 1.2563L - Acero Inoxidable - Conillas","isPartOf":{"@id":"https:\/\/www.conillas.com\/en\/#website"},"primaryImageOfPage":{"@id":"https:\/\/www.conillas.com\/en\/producto\/regadera-redonda-acero-inoxidable\/#primaryimage"},"image":{"@id":"https:\/\/www.conillas.com\/en\/producto\/regadera-redonda-acero-inoxidable\/#primaryimage"},"thumbnailUrl":"https:\/\/www.conillas.com\/wp-content\/uploads\/2025\/02\/21333000078-Regadora-Rodona-1.png","datePublished":"2025-02-18T17:07:38+00:00","dateModified":"2025-11-10T08:37:31+00:00","breadcrumb":{"@id":"https:\/\/www.conillas.com\/en\/producto\/regadera-redonda-acero-inoxidable\/#breadcrumb"},"inLanguage":"en-US","potentialAction":[{"@type":"ReadAction","target":["https:\/\/www.conillas.com\/en\/producto\/regadera-redonda-acero-inoxidable\/"]}]},{"@type":"ImageObject","inLanguage":"en-US","@id":"https:\/\/www.conillas.com\/en\/producto\/regadera-redonda-acero-inoxidable\/#primaryimage","url":"https:\/\/www.conillas.com\/wp-content\/uploads\/2025\/02\/21333000078-Regadora-Rodona-1.png","contentUrl":"https:\/\/www.conillas.com\/wp-content\/uploads\/2025\/02\/21333000078-Regadora-Rodona-1.png","width":1240,"height":1240},{"@type":"BreadcrumbList","@id":"https:\/\/www.conillas.com\/en\/producto\/regadera-redonda-acero-inoxidable\/#breadcrumb","itemListElement":[{"@type":"ListItem","position":1,"name":"Portada","item":"https:\/\/www.conillas.com\/en\/"},{"@type":"ListItem","position":2,"name":"Tienda","item":"https:\/\/www.conillas.com\/tienda\/"},{"@type":"ListItem","position":3,"name":"Regadera Redonda 1.2563L &#8211; Acero Inoxidable"}]},{"@type":"WebSite","@id":"https:\/\/www.conillas.com\/en\/#website","url":"https:\/\/www.conillas.com\/en\/","name":"Conillas","description":"Servicios de Paisajismo y Jardiner\u00eda","potentialAction":[{"@type":"SearchAction","target":{"@type":"EntryPoint","urlTemplate":"https:\/\/www.conillas.com\/en\/?s={search_term_string}"},"query-input":{"@type":"PropertyValueSpecification","valueRequired":true,"valueName":"search_term_string"}}],"inLanguage":"en-US"}]}},"_links":{"self":[{"href":"https:\/\/www.conillas.com\/en\/wp-json\/wp\/v2\/product\/9185","targetHints":{"allow":["GET"]}}],"collection":[{"href":"https:\/\/www.conillas.com\/en\/wp-json\/wp\/v2\/product"}],"about":[{"href":"https:\/\/www.conillas.com\/en\/wp-json\/wp\/v2\/types\/product"}],"wp:featuredmedia":[{"embeddable":true,"href":"https:\/\/www.conillas.com\/en\/wp-json\/wp\/v2\/media\/9186"}],"wp:attachment":[{"href":"https:\/\/www.conillas.com\/en\/wp-json\/wp\/v2\/media?parent=9185"}],"wp:term":[{"taxonomy":"product_brand","embeddable":true,"href":"https:\/\/www.conillas.com\/en\/wp-json\/wp\/v2\/product_brand?post=9185"},{"taxonomy":"product_cat","embeddable":true,"href":"https:\/\/www.conillas.com\/en\/wp-json\/wp\/v2\/product_cat?post=9185"},{"taxonomy":"product_tag","embeddable":true,"href":"https:\/\/www.conillas.com\/en\/wp-json\/wp\/v2\/product_tag?post=9185"}],"curies":[{"name":"wp","href":"https:\/\/api.w.org\/{rel}","templated":true}]}}