{"id":8680,"date":"2025-02-11T17:56:55","date_gmt":"2025-02-11T16:56:55","guid":{"rendered":"https:\/\/www.conillas.com\/?post_type=product&#038;p=8680"},"modified":"2025-11-06T09:58:50","modified_gmt":"2025-11-06T08:58:50","slug":"taza-skye","status":"publish","type":"product","link":"https:\/\/www.conillas.com\/en\/producto\/taza-skye\/","title":{"rendered":"Taza Skye 0.45L &#8211; Bone China"},"content":{"rendered":"<p>La <strong>Taza Skye<\/strong>, de gran tama\u00f1o, con una forma moderna, un dise\u00f1o llamativo y un asa muy c\u00f3moda. Con una variedad de patrones atractivos, nos comprometemos a garantizar que &#8220;Skye&#8221; siga siendo moderna y \u00fanica dentro de la colecci\u00f3n Dunoon. Fabricada en porcelana fina en Inglaterra, Skye es una taza que destaca por su combinaci\u00f3n de tama\u00f1o, estilo y funcionalidad. Perfecta para aquellos que buscan una taza que sea tan pr\u00e1ctica como visualmente sorprendente. Dunoon utiliza una arcilla de <strong>porcelana fina<\/strong> de Cornualles, en el suroeste de Inglaterra, que contiene ceniza de hueso para lograr una translucidez, blancura brillante y resistencia excepcionales. Los artesanos locales altamente cualificados supervisan todo el proceso de fabricaci\u00f3n, muchos de los cuales han trabajado para la empresa durante a\u00f1os. Todas las tazas Dunoon pasan un exhaustivo control de calidad antes de recibir el distintivo de la marca. Presentado en una elegante caja de regalo, ideal para sorprender en cualquier ocasi\u00f3n.<\/p>\n<p>La porcelana de ceniza de hueso tambi\u00e9n conocida como Bone china, es un tipo de pasta de porcelana fosf\u00e1tica compuesta adem\u00e1s del caol\u00edn, feldespato y cuarzo, con un m\u00ednimo de 30 % de ceniza de hueso, (fosfato de calcio) que se utiliza como fundente. Se caracteriza por su alto grado de blancura y transparencia, por su dureza y su alta resistencia a los golpes, siendo esta unas de las m\u00e1s nobles y mejores porcelanas.<\/p>\n<p>Este producto\u00a0<strong>no<\/strong>\u00a0admite cambios ni devoluciones.<br \/>\nEl precio\u00a0<strong>no<\/strong>\u00a0incluye los gastos de env\u00edo.<\/p>\n<ul>\n<li>Gastos de env\u00edo:\u00a0<strong>18,40<em>\u20ac<\/em><\/strong><\/li>\n<li>Los env\u00edos se har\u00e1n de\u00a0<strong>lunes a viernes<\/strong>\u00a0seg\u00fan los siguientes horarios:\n<ul>\n<li>Ma\u00f1ana (9:00 &#8211; 15:00)<\/li>\n<li>Tarde (15:00 &#8211; 19:30)<\/li>\n<\/ul>\n<\/li>\n<li><em><strong>Para los pedidos online, el plazo de entrega ser\u00e1 de 48h. Los pedidos hechos en s\u00e1bado o domingo se tramitar\u00e1n a partir del siguiente Lunes.<\/strong><\/em><\/li>\n<\/ul>\n","protected":false},"excerpt":{"rendered":"<p><strong>Si el producto no est\u00e1 en stock, se puede realizar el pedido a trav\u00e9s de un correo electr\u00f3nico y recibirlo en un plazo de una semana.<\/strong> Para m\u00e1s detalles, por favor, env\u00edanos un correo electr\u00f3nico.<\/p>\n<p><strong>Seleccione la que m\u00e1s le convenga.<\/strong><\/p>\n","protected":false},"featured_media":9500,"template":"","meta":{"_et_pb_use_builder":"","_et_pb_old_content":"","_et_gb_content_width":""},"product_brand":[],"product_cat":[443,717,832,827,719],"product_tag":[],"class_list":{"0":"post-8680","1":"product","2":"type-product","3":"status-publish","4":"has-post-thumbnail","6":"product_cat-cafe-y-te","7":"product_cat-casa-y-cocina","8":"product_cat-hogar-y-jardin","9":"product_cat-menaje-de-mesa","10":"product_cat-regalo","12":"first","13":"instock","14":"taxable","15":"shipping-taxable","16":"purchasable","17":"product-type-variable"},"yoast_head":"<!-- This site is optimized with the Yoast SEO plugin v27.2 - https:\/\/yoast.com\/product\/yoast-seo-wordpress\/ -->\n<title>Taza Skye 0.45L - Bone China - Conillas<\/title>\n<meta name=\"robots\" content=\"index, follow, max-snippet:-1, max-image-preview:large, max-video-preview:-1\" \/>\n<link rel=\"canonical\" href=\"https:\/\/www.conillas.com\/en\/producto\/taza-skye\/\" \/>\n<meta property=\"og:locale\" content=\"en_US\" \/>\n<meta property=\"og:type\" content=\"article\" \/>\n<meta property=\"og:title\" content=\"Taza Skye 0.45L - Bone China - Conillas\" \/>\n<meta property=\"og:description\" content=\"Si el producto no est\u00e1 en stock, se puede realizar el pedido a trav\u00e9s de un correo electr\u00f3nico y recibirlo en un plazo de una semana. Para m\u00e1s detalles, por favor, env\u00edanos un correo electr\u00f3nico.  Seleccione la que m\u00e1s le convenga.\" \/>\n<meta property=\"og:url\" content=\"https:\/\/www.conillas.com\/en\/producto\/taza-skye\/\" \/>\n<meta property=\"og:site_name\" content=\"Conillas\" \/>\n<meta property=\"article:publisher\" content=\"https:\/\/www.facebook.com\/ConillasGardenCenter\" \/>\n<meta property=\"article:modified_time\" content=\"2025-11-06T08:58:50+00:00\" \/>\n<meta property=\"og:image\" content=\"https:\/\/www.conillas.com\/wp-content\/uploads\/2025\/02\/Untitled-design-14.jpg\" \/>\n\t<meta property=\"og:image:width\" content=\"1920\" \/>\n\t<meta property=\"og:image:height\" content=\"1080\" \/>\n\t<meta property=\"og:image:type\" content=\"image\/jpeg\" \/>\n<meta name=\"twitter:card\" content=\"summary_large_image\" \/>\n<meta name=\"twitter:site\" content=\"@centerconillas\" \/>\n<meta name=\"twitter:label1\" content=\"Est. reading time\" \/>\n\t<meta name=\"twitter:data1\" content=\"2 minutes\" \/>\n<script type=\"application\/ld+json\" class=\"yoast-schema-graph\">{\"@context\":\"https:\/\/schema.org\",\"@graph\":[{\"@type\":\"WebPage\",\"@id\":\"https:\/\/www.conillas.com\/en\/producto\/taza-skye\/\",\"url\":\"https:\/\/www.conillas.com\/en\/producto\/taza-skye\/\",\"name\":\"Taza Skye 0.45L - Bone China - Conillas\",\"isPartOf\":{\"@id\":\"https:\/\/www.conillas.com\/en\/#website\"},\"primaryImageOfPage\":{\"@id\":\"https:\/\/www.conillas.com\/en\/producto\/taza-skye\/#primaryimage\"},\"image\":{\"@id\":\"https:\/\/www.conillas.com\/en\/producto\/taza-skye\/#primaryimage\"},\"thumbnailUrl\":\"https:\/\/www.conillas.com\/wp-content\/uploads\/2025\/02\/Untitled-design-14.jpg\",\"datePublished\":\"2025-02-11T16:56:55+00:00\",\"dateModified\":\"2025-11-06T08:58:50+00:00\",\"breadcrumb\":{\"@id\":\"https:\/\/www.conillas.com\/en\/producto\/taza-skye\/#breadcrumb\"},\"inLanguage\":\"en-US\",\"potentialAction\":[{\"@type\":\"ReadAction\",\"target\":[\"https:\/\/www.conillas.com\/en\/producto\/taza-skye\/\"]}]},{\"@type\":\"ImageObject\",\"inLanguage\":\"en-US\",\"@id\":\"https:\/\/www.conillas.com\/en\/producto\/taza-skye\/#primaryimage\",\"url\":\"https:\/\/www.conillas.com\/wp-content\/uploads\/2025\/02\/Untitled-design-14.jpg\",\"contentUrl\":\"https:\/\/www.conillas.com\/wp-content\/uploads\/2025\/02\/Untitled-design-14.jpg\",\"width\":1920,\"height\":1080},{\"@type\":\"BreadcrumbList\",\"@id\":\"https:\/\/www.conillas.com\/en\/producto\/taza-skye\/#breadcrumb\",\"itemListElement\":[{\"@type\":\"ListItem\",\"position\":1,\"name\":\"Portada\",\"item\":\"https:\/\/www.conillas.com\/en\/\"},{\"@type\":\"ListItem\",\"position\":2,\"name\":\"Tienda\",\"item\":\"https:\/\/www.conillas.com\/tienda\/\"},{\"@type\":\"ListItem\",\"position\":3,\"name\":\"Taza Skye 0.45L &#8211; Bone China\"}]},{\"@type\":\"WebSite\",\"@id\":\"https:\/\/www.conillas.com\/en\/#website\",\"url\":\"https:\/\/www.conillas.com\/en\/\",\"name\":\"Conillas\",\"description\":\"Servicios de Paisajismo y Jardiner\u00eda\",\"potentialAction\":[{\"@type\":\"SearchAction\",\"target\":{\"@type\":\"EntryPoint\",\"urlTemplate\":\"https:\/\/www.conillas.com\/en\/?s={search_term_string}\"},\"query-input\":{\"@type\":\"PropertyValueSpecification\",\"valueRequired\":true,\"valueName\":\"search_term_string\"}}],\"inLanguage\":\"en-US\"}]}<\/script>\n<!-- \/ Yoast SEO plugin. -->","yoast_head_json":{"title":"Taza Skye 0.45L - Bone China - Conillas","robots":{"index":"index","follow":"follow","max-snippet":"max-snippet:-1","max-image-preview":"max-image-preview:large","max-video-preview":"max-video-preview:-1"},"canonical":"https:\/\/www.conillas.com\/en\/producto\/taza-skye\/","og_locale":"en_US","og_type":"article","og_title":"Taza Skye 0.45L - Bone China - Conillas","og_description":"Si el producto no est\u00e1 en stock, se puede realizar el pedido a trav\u00e9s de un correo electr\u00f3nico y recibirlo en un plazo de una semana. Para m\u00e1s detalles, por favor, env\u00edanos un correo electr\u00f3nico.  Seleccione la que m\u00e1s le convenga.","og_url":"https:\/\/www.conillas.com\/en\/producto\/taza-skye\/","og_site_name":"Conillas","article_publisher":"https:\/\/www.facebook.com\/ConillasGardenCenter","article_modified_time":"2025-11-06T08:58:50+00:00","og_image":[{"width":1920,"height":1080,"url":"https:\/\/www.conillas.com\/wp-content\/uploads\/2025\/02\/Untitled-design-14.jpg","type":"image\/jpeg"}],"twitter_card":"summary_large_image","twitter_site":"@centerconillas","twitter_misc":{"Est. reading time":"2 minutes"},"schema":{"@context":"https:\/\/schema.org","@graph":[{"@type":"WebPage","@id":"https:\/\/www.conillas.com\/en\/producto\/taza-skye\/","url":"https:\/\/www.conillas.com\/en\/producto\/taza-skye\/","name":"Taza Skye 0.45L - Bone China - Conillas","isPartOf":{"@id":"https:\/\/www.conillas.com\/en\/#website"},"primaryImageOfPage":{"@id":"https:\/\/www.conillas.com\/en\/producto\/taza-skye\/#primaryimage"},"image":{"@id":"https:\/\/www.conillas.com\/en\/producto\/taza-skye\/#primaryimage"},"thumbnailUrl":"https:\/\/www.conillas.com\/wp-content\/uploads\/2025\/02\/Untitled-design-14.jpg","datePublished":"2025-02-11T16:56:55+00:00","dateModified":"2025-11-06T08:58:50+00:00","breadcrumb":{"@id":"https:\/\/www.conillas.com\/en\/producto\/taza-skye\/#breadcrumb"},"inLanguage":"en-US","potentialAction":[{"@type":"ReadAction","target":["https:\/\/www.conillas.com\/en\/producto\/taza-skye\/"]}]},{"@type":"ImageObject","inLanguage":"en-US","@id":"https:\/\/www.conillas.com\/en\/producto\/taza-skye\/#primaryimage","url":"https:\/\/www.conillas.com\/wp-content\/uploads\/2025\/02\/Untitled-design-14.jpg","contentUrl":"https:\/\/www.conillas.com\/wp-content\/uploads\/2025\/02\/Untitled-design-14.jpg","width":1920,"height":1080},{"@type":"BreadcrumbList","@id":"https:\/\/www.conillas.com\/en\/producto\/taza-skye\/#breadcrumb","itemListElement":[{"@type":"ListItem","position":1,"name":"Portada","item":"https:\/\/www.conillas.com\/en\/"},{"@type":"ListItem","position":2,"name":"Tienda","item":"https:\/\/www.conillas.com\/tienda\/"},{"@type":"ListItem","position":3,"name":"Taza Skye 0.45L &#8211; Bone China"}]},{"@type":"WebSite","@id":"https:\/\/www.conillas.com\/en\/#website","url":"https:\/\/www.conillas.com\/en\/","name":"Conillas","description":"Servicios de Paisajismo y Jardiner\u00eda","potentialAction":[{"@type":"SearchAction","target":{"@type":"EntryPoint","urlTemplate":"https:\/\/www.conillas.com\/en\/?s={search_term_string}"},"query-input":{"@type":"PropertyValueSpecification","valueRequired":true,"valueName":"search_term_string"}}],"inLanguage":"en-US"}]}},"_links":{"self":[{"href":"https:\/\/www.conillas.com\/en\/wp-json\/wp\/v2\/product\/8680","targetHints":{"allow":["GET"]}}],"collection":[{"href":"https:\/\/www.conillas.com\/en\/wp-json\/wp\/v2\/product"}],"about":[{"href":"https:\/\/www.conillas.com\/en\/wp-json\/wp\/v2\/types\/product"}],"wp:featuredmedia":[{"embeddable":true,"href":"https:\/\/www.conillas.com\/en\/wp-json\/wp\/v2\/media\/9500"}],"wp:attachment":[{"href":"https:\/\/www.conillas.com\/en\/wp-json\/wp\/v2\/media?parent=8680"}],"wp:term":[{"taxonomy":"product_brand","embeddable":true,"href":"https:\/\/www.conillas.com\/en\/wp-json\/wp\/v2\/product_brand?post=8680"},{"taxonomy":"product_cat","embeddable":true,"href":"https:\/\/www.conillas.com\/en\/wp-json\/wp\/v2\/product_cat?post=8680"},{"taxonomy":"product_tag","embeddable":true,"href":"https:\/\/www.conillas.com\/en\/wp-json\/wp\/v2\/product_tag?post=8680"}],"curies":[{"name":"wp","href":"https:\/\/api.w.org\/{rel}","templated":true}]}}