{"id":6915,"date":"2021-04-20T20:39:10","date_gmt":"2021-04-20T18:39:10","guid":{"rendered":"https:\/\/www.conillas.com\/?post_type=product&#038;p=6915"},"modified":"2025-04-29T18:18:14","modified_gmt":"2025-04-29T16:18:14","slug":"rosa-de-sant-jordi-garden-conillas-3","status":"publish","type":"product","link":"https:\/\/www.conillas.com\/en\/producto\/rosa-de-sant-jordi-garden-conillas-3\/","title":{"rendered":"Rosa Premium Conillas"},"content":{"rendered":"<p>Este producto\u00a0<strong>no<\/strong>\u00a0admite cambios ni devoluciones.<br \/>\nEl precio\u00a0<strong>no<\/strong>\u00a0incluye los gastos de env\u00edo.<br \/>\nLa foto del art\u00edculo es\u00a0<strong>orientativa<\/strong>.<\/p>\n<ul>\n<li>Gastos de env\u00edo:\u00a0<strong>10<em>\u20ac<\/em><\/strong><\/li>\n<li>Los env\u00edos se har\u00e1n de\u00a0<strong>lunes a viernes<\/strong>\u00a0seg\u00fan los siguientes horarios:\n<ul>\n<li>Ma\u00f1ana (9:00 &#8211; 15:00)<\/li>\n<li>Tarde (15:00 &#8211; 19:30)<\/li>\n<\/ul>\n<\/li>\n<li><em><strong>Para los pedidos online, el plazo de entrega ser\u00e1 de 48h. Los pedidos hechos en s\u00e1bado o domingo se tramitar\u00e1n a partir del siguiente Lunes.<\/strong><\/em><\/li>\n<\/ul>\n","protected":false},"excerpt":{"rendered":"<p>La <strong>Rosa Freedom<\/strong> de <strong>7<\/strong><strong>0 cm<\/strong>, presentada en una <strong>bolsa de dise\u00f1o<\/strong> que <strong>resalta<\/strong> toda su <strong>belleza<\/strong>, es el detalle perfecto para transmitir <strong>elegancia<\/strong> y <strong>amor<\/strong>.<\/p>\n<p>Con un tubo de agua que conserva su frescura durante un par de d\u00edas, esta rosa es una opci\u00f3n ideal para sorprender a esa persona especial en cualquier ocasi\u00f3n, especialmente en el <strong>D\u00eda de Sant Jordi.<\/strong><\/p>\n<p>La <strong>elegancia<\/strong> de <strong>Conillas<\/strong> se refleja en <strong>cada p\u00e9talo<\/strong>, haciendo de esta rosa un regalo <strong>\u00fanico<\/strong> y <strong>significativo<\/strong>. Un gesto lleno de <strong>cari\u00f1o<\/strong>, <strong>sofisticaci\u00f3n<\/strong> y <strong>belleza<\/strong> que deja una <strong>huella inolvidable.<\/strong><\/p>\n","protected":false},"featured_media":10725,"template":"","meta":{"_et_pb_use_builder":"","_et_pb_old_content":"","_et_gb_content_width":""},"product_brand":[],"product_cat":[705,137],"product_tag":[],"class_list":{"0":"post-6915","1":"product","2":"type-product","3":"status-publish","4":"has-post-thumbnail","6":"product_cat-rosas","7":"product_cat-sant-jordi","9":"first","10":"outofstock","11":"taxable","12":"shipping-taxable","13":"purchasable","14":"product-type-simple"},"yoast_head":"<!-- This site is optimized with the Yoast SEO plugin v27.2 - https:\/\/yoast.com\/product\/yoast-seo-wordpress\/ -->\n<title>Rosa Premium Conillas - Conillas<\/title>\n<meta name=\"description\" content=\"Rosa Freedom de 80cm presentada en una bolsa de dise\u00f1o mostrando toda la belleza de la rosa.\" \/>\n<meta name=\"robots\" content=\"index, nofollow, max-snippet:-1, max-image-preview:large, max-video-preview:-1\" \/>\n<link rel=\"canonical\" href=\"https:\/\/www.conillas.com\/en\/producto\/rosa-de-sant-jordi-garden-conillas-3\/\" \/>\n<meta property=\"og:locale\" content=\"en_US\" \/>\n<meta property=\"og:type\" content=\"article\" \/>\n<meta property=\"og:title\" content=\"Rosa Premium Conillas - Conillas\" \/>\n<meta property=\"og:description\" content=\"Rosa Freedom de 80cm presentada en una bolsa de dise\u00f1o mostrando toda la belleza de la rosa.\" \/>\n<meta property=\"og:url\" content=\"https:\/\/www.conillas.com\/en\/producto\/rosa-de-sant-jordi-garden-conillas-3\/\" \/>\n<meta property=\"og:site_name\" content=\"Conillas\" \/>\n<meta property=\"article:publisher\" content=\"https:\/\/www.facebook.com\/ConillasGardenCenter\" \/>\n<meta property=\"article:modified_time\" content=\"2025-04-29T16:18:14+00:00\" \/>\n<meta property=\"og:image\" content=\"https:\/\/www.conillas.com\/wp-content\/uploads\/2021\/04\/Rosa-Sant-Jordi-Conillas-Premium00002.jpg\" \/>\n\t<meta property=\"og:image:width\" content=\"1080\" \/>\n\t<meta property=\"og:image:height\" content=\"1080\" \/>\n\t<meta property=\"og:image:type\" content=\"image\/jpeg\" \/>\n<meta name=\"twitter:card\" content=\"summary_large_image\" \/>\n<meta name=\"twitter:site\" content=\"@centerconillas\" \/>\n<meta name=\"twitter:label1\" content=\"Est. reading time\" \/>\n\t<meta name=\"twitter:data1\" content=\"1 minute\" \/>\n<script type=\"application\/ld+json\" class=\"yoast-schema-graph\">{\"@context\":\"https:\/\/schema.org\",\"@graph\":[{\"@type\":\"WebPage\",\"@id\":\"https:\/\/www.conillas.com\/en\/producto\/rosa-de-sant-jordi-garden-conillas-3\/\",\"url\":\"https:\/\/www.conillas.com\/en\/producto\/rosa-de-sant-jordi-garden-conillas-3\/\",\"name\":\"Rosa Premium Conillas - Conillas\",\"isPartOf\":{\"@id\":\"https:\/\/www.conillas.com\/en\/#website\"},\"primaryImageOfPage\":{\"@id\":\"https:\/\/www.conillas.com\/en\/producto\/rosa-de-sant-jordi-garden-conillas-3\/#primaryimage\"},\"image\":{\"@id\":\"https:\/\/www.conillas.com\/en\/producto\/rosa-de-sant-jordi-garden-conillas-3\/#primaryimage\"},\"thumbnailUrl\":\"https:\/\/www.conillas.com\/wp-content\/uploads\/2021\/04\/Rosa-Sant-Jordi-Conillas-Premium00002.jpg\",\"datePublished\":\"2021-04-20T18:39:10+00:00\",\"dateModified\":\"2025-04-29T16:18:14+00:00\",\"description\":\"Rosa Freedom de 80cm presentada en una bolsa de dise\u00f1o mostrando toda la belleza de la rosa.\",\"breadcrumb\":{\"@id\":\"https:\/\/www.conillas.com\/en\/producto\/rosa-de-sant-jordi-garden-conillas-3\/#breadcrumb\"},\"inLanguage\":\"en-US\",\"potentialAction\":[{\"@type\":\"ReadAction\",\"target\":[\"https:\/\/www.conillas.com\/en\/producto\/rosa-de-sant-jordi-garden-conillas-3\/\"]}]},{\"@type\":\"ImageObject\",\"inLanguage\":\"en-US\",\"@id\":\"https:\/\/www.conillas.com\/en\/producto\/rosa-de-sant-jordi-garden-conillas-3\/#primaryimage\",\"url\":\"https:\/\/www.conillas.com\/wp-content\/uploads\/2021\/04\/Rosa-Sant-Jordi-Conillas-Premium00002.jpg\",\"contentUrl\":\"https:\/\/www.conillas.com\/wp-content\/uploads\/2021\/04\/Rosa-Sant-Jordi-Conillas-Premium00002.jpg\",\"width\":1080,\"height\":1080},{\"@type\":\"BreadcrumbList\",\"@id\":\"https:\/\/www.conillas.com\/en\/producto\/rosa-de-sant-jordi-garden-conillas-3\/#breadcrumb\",\"itemListElement\":[{\"@type\":\"ListItem\",\"position\":1,\"name\":\"Portada\",\"item\":\"https:\/\/www.conillas.com\/en\/\"},{\"@type\":\"ListItem\",\"position\":2,\"name\":\"Tienda\",\"item\":\"https:\/\/www.conillas.com\/tienda\/\"},{\"@type\":\"ListItem\",\"position\":3,\"name\":\"Rosa Premium Conillas\"}]},{\"@type\":\"WebSite\",\"@id\":\"https:\/\/www.conillas.com\/en\/#website\",\"url\":\"https:\/\/www.conillas.com\/en\/\",\"name\":\"Conillas\",\"description\":\"Servicios de Paisajismo y Jardiner\u00eda\",\"potentialAction\":[{\"@type\":\"SearchAction\",\"target\":{\"@type\":\"EntryPoint\",\"urlTemplate\":\"https:\/\/www.conillas.com\/en\/?s={search_term_string}\"},\"query-input\":{\"@type\":\"PropertyValueSpecification\",\"valueRequired\":true,\"valueName\":\"search_term_string\"}}],\"inLanguage\":\"en-US\"}]}<\/script>\n<!-- \/ Yoast SEO plugin. -->","yoast_head_json":{"title":"Rosa Premium Conillas - Conillas","description":"Rosa Freedom de 80cm presentada en una bolsa de dise\u00f1o mostrando toda la belleza de la rosa.","robots":{"index":"index","follow":"nofollow","max-snippet":"max-snippet:-1","max-image-preview":"max-image-preview:large","max-video-preview":"max-video-preview:-1"},"canonical":"https:\/\/www.conillas.com\/en\/producto\/rosa-de-sant-jordi-garden-conillas-3\/","og_locale":"en_US","og_type":"article","og_title":"Rosa Premium Conillas - Conillas","og_description":"Rosa Freedom de 80cm presentada en una bolsa de dise\u00f1o mostrando toda la belleza de la rosa.","og_url":"https:\/\/www.conillas.com\/en\/producto\/rosa-de-sant-jordi-garden-conillas-3\/","og_site_name":"Conillas","article_publisher":"https:\/\/www.facebook.com\/ConillasGardenCenter","article_modified_time":"2025-04-29T16:18:14+00:00","og_image":[{"width":1080,"height":1080,"url":"https:\/\/www.conillas.com\/wp-content\/uploads\/2021\/04\/Rosa-Sant-Jordi-Conillas-Premium00002.jpg","type":"image\/jpeg"}],"twitter_card":"summary_large_image","twitter_site":"@centerconillas","twitter_misc":{"Est. reading time":"1 minute"},"schema":{"@context":"https:\/\/schema.org","@graph":[{"@type":"WebPage","@id":"https:\/\/www.conillas.com\/en\/producto\/rosa-de-sant-jordi-garden-conillas-3\/","url":"https:\/\/www.conillas.com\/en\/producto\/rosa-de-sant-jordi-garden-conillas-3\/","name":"Rosa Premium Conillas - Conillas","isPartOf":{"@id":"https:\/\/www.conillas.com\/en\/#website"},"primaryImageOfPage":{"@id":"https:\/\/www.conillas.com\/en\/producto\/rosa-de-sant-jordi-garden-conillas-3\/#primaryimage"},"image":{"@id":"https:\/\/www.conillas.com\/en\/producto\/rosa-de-sant-jordi-garden-conillas-3\/#primaryimage"},"thumbnailUrl":"https:\/\/www.conillas.com\/wp-content\/uploads\/2021\/04\/Rosa-Sant-Jordi-Conillas-Premium00002.jpg","datePublished":"2021-04-20T18:39:10+00:00","dateModified":"2025-04-29T16:18:14+00:00","description":"Rosa Freedom de 80cm presentada en una bolsa de dise\u00f1o mostrando toda la belleza de la rosa.","breadcrumb":{"@id":"https:\/\/www.conillas.com\/en\/producto\/rosa-de-sant-jordi-garden-conillas-3\/#breadcrumb"},"inLanguage":"en-US","potentialAction":[{"@type":"ReadAction","target":["https:\/\/www.conillas.com\/en\/producto\/rosa-de-sant-jordi-garden-conillas-3\/"]}]},{"@type":"ImageObject","inLanguage":"en-US","@id":"https:\/\/www.conillas.com\/en\/producto\/rosa-de-sant-jordi-garden-conillas-3\/#primaryimage","url":"https:\/\/www.conillas.com\/wp-content\/uploads\/2021\/04\/Rosa-Sant-Jordi-Conillas-Premium00002.jpg","contentUrl":"https:\/\/www.conillas.com\/wp-content\/uploads\/2021\/04\/Rosa-Sant-Jordi-Conillas-Premium00002.jpg","width":1080,"height":1080},{"@type":"BreadcrumbList","@id":"https:\/\/www.conillas.com\/en\/producto\/rosa-de-sant-jordi-garden-conillas-3\/#breadcrumb","itemListElement":[{"@type":"ListItem","position":1,"name":"Portada","item":"https:\/\/www.conillas.com\/en\/"},{"@type":"ListItem","position":2,"name":"Tienda","item":"https:\/\/www.conillas.com\/tienda\/"},{"@type":"ListItem","position":3,"name":"Rosa Premium Conillas"}]},{"@type":"WebSite","@id":"https:\/\/www.conillas.com\/en\/#website","url":"https:\/\/www.conillas.com\/en\/","name":"Conillas","description":"Servicios de Paisajismo y Jardiner\u00eda","potentialAction":[{"@type":"SearchAction","target":{"@type":"EntryPoint","urlTemplate":"https:\/\/www.conillas.com\/en\/?s={search_term_string}"},"query-input":{"@type":"PropertyValueSpecification","valueRequired":true,"valueName":"search_term_string"}}],"inLanguage":"en-US"}]}},"_links":{"self":[{"href":"https:\/\/www.conillas.com\/en\/wp-json\/wp\/v2\/product\/6915","targetHints":{"allow":["GET"]}}],"collection":[{"href":"https:\/\/www.conillas.com\/en\/wp-json\/wp\/v2\/product"}],"about":[{"href":"https:\/\/www.conillas.com\/en\/wp-json\/wp\/v2\/types\/product"}],"wp:featuredmedia":[{"embeddable":true,"href":"https:\/\/www.conillas.com\/en\/wp-json\/wp\/v2\/media\/10725"}],"wp:attachment":[{"href":"https:\/\/www.conillas.com\/en\/wp-json\/wp\/v2\/media?parent=6915"}],"wp:term":[{"taxonomy":"product_brand","embeddable":true,"href":"https:\/\/www.conillas.com\/en\/wp-json\/wp\/v2\/product_brand?post=6915"},{"taxonomy":"product_cat","embeddable":true,"href":"https:\/\/www.conillas.com\/en\/wp-json\/wp\/v2\/product_cat?post=6915"},{"taxonomy":"product_tag","embeddable":true,"href":"https:\/\/www.conillas.com\/en\/wp-json\/wp\/v2\/product_tag?post=6915"}],"curies":[{"name":"wp","href":"https:\/\/api.w.org\/{rel}","templated":true}]}}