{"id":10111,"date":"2025-03-18T16:38:44","date_gmt":"2025-03-18T15:38:44","guid":{"rendered":"https:\/\/www.conillas.com\/?post_type=product&#038;p=10111"},"modified":"2025-11-04T17:09:27","modified_gmt":"2025-11-04T16:09:27","slug":"funda-para-exterior-de-proteccion","status":"publish","type":"product","link":"https:\/\/www.conillas.com\/en\/producto\/funda-para-exterior-de-proteccion\/","title":{"rendered":"Funda para Exterior de Protecci\u00f3n"},"content":{"rendered":"<p>Este producto\u00a0<strong>no<\/strong>\u00a0admite cambios ni devoluciones.<br \/>\nEl precio\u00a0<strong>no<\/strong>\u00a0incluye los gastos de env\u00edo.<\/p>\n<ul>\n<li>Gastos de env\u00edo:\u00a0<strong>18,40<em>\u20ac<\/em><\/strong><\/li>\n<li>Los env\u00edos se har\u00e1n de\u00a0<strong>lunes a viernes<\/strong>\u00a0seg\u00fan los siguientes horarios:\n<ul>\n<li>Ma\u00f1ana (9:00 &#8211; 15:00)<\/li>\n<li>Tarde (15:00 &#8211; 19:30)<\/li>\n<\/ul>\n<\/li>\n<li><em><strong>Para los pedidos online, el plazo de entrega ser\u00e1 de 48h. Los pedidos hechos en s\u00e1bado o domingo se tramitar\u00e1n a partir del siguiente Lunes.<\/strong><\/em><\/li>\n<\/ul>\n","protected":false},"excerpt":{"rendered":"<p>Una cubierta protectora para los d\u00edas de lluvia, dise\u00f1ada espec\u00edficamente con las medidas de The Bastard, con correas de Velcro para asegurar el ajuste. Hecho de recubrimiento de PU de alta calidad para resistencia a los rayos UV y con rejillas de ventilaci\u00f3n para asegurarse de que su The Bastard prospera sin importarle las inclemencias.<\/p>\n<p><strong>Seleccione la que m\u00e1s le convenga.<\/strong><\/p>\n","protected":false},"featured_media":10106,"template":"","meta":{"_et_pb_use_builder":"","_et_pb_old_content":"","_et_gb_content_width":""},"product_brand":[],"product_cat":[708,832],"product_tag":[],"class_list":{"0":"post-10111","1":"product","2":"type-product","3":"status-publish","4":"has-post-thumbnail","6":"product_cat-barbacoas","7":"product_cat-hogar-y-jardin","8":"product_shipping_class-envio-a-domicilio","10":"first","11":"instock","12":"taxable","13":"shipping-taxable","14":"purchasable","15":"product-type-variable"},"yoast_head":"<!-- This site is optimized with the Yoast SEO plugin v27.2 - https:\/\/yoast.com\/product\/yoast-seo-wordpress\/ -->\n<title>Funda para Exterior de Protecci\u00f3n - Conillas<\/title>\n<meta name=\"robots\" content=\"index, follow, max-snippet:-1, max-image-preview:large, max-video-preview:-1\" \/>\n<link rel=\"canonical\" href=\"https:\/\/www.conillas.com\/en\/producto\/funda-para-exterior-de-proteccion\/\" \/>\n<meta property=\"og:locale\" content=\"en_US\" \/>\n<meta property=\"og:type\" content=\"article\" \/>\n<meta property=\"og:title\" content=\"Funda para Exterior de Protecci\u00f3n - Conillas\" \/>\n<meta property=\"og:description\" content=\"Una cubierta protectora para los d\u00edas de lluvia, dise\u00f1ada espec\u00edficamente con las medidas de The Bastard, con correas de Velcro para asegurar el ajuste. Hecho de recubrimiento de PU de alta calidad para resistencia a los rayos UV y con rejillas de ventilaci\u00f3n para asegurarse de que su The Bastard prospera sin importarle las inclemencias.  Seleccione la que m\u00e1s le convenga.\" \/>\n<meta property=\"og:url\" content=\"https:\/\/www.conillas.com\/en\/producto\/funda-para-exterior-de-proteccion\/\" \/>\n<meta property=\"og:site_name\" content=\"Conillas\" \/>\n<meta property=\"article:publisher\" content=\"https:\/\/www.facebook.com\/ConillasGardenCenter\" \/>\n<meta property=\"article:modified_time\" content=\"2025-11-04T16:09:27+00:00\" \/>\n<meta property=\"og:image\" content=\"https:\/\/www.conillas.com\/wp-content\/uploads\/2025\/03\/21520000045-The-Bastard-Raincover-Large-21511000009-The-Bastard-Funda-Proteccio-Compact.jpg\" \/>\n\t<meta property=\"og:image:width\" content=\"800\" \/>\n\t<meta property=\"og:image:height\" content=\"800\" \/>\n\t<meta property=\"og:image:type\" content=\"image\/jpeg\" \/>\n<meta name=\"twitter:card\" content=\"summary_large_image\" \/>\n<meta name=\"twitter:site\" content=\"@centerconillas\" \/>\n<meta name=\"twitter:label1\" content=\"Est. reading time\" \/>\n\t<meta name=\"twitter:data1\" content=\"1 minute\" \/>\n<script type=\"application\/ld+json\" class=\"yoast-schema-graph\">{\"@context\":\"https:\/\/schema.org\",\"@graph\":[{\"@type\":\"WebPage\",\"@id\":\"https:\/\/www.conillas.com\/en\/producto\/funda-para-exterior-de-proteccion\/\",\"url\":\"https:\/\/www.conillas.com\/en\/producto\/funda-para-exterior-de-proteccion\/\",\"name\":\"Funda para Exterior de Protecci\u00f3n - Conillas\",\"isPartOf\":{\"@id\":\"https:\/\/www.conillas.com\/en\/#website\"},\"primaryImageOfPage\":{\"@id\":\"https:\/\/www.conillas.com\/en\/producto\/funda-para-exterior-de-proteccion\/#primaryimage\"},\"image\":{\"@id\":\"https:\/\/www.conillas.com\/en\/producto\/funda-para-exterior-de-proteccion\/#primaryimage\"},\"thumbnailUrl\":\"https:\/\/www.conillas.com\/wp-content\/uploads\/2025\/03\/21520000045-The-Bastard-Raincover-Large-21511000009-The-Bastard-Funda-Proteccio-Compact.jpg\",\"datePublished\":\"2025-03-18T15:38:44+00:00\",\"dateModified\":\"2025-11-04T16:09:27+00:00\",\"breadcrumb\":{\"@id\":\"https:\/\/www.conillas.com\/en\/producto\/funda-para-exterior-de-proteccion\/#breadcrumb\"},\"inLanguage\":\"en-US\",\"potentialAction\":[{\"@type\":\"ReadAction\",\"target\":[\"https:\/\/www.conillas.com\/en\/producto\/funda-para-exterior-de-proteccion\/\"]}]},{\"@type\":\"ImageObject\",\"inLanguage\":\"en-US\",\"@id\":\"https:\/\/www.conillas.com\/en\/producto\/funda-para-exterior-de-proteccion\/#primaryimage\",\"url\":\"https:\/\/www.conillas.com\/wp-content\/uploads\/2025\/03\/21520000045-The-Bastard-Raincover-Large-21511000009-The-Bastard-Funda-Proteccio-Compact.jpg\",\"contentUrl\":\"https:\/\/www.conillas.com\/wp-content\/uploads\/2025\/03\/21520000045-The-Bastard-Raincover-Large-21511000009-The-Bastard-Funda-Proteccio-Compact.jpg\",\"width\":800,\"height\":800},{\"@type\":\"BreadcrumbList\",\"@id\":\"https:\/\/www.conillas.com\/en\/producto\/funda-para-exterior-de-proteccion\/#breadcrumb\",\"itemListElement\":[{\"@type\":\"ListItem\",\"position\":1,\"name\":\"Portada\",\"item\":\"https:\/\/www.conillas.com\/en\/\"},{\"@type\":\"ListItem\",\"position\":2,\"name\":\"Tienda\",\"item\":\"https:\/\/www.conillas.com\/tienda\/\"},{\"@type\":\"ListItem\",\"position\":3,\"name\":\"Funda para Exterior de Protecci\u00f3n\"}]},{\"@type\":\"WebSite\",\"@id\":\"https:\/\/www.conillas.com\/en\/#website\",\"url\":\"https:\/\/www.conillas.com\/en\/\",\"name\":\"Conillas\",\"description\":\"Servicios de Paisajismo y Jardiner\u00eda\",\"potentialAction\":[{\"@type\":\"SearchAction\",\"target\":{\"@type\":\"EntryPoint\",\"urlTemplate\":\"https:\/\/www.conillas.com\/en\/?s={search_term_string}\"},\"query-input\":{\"@type\":\"PropertyValueSpecification\",\"valueRequired\":true,\"valueName\":\"search_term_string\"}}],\"inLanguage\":\"en-US\"}]}<\/script>\n<!-- \/ Yoast SEO plugin. -->","yoast_head_json":{"title":"Funda para Exterior de Protecci\u00f3n - Conillas","robots":{"index":"index","follow":"follow","max-snippet":"max-snippet:-1","max-image-preview":"max-image-preview:large","max-video-preview":"max-video-preview:-1"},"canonical":"https:\/\/www.conillas.com\/en\/producto\/funda-para-exterior-de-proteccion\/","og_locale":"en_US","og_type":"article","og_title":"Funda para Exterior de Protecci\u00f3n - Conillas","og_description":"Una cubierta protectora para los d\u00edas de lluvia, dise\u00f1ada espec\u00edficamente con las medidas de The Bastard, con correas de Velcro para asegurar el ajuste. Hecho de recubrimiento de PU de alta calidad para resistencia a los rayos UV y con rejillas de ventilaci\u00f3n para asegurarse de que su The Bastard prospera sin importarle las inclemencias.  Seleccione la que m\u00e1s le convenga.","og_url":"https:\/\/www.conillas.com\/en\/producto\/funda-para-exterior-de-proteccion\/","og_site_name":"Conillas","article_publisher":"https:\/\/www.facebook.com\/ConillasGardenCenter","article_modified_time":"2025-11-04T16:09:27+00:00","og_image":[{"width":800,"height":800,"url":"https:\/\/www.conillas.com\/wp-content\/uploads\/2025\/03\/21520000045-The-Bastard-Raincover-Large-21511000009-The-Bastard-Funda-Proteccio-Compact.jpg","type":"image\/jpeg"}],"twitter_card":"summary_large_image","twitter_site":"@centerconillas","twitter_misc":{"Est. reading time":"1 minute"},"schema":{"@context":"https:\/\/schema.org","@graph":[{"@type":"WebPage","@id":"https:\/\/www.conillas.com\/en\/producto\/funda-para-exterior-de-proteccion\/","url":"https:\/\/www.conillas.com\/en\/producto\/funda-para-exterior-de-proteccion\/","name":"Funda para Exterior de Protecci\u00f3n - Conillas","isPartOf":{"@id":"https:\/\/www.conillas.com\/en\/#website"},"primaryImageOfPage":{"@id":"https:\/\/www.conillas.com\/en\/producto\/funda-para-exterior-de-proteccion\/#primaryimage"},"image":{"@id":"https:\/\/www.conillas.com\/en\/producto\/funda-para-exterior-de-proteccion\/#primaryimage"},"thumbnailUrl":"https:\/\/www.conillas.com\/wp-content\/uploads\/2025\/03\/21520000045-The-Bastard-Raincover-Large-21511000009-The-Bastard-Funda-Proteccio-Compact.jpg","datePublished":"2025-03-18T15:38:44+00:00","dateModified":"2025-11-04T16:09:27+00:00","breadcrumb":{"@id":"https:\/\/www.conillas.com\/en\/producto\/funda-para-exterior-de-proteccion\/#breadcrumb"},"inLanguage":"en-US","potentialAction":[{"@type":"ReadAction","target":["https:\/\/www.conillas.com\/en\/producto\/funda-para-exterior-de-proteccion\/"]}]},{"@type":"ImageObject","inLanguage":"en-US","@id":"https:\/\/www.conillas.com\/en\/producto\/funda-para-exterior-de-proteccion\/#primaryimage","url":"https:\/\/www.conillas.com\/wp-content\/uploads\/2025\/03\/21520000045-The-Bastard-Raincover-Large-21511000009-The-Bastard-Funda-Proteccio-Compact.jpg","contentUrl":"https:\/\/www.conillas.com\/wp-content\/uploads\/2025\/03\/21520000045-The-Bastard-Raincover-Large-21511000009-The-Bastard-Funda-Proteccio-Compact.jpg","width":800,"height":800},{"@type":"BreadcrumbList","@id":"https:\/\/www.conillas.com\/en\/producto\/funda-para-exterior-de-proteccion\/#breadcrumb","itemListElement":[{"@type":"ListItem","position":1,"name":"Portada","item":"https:\/\/www.conillas.com\/en\/"},{"@type":"ListItem","position":2,"name":"Tienda","item":"https:\/\/www.conillas.com\/tienda\/"},{"@type":"ListItem","position":3,"name":"Funda para Exterior de Protecci\u00f3n"}]},{"@type":"WebSite","@id":"https:\/\/www.conillas.com\/en\/#website","url":"https:\/\/www.conillas.com\/en\/","name":"Conillas","description":"Servicios de Paisajismo y Jardiner\u00eda","potentialAction":[{"@type":"SearchAction","target":{"@type":"EntryPoint","urlTemplate":"https:\/\/www.conillas.com\/en\/?s={search_term_string}"},"query-input":{"@type":"PropertyValueSpecification","valueRequired":true,"valueName":"search_term_string"}}],"inLanguage":"en-US"}]}},"_links":{"self":[{"href":"https:\/\/www.conillas.com\/en\/wp-json\/wp\/v2\/product\/10111","targetHints":{"allow":["GET"]}}],"collection":[{"href":"https:\/\/www.conillas.com\/en\/wp-json\/wp\/v2\/product"}],"about":[{"href":"https:\/\/www.conillas.com\/en\/wp-json\/wp\/v2\/types\/product"}],"wp:featuredmedia":[{"embeddable":true,"href":"https:\/\/www.conillas.com\/en\/wp-json\/wp\/v2\/media\/10106"}],"wp:attachment":[{"href":"https:\/\/www.conillas.com\/en\/wp-json\/wp\/v2\/media?parent=10111"}],"wp:term":[{"taxonomy":"product_brand","embeddable":true,"href":"https:\/\/www.conillas.com\/en\/wp-json\/wp\/v2\/product_brand?post=10111"},{"taxonomy":"product_cat","embeddable":true,"href":"https:\/\/www.conillas.com\/en\/wp-json\/wp\/v2\/product_cat?post=10111"},{"taxonomy":"product_tag","embeddable":true,"href":"https:\/\/www.conillas.com\/en\/wp-json\/wp\/v2\/product_tag?post=10111"}],"curies":[{"name":"wp","href":"https:\/\/api.w.org\/{rel}","templated":true}]}}