{"id":9922,"date":"2025-03-13T15:41:02","date_gmt":"2025-03-13T14:41:02","guid":{"rendered":"https:\/\/www.conillas.com\/producto\/suport-de-porcellana-amb-utensilis-de-cuina-en-bambu-herbarium\/"},"modified":"2025-04-25T13:13:03","modified_gmt":"2025-04-25T11:13:03","slug":"suport-de-porcellana-amb-utensilis-de-cuina-en-bambu-herbarium","status":"publish","type":"product","link":"https:\/\/www.conillas.com\/ca\/producte\/suport-de-porcellana-amb-utensilis-de-cuina-en-bambu-herbarium\/","title":{"rendered":"Suport de porcellana amb utensilis de cuina en bamb\u00fa \u2013 HERBARIUM"},"content":{"rendered":"<p>Aquest producte <strong>no<\/strong> admet canvis ni devolucions.<br \/>\nEl preu <strong>no<\/strong> inclou les despeses d&#8217;enviament.<\/p>\n<ul>\n<li>Despeses d&#8217;enviament: <strong>18,40\u20ac.<\/strong><\/li>\n<li>Els enviaments es far\u00e0n de<strong> dilluns a divendres<\/strong> en els seg\u00fcents horaris:\n<ul>\n<li>Mat\u00ed (9:00 &#8211; 15:00)<\/li>\n<li>Tarda (15:00 &#8211; 19:00)<\/li>\n<\/ul>\n<\/li>\n<li><strong>Per a les comandes online el termini d&#8217;entrega ser\u00e0 de 48h. Les comandes fetes en dissabte o diumenge es tramitar\u00e0n a partir del seg\u00fcent dilluns.<\/strong><\/li>\n<\/ul>\n","protected":false},"excerpt":{"rendered":"<p>Aquest elegant suport de porcellana de 15 cm de di\u00e0metre i 19 cm d&#8217;altura inclou utensilis de cuina en bamb\u00fa i \u00e9s perfecte per tenir tot a m\u00e0 mentre cuines.<\/p>\n<p>El seu disseny inspirat en la natura aporta un toc sofisticat i pr\u00e0ctic a la teva cuina.<\/p>\n<p>Ve empaquetat en una caixa de color, la qual el converteix en un excel\u00b7lent regal per als amants de la cuina.<\/p>\n<p>Un detall funcional i natural per a la teva llar.<\/p>\n","protected":false},"featured_media":9914,"template":"","meta":{"_et_pb_use_builder":"","_et_pb_old_content":"","_et_gb_content_width":""},"product_brand":[],"product_cat":[721,842,731,846],"product_tag":[],"class_list":{"0":"post-9922","1":"product","2":"type-product","3":"status-publish","4":"has-post-thumbnail","6":"product_cat-casa-i-cuina","7":"product_cat-llar-i-jardi","8":"product_cat-regal","9":"product_cat-esencials-per-cuinar","10":"product_shipping_class-enviament-a-domicili","12":"first","13":"outofstock","14":"taxable","15":"shipping-taxable","16":"purchasable","17":"product-type-simple"},"yoast_head":"<!-- This site is optimized with the Yoast SEO plugin v27.2 - https:\/\/yoast.com\/product\/yoast-seo-wordpress\/ -->\n<title>Suport de porcellana amb utensilis de cuina en bamb\u00fa \u2013 HERBARIUM - Conillas<\/title>\n<meta name=\"robots\" content=\"index, follow, max-snippet:-1, max-image-preview:large, max-video-preview:-1\" \/>\n<link rel=\"canonical\" href=\"https:\/\/www.conillas.com\/ca\/producte\/suport-de-porcellana-amb-utensilis-de-cuina-en-bambu-herbarium\/\" \/>\n<meta property=\"og:locale\" content=\"ca_ES\" \/>\n<meta property=\"og:type\" content=\"article\" \/>\n<meta property=\"og:title\" content=\"Suport de porcellana amb utensilis de cuina en bamb\u00fa \u2013 HERBARIUM - Conillas\" \/>\n<meta property=\"og:description\" content=\"Aquest elegant suport de porcellana de 15 cm de di\u00e0metre i 19 cm d&#039;altura inclou utensilis de cuina en bamb\u00fa i \u00e9s perfecte per tenir tot a m\u00e0 mentre cuines.  El seu disseny inspirat en la natura aporta un toc sofisticat i pr\u00e0ctic a la teva cuina.  Ve empaquetat en una caixa de color, la qual el converteix en un excel\u00b7lent regal per als amants de la cuina.  Un detall funcional i natural per a la teva llar.\" \/>\n<meta property=\"og:url\" content=\"https:\/\/www.conillas.com\/ca\/producte\/suport-de-porcellana-amb-utensilis-de-cuina-en-bambu-herbarium\/\" \/>\n<meta property=\"og:site_name\" content=\"Conillas\" \/>\n<meta property=\"article:publisher\" content=\"https:\/\/www.facebook.com\/ConillasGardenCenter\" \/>\n<meta property=\"article:modified_time\" content=\"2025-04-25T11:13:03+00:00\" \/>\n<meta property=\"og:image\" content=\"https:\/\/www.conillas.com\/wp-content\/uploads\/2025\/03\/40500000328-Portaeines-de-Porcellana-15x19cm.jpg\" \/>\n\t<meta property=\"og:image:width\" content=\"1181\" \/>\n\t<meta property=\"og:image:height\" content=\"1181\" \/>\n\t<meta property=\"og:image:type\" content=\"image\/jpeg\" \/>\n<meta name=\"twitter:card\" content=\"summary_large_image\" \/>\n<meta name=\"twitter:site\" content=\"@centerconillas\" \/>\n<meta name=\"twitter:label1\" content=\"Temps estimat de lectura\" \/>\n\t<meta name=\"twitter:data1\" content=\"1 minut\" \/>\n<script type=\"application\/ld+json\" class=\"yoast-schema-graph\">{\"@context\":\"https:\/\/schema.org\",\"@graph\":[{\"@type\":\"WebPage\",\"@id\":\"https:\/\/www.conillas.com\/ca\/producte\/suport-de-porcellana-amb-utensilis-de-cuina-en-bambu-herbarium\/\",\"url\":\"https:\/\/www.conillas.com\/ca\/producte\/suport-de-porcellana-amb-utensilis-de-cuina-en-bambu-herbarium\/\",\"name\":\"Suport de porcellana amb utensilis de cuina en bamb\u00fa \u2013 HERBARIUM - Conillas\",\"isPartOf\":{\"@id\":\"https:\/\/www.conillas.com\/ca\/#website\"},\"primaryImageOfPage\":{\"@id\":\"https:\/\/www.conillas.com\/ca\/producte\/suport-de-porcellana-amb-utensilis-de-cuina-en-bambu-herbarium\/#primaryimage\"},\"image\":{\"@id\":\"https:\/\/www.conillas.com\/ca\/producte\/suport-de-porcellana-amb-utensilis-de-cuina-en-bambu-herbarium\/#primaryimage\"},\"thumbnailUrl\":\"https:\/\/www.conillas.com\/wp-content\/uploads\/2025\/03\/40500000328-Portaeines-de-Porcellana-15x19cm.jpg\",\"datePublished\":\"2025-03-13T14:41:02+00:00\",\"dateModified\":\"2025-04-25T11:13:03+00:00\",\"breadcrumb\":{\"@id\":\"https:\/\/www.conillas.com\/ca\/producte\/suport-de-porcellana-amb-utensilis-de-cuina-en-bambu-herbarium\/#breadcrumb\"},\"inLanguage\":\"ca\",\"potentialAction\":[{\"@type\":\"ReadAction\",\"target\":[\"https:\/\/www.conillas.com\/ca\/producte\/suport-de-porcellana-amb-utensilis-de-cuina-en-bambu-herbarium\/\"]}]},{\"@type\":\"ImageObject\",\"inLanguage\":\"ca\",\"@id\":\"https:\/\/www.conillas.com\/ca\/producte\/suport-de-porcellana-amb-utensilis-de-cuina-en-bambu-herbarium\/#primaryimage\",\"url\":\"https:\/\/www.conillas.com\/wp-content\/uploads\/2025\/03\/40500000328-Portaeines-de-Porcellana-15x19cm.jpg\",\"contentUrl\":\"https:\/\/www.conillas.com\/wp-content\/uploads\/2025\/03\/40500000328-Portaeines-de-Porcellana-15x19cm.jpg\",\"width\":1181,\"height\":1181},{\"@type\":\"BreadcrumbList\",\"@id\":\"https:\/\/www.conillas.com\/ca\/producte\/suport-de-porcellana-amb-utensilis-de-cuina-en-bambu-herbarium\/#breadcrumb\",\"itemListElement\":[{\"@type\":\"ListItem\",\"position\":1,\"name\":\"Portada\",\"item\":\"https:\/\/www.conillas.com\/ca\/\"},{\"@type\":\"ListItem\",\"position\":2,\"name\":\"Botiga\",\"item\":\"https:\/\/www.conillas.com\/ca\/botiga\/\"},{\"@type\":\"ListItem\",\"position\":3,\"name\":\"Suport de porcellana amb utensilis de cuina en bamb\u00fa \u2013 HERBARIUM\"}]},{\"@type\":\"WebSite\",\"@id\":\"https:\/\/www.conillas.com\/ca\/#website\",\"url\":\"https:\/\/www.conillas.com\/ca\/\",\"name\":\"Conillas\",\"description\":\"Servicios de Paisajismo y Jardiner\u00eda\",\"potentialAction\":[{\"@type\":\"SearchAction\",\"target\":{\"@type\":\"EntryPoint\",\"urlTemplate\":\"https:\/\/www.conillas.com\/ca\/?s={search_term_string}\"},\"query-input\":{\"@type\":\"PropertyValueSpecification\",\"valueRequired\":true,\"valueName\":\"search_term_string\"}}],\"inLanguage\":\"ca\"}]}<\/script>\n<!-- \/ Yoast SEO plugin. -->","yoast_head_json":{"title":"Suport de porcellana amb utensilis de cuina en bamb\u00fa \u2013 HERBARIUM - Conillas","robots":{"index":"index","follow":"follow","max-snippet":"max-snippet:-1","max-image-preview":"max-image-preview:large","max-video-preview":"max-video-preview:-1"},"canonical":"https:\/\/www.conillas.com\/ca\/producte\/suport-de-porcellana-amb-utensilis-de-cuina-en-bambu-herbarium\/","og_locale":"ca_ES","og_type":"article","og_title":"Suport de porcellana amb utensilis de cuina en bamb\u00fa \u2013 HERBARIUM - Conillas","og_description":"Aquest elegant suport de porcellana de 15 cm de di\u00e0metre i 19 cm d'altura inclou utensilis de cuina en bamb\u00fa i \u00e9s perfecte per tenir tot a m\u00e0 mentre cuines.  El seu disseny inspirat en la natura aporta un toc sofisticat i pr\u00e0ctic a la teva cuina.  Ve empaquetat en una caixa de color, la qual el converteix en un excel\u00b7lent regal per als amants de la cuina.  Un detall funcional i natural per a la teva llar.","og_url":"https:\/\/www.conillas.com\/ca\/producte\/suport-de-porcellana-amb-utensilis-de-cuina-en-bambu-herbarium\/","og_site_name":"Conillas","article_publisher":"https:\/\/www.facebook.com\/ConillasGardenCenter","article_modified_time":"2025-04-25T11:13:03+00:00","og_image":[{"width":1181,"height":1181,"url":"https:\/\/www.conillas.com\/wp-content\/uploads\/2025\/03\/40500000328-Portaeines-de-Porcellana-15x19cm.jpg","type":"image\/jpeg"}],"twitter_card":"summary_large_image","twitter_site":"@centerconillas","twitter_misc":{"Temps estimat de lectura":"1 minut"},"schema":{"@context":"https:\/\/schema.org","@graph":[{"@type":"WebPage","@id":"https:\/\/www.conillas.com\/ca\/producte\/suport-de-porcellana-amb-utensilis-de-cuina-en-bambu-herbarium\/","url":"https:\/\/www.conillas.com\/ca\/producte\/suport-de-porcellana-amb-utensilis-de-cuina-en-bambu-herbarium\/","name":"Suport de porcellana amb utensilis de cuina en bamb\u00fa \u2013 HERBARIUM - Conillas","isPartOf":{"@id":"https:\/\/www.conillas.com\/ca\/#website"},"primaryImageOfPage":{"@id":"https:\/\/www.conillas.com\/ca\/producte\/suport-de-porcellana-amb-utensilis-de-cuina-en-bambu-herbarium\/#primaryimage"},"image":{"@id":"https:\/\/www.conillas.com\/ca\/producte\/suport-de-porcellana-amb-utensilis-de-cuina-en-bambu-herbarium\/#primaryimage"},"thumbnailUrl":"https:\/\/www.conillas.com\/wp-content\/uploads\/2025\/03\/40500000328-Portaeines-de-Porcellana-15x19cm.jpg","datePublished":"2025-03-13T14:41:02+00:00","dateModified":"2025-04-25T11:13:03+00:00","breadcrumb":{"@id":"https:\/\/www.conillas.com\/ca\/producte\/suport-de-porcellana-amb-utensilis-de-cuina-en-bambu-herbarium\/#breadcrumb"},"inLanguage":"ca","potentialAction":[{"@type":"ReadAction","target":["https:\/\/www.conillas.com\/ca\/producte\/suport-de-porcellana-amb-utensilis-de-cuina-en-bambu-herbarium\/"]}]},{"@type":"ImageObject","inLanguage":"ca","@id":"https:\/\/www.conillas.com\/ca\/producte\/suport-de-porcellana-amb-utensilis-de-cuina-en-bambu-herbarium\/#primaryimage","url":"https:\/\/www.conillas.com\/wp-content\/uploads\/2025\/03\/40500000328-Portaeines-de-Porcellana-15x19cm.jpg","contentUrl":"https:\/\/www.conillas.com\/wp-content\/uploads\/2025\/03\/40500000328-Portaeines-de-Porcellana-15x19cm.jpg","width":1181,"height":1181},{"@type":"BreadcrumbList","@id":"https:\/\/www.conillas.com\/ca\/producte\/suport-de-porcellana-amb-utensilis-de-cuina-en-bambu-herbarium\/#breadcrumb","itemListElement":[{"@type":"ListItem","position":1,"name":"Portada","item":"https:\/\/www.conillas.com\/ca\/"},{"@type":"ListItem","position":2,"name":"Botiga","item":"https:\/\/www.conillas.com\/ca\/botiga\/"},{"@type":"ListItem","position":3,"name":"Suport de porcellana amb utensilis de cuina en bamb\u00fa \u2013 HERBARIUM"}]},{"@type":"WebSite","@id":"https:\/\/www.conillas.com\/ca\/#website","url":"https:\/\/www.conillas.com\/ca\/","name":"Conillas","description":"Servicios de Paisajismo y Jardiner\u00eda","potentialAction":[{"@type":"SearchAction","target":{"@type":"EntryPoint","urlTemplate":"https:\/\/www.conillas.com\/ca\/?s={search_term_string}"},"query-input":{"@type":"PropertyValueSpecification","valueRequired":true,"valueName":"search_term_string"}}],"inLanguage":"ca"}]}},"_links":{"self":[{"href":"https:\/\/www.conillas.com\/ca\/wp-json\/wp\/v2\/product\/9922","targetHints":{"allow":["GET"]}}],"collection":[{"href":"https:\/\/www.conillas.com\/ca\/wp-json\/wp\/v2\/product"}],"about":[{"href":"https:\/\/www.conillas.com\/ca\/wp-json\/wp\/v2\/types\/product"}],"wp:featuredmedia":[{"embeddable":true,"href":"https:\/\/www.conillas.com\/ca\/wp-json\/wp\/v2\/media\/9914"}],"wp:attachment":[{"href":"https:\/\/www.conillas.com\/ca\/wp-json\/wp\/v2\/media?parent=9922"}],"wp:term":[{"taxonomy":"product_brand","embeddable":true,"href":"https:\/\/www.conillas.com\/ca\/wp-json\/wp\/v2\/product_brand?post=9922"},{"taxonomy":"product_cat","embeddable":true,"href":"https:\/\/www.conillas.com\/ca\/wp-json\/wp\/v2\/product_cat?post=9922"},{"taxonomy":"product_tag","embeddable":true,"href":"https:\/\/www.conillas.com\/ca\/wp-json\/wp\/v2\/product_tag?post=9922"}],"curies":[{"name":"wp","href":"https:\/\/api.w.org\/{rel}","templated":true}]}}