{"id":9872,"date":"2025-03-11T18:18:24","date_gmt":"2025-03-11T17:18:24","guid":{"rendered":"https:\/\/www.conillas.com\/producto\/taula-de-formatges-de-bambu-amb-ganivets-i-tapa-de-vidre\/"},"modified":"2025-04-25T13:08:13","modified_gmt":"2025-04-25T11:08:13","slug":"taula-de-formatges-de-bambu-amb-ganivets-i-tapa-de-vidre","status":"publish","type":"product","link":"https:\/\/www.conillas.com\/ca\/producte\/taula-de-formatges-de-bambu-amb-ganivets-i-tapa-de-vidre\/","title":{"rendered":"Taula de formatges de bamb\u00fa amb ganivets i tapa de vidre"},"content":{"rendered":"<p><strong>Mesures:<\/strong><br \/>\n<strong>&#8211; Rectangular:<\/strong>\u00a025,5 x 25,5 cm<br \/>\n<strong>&#8211; Quadrada:<\/strong>\u00a031,5 x 20 cm<\/p>\n<p>Aquest producte <strong>no<\/strong> admet canvis ni devolucions.<br \/>\nEl preu <strong>no<\/strong> inclou les despeses d&#8217;enviament.<\/p>\n<ul>\n<li>Despeses d&#8217;enviament: <strong>18,40\u20ac.<\/strong><\/li>\n<li>Els enviaments es far\u00e0n de<strong> dilluns a divendres<\/strong> en els seg\u00fcents horaris:\n<ul>\n<li>Mat\u00ed (9:00 &#8211; 15:00)<\/li>\n<li>Tarda (15:00 &#8211; 19:00)<\/li>\n<\/ul>\n<\/li>\n<li><strong>Per a les comandes online el termini d&#8217;entrega ser\u00e0 de 48h. Les comandes fetes en dissabte o diumenge es tramitar\u00e0n a partir del seg\u00fcent dilluns.<\/strong><\/li>\n<\/ul>\n","protected":false},"excerpt":{"rendered":"<p>Gaudeix d\u2019una presentaci\u00f3 elegant amb aquesta taula de formatges de bamb\u00fa, que inclou una tapa de vidre i un joc de ganivets especials per tallar i servir amb precisi\u00f3.<\/p>\n<p>Fabricada amb bamb\u00fa natural i vidre resistent, combina funcionalitat i estil, ideal per a trobades, sopars especials o com a regal sofisticat per als amants del formatge.<\/p>\n<p><strong>Seleccioni la que m\u00e9s li convingui.<\/strong><\/p>\n","protected":false},"featured_media":9871,"template":"","meta":{"_et_pb_use_builder":"","_et_pb_old_content":"","_et_gb_content_width":""},"product_brand":[],"product_cat":[721,842,841,731,854,851],"product_tag":[],"class_list":{"0":"post-9872","1":"product","2":"type-product","3":"status-publish","4":"has-post-thumbnail","6":"product_cat-casa-i-cuina","7":"product_cat-llar-i-jardi","8":"product_cat-parament-a-la-taula","9":"product_cat-regal","10":"product_cat-taula-de-formatge","11":"product_cat-taules-safate","12":"product_shipping_class-enviament-a-domicili","14":"first","15":"instock","16":"taxable","17":"shipping-taxable","18":"purchasable","19":"product-type-variable"},"yoast_head":"<!-- This site is optimized with the Yoast SEO plugin v27.2 - https:\/\/yoast.com\/product\/yoast-seo-wordpress\/ -->\n<title>Taula de formatges de bamb\u00fa amb ganivets i tapa de vidre - Conillas<\/title>\n<meta name=\"robots\" content=\"index, follow, max-snippet:-1, max-image-preview:large, max-video-preview:-1\" \/>\n<link rel=\"canonical\" href=\"https:\/\/www.conillas.com\/ca\/producte\/taula-de-formatges-de-bambu-amb-ganivets-i-tapa-de-vidre\/\" \/>\n<meta property=\"og:locale\" content=\"ca_ES\" \/>\n<meta property=\"og:type\" content=\"article\" \/>\n<meta property=\"og:title\" content=\"Taula de formatges de bamb\u00fa amb ganivets i tapa de vidre - Conillas\" \/>\n<meta property=\"og:description\" content=\"Gaudeix d\u2019una presentaci\u00f3 elegant amb aquesta taula de formatges de bamb\u00fa, que inclou una tapa de vidre i un joc de ganivets especials per tallar i servir amb precisi\u00f3.  Fabricada amb bamb\u00fa natural i vidre resistent, combina funcionalitat i estil, ideal per a trobades, sopars especials o com a regal sofisticat per als amants del formatge.  Seleccioni la que m\u00e9s li convingui.\" \/>\n<meta property=\"og:url\" content=\"https:\/\/www.conillas.com\/ca\/producte\/taula-de-formatges-de-bambu-amb-ganivets-i-tapa-de-vidre\/\" \/>\n<meta property=\"og:site_name\" content=\"Conillas\" \/>\n<meta property=\"article:publisher\" content=\"https:\/\/www.facebook.com\/ConillasGardenCenter\" \/>\n<meta property=\"article:modified_time\" content=\"2025-04-25T11:08:13+00:00\" \/>\n<meta property=\"og:image\" content=\"https:\/\/www.conillas.com\/wp-content\/uploads\/2025\/03\/Untitled-design-41.jpg\" \/>\n\t<meta property=\"og:image:width\" content=\"1920\" \/>\n\t<meta property=\"og:image:height\" content=\"1080\" \/>\n\t<meta property=\"og:image:type\" content=\"image\/jpeg\" \/>\n<meta name=\"twitter:card\" content=\"summary_large_image\" \/>\n<meta name=\"twitter:site\" content=\"@centerconillas\" \/>\n<meta name=\"twitter:label1\" content=\"Temps estimat de lectura\" \/>\n\t<meta name=\"twitter:data1\" content=\"1 minut\" \/>\n<script type=\"application\/ld+json\" class=\"yoast-schema-graph\">{\"@context\":\"https:\/\/schema.org\",\"@graph\":[{\"@type\":\"WebPage\",\"@id\":\"https:\/\/www.conillas.com\/ca\/producte\/taula-de-formatges-de-bambu-amb-ganivets-i-tapa-de-vidre\/\",\"url\":\"https:\/\/www.conillas.com\/ca\/producte\/taula-de-formatges-de-bambu-amb-ganivets-i-tapa-de-vidre\/\",\"name\":\"Taula de formatges de bamb\u00fa amb ganivets i tapa de vidre - Conillas\",\"isPartOf\":{\"@id\":\"https:\/\/www.conillas.com\/ca\/#website\"},\"primaryImageOfPage\":{\"@id\":\"https:\/\/www.conillas.com\/ca\/producte\/taula-de-formatges-de-bambu-amb-ganivets-i-tapa-de-vidre\/#primaryimage\"},\"image\":{\"@id\":\"https:\/\/www.conillas.com\/ca\/producte\/taula-de-formatges-de-bambu-amb-ganivets-i-tapa-de-vidre\/#primaryimage\"},\"thumbnailUrl\":\"https:\/\/www.conillas.com\/wp-content\/uploads\/2025\/03\/Untitled-design-41.jpg\",\"datePublished\":\"2025-03-11T17:18:24+00:00\",\"dateModified\":\"2025-04-25T11:08:13+00:00\",\"breadcrumb\":{\"@id\":\"https:\/\/www.conillas.com\/ca\/producte\/taula-de-formatges-de-bambu-amb-ganivets-i-tapa-de-vidre\/#breadcrumb\"},\"inLanguage\":\"ca\",\"potentialAction\":[{\"@type\":\"ReadAction\",\"target\":[\"https:\/\/www.conillas.com\/ca\/producte\/taula-de-formatges-de-bambu-amb-ganivets-i-tapa-de-vidre\/\"]}]},{\"@type\":\"ImageObject\",\"inLanguage\":\"ca\",\"@id\":\"https:\/\/www.conillas.com\/ca\/producte\/taula-de-formatges-de-bambu-amb-ganivets-i-tapa-de-vidre\/#primaryimage\",\"url\":\"https:\/\/www.conillas.com\/wp-content\/uploads\/2025\/03\/Untitled-design-41.jpg\",\"contentUrl\":\"https:\/\/www.conillas.com\/wp-content\/uploads\/2025\/03\/Untitled-design-41.jpg\",\"width\":1920,\"height\":1080},{\"@type\":\"BreadcrumbList\",\"@id\":\"https:\/\/www.conillas.com\/ca\/producte\/taula-de-formatges-de-bambu-amb-ganivets-i-tapa-de-vidre\/#breadcrumb\",\"itemListElement\":[{\"@type\":\"ListItem\",\"position\":1,\"name\":\"Portada\",\"item\":\"https:\/\/www.conillas.com\/ca\/\"},{\"@type\":\"ListItem\",\"position\":2,\"name\":\"Botiga\",\"item\":\"https:\/\/www.conillas.com\/ca\/botiga\/\"},{\"@type\":\"ListItem\",\"position\":3,\"name\":\"Taula de formatges de bamb\u00fa amb ganivets i tapa de vidre\"}]},{\"@type\":\"WebSite\",\"@id\":\"https:\/\/www.conillas.com\/ca\/#website\",\"url\":\"https:\/\/www.conillas.com\/ca\/\",\"name\":\"Conillas\",\"description\":\"Servicios de Paisajismo y Jardiner\u00eda\",\"potentialAction\":[{\"@type\":\"SearchAction\",\"target\":{\"@type\":\"EntryPoint\",\"urlTemplate\":\"https:\/\/www.conillas.com\/ca\/?s={search_term_string}\"},\"query-input\":{\"@type\":\"PropertyValueSpecification\",\"valueRequired\":true,\"valueName\":\"search_term_string\"}}],\"inLanguage\":\"ca\"}]}<\/script>\n<!-- \/ Yoast SEO plugin. -->","yoast_head_json":{"title":"Taula de formatges de bamb\u00fa amb ganivets i tapa de vidre - Conillas","robots":{"index":"index","follow":"follow","max-snippet":"max-snippet:-1","max-image-preview":"max-image-preview:large","max-video-preview":"max-video-preview:-1"},"canonical":"https:\/\/www.conillas.com\/ca\/producte\/taula-de-formatges-de-bambu-amb-ganivets-i-tapa-de-vidre\/","og_locale":"ca_ES","og_type":"article","og_title":"Taula de formatges de bamb\u00fa amb ganivets i tapa de vidre - Conillas","og_description":"Gaudeix d\u2019una presentaci\u00f3 elegant amb aquesta taula de formatges de bamb\u00fa, que inclou una tapa de vidre i un joc de ganivets especials per tallar i servir amb precisi\u00f3.  Fabricada amb bamb\u00fa natural i vidre resistent, combina funcionalitat i estil, ideal per a trobades, sopars especials o com a regal sofisticat per als amants del formatge.  Seleccioni la que m\u00e9s li convingui.","og_url":"https:\/\/www.conillas.com\/ca\/producte\/taula-de-formatges-de-bambu-amb-ganivets-i-tapa-de-vidre\/","og_site_name":"Conillas","article_publisher":"https:\/\/www.facebook.com\/ConillasGardenCenter","article_modified_time":"2025-04-25T11:08:13+00:00","og_image":[{"width":1920,"height":1080,"url":"https:\/\/www.conillas.com\/wp-content\/uploads\/2025\/03\/Untitled-design-41.jpg","type":"image\/jpeg"}],"twitter_card":"summary_large_image","twitter_site":"@centerconillas","twitter_misc":{"Temps estimat de lectura":"1 minut"},"schema":{"@context":"https:\/\/schema.org","@graph":[{"@type":"WebPage","@id":"https:\/\/www.conillas.com\/ca\/producte\/taula-de-formatges-de-bambu-amb-ganivets-i-tapa-de-vidre\/","url":"https:\/\/www.conillas.com\/ca\/producte\/taula-de-formatges-de-bambu-amb-ganivets-i-tapa-de-vidre\/","name":"Taula de formatges de bamb\u00fa amb ganivets i tapa de vidre - Conillas","isPartOf":{"@id":"https:\/\/www.conillas.com\/ca\/#website"},"primaryImageOfPage":{"@id":"https:\/\/www.conillas.com\/ca\/producte\/taula-de-formatges-de-bambu-amb-ganivets-i-tapa-de-vidre\/#primaryimage"},"image":{"@id":"https:\/\/www.conillas.com\/ca\/producte\/taula-de-formatges-de-bambu-amb-ganivets-i-tapa-de-vidre\/#primaryimage"},"thumbnailUrl":"https:\/\/www.conillas.com\/wp-content\/uploads\/2025\/03\/Untitled-design-41.jpg","datePublished":"2025-03-11T17:18:24+00:00","dateModified":"2025-04-25T11:08:13+00:00","breadcrumb":{"@id":"https:\/\/www.conillas.com\/ca\/producte\/taula-de-formatges-de-bambu-amb-ganivets-i-tapa-de-vidre\/#breadcrumb"},"inLanguage":"ca","potentialAction":[{"@type":"ReadAction","target":["https:\/\/www.conillas.com\/ca\/producte\/taula-de-formatges-de-bambu-amb-ganivets-i-tapa-de-vidre\/"]}]},{"@type":"ImageObject","inLanguage":"ca","@id":"https:\/\/www.conillas.com\/ca\/producte\/taula-de-formatges-de-bambu-amb-ganivets-i-tapa-de-vidre\/#primaryimage","url":"https:\/\/www.conillas.com\/wp-content\/uploads\/2025\/03\/Untitled-design-41.jpg","contentUrl":"https:\/\/www.conillas.com\/wp-content\/uploads\/2025\/03\/Untitled-design-41.jpg","width":1920,"height":1080},{"@type":"BreadcrumbList","@id":"https:\/\/www.conillas.com\/ca\/producte\/taula-de-formatges-de-bambu-amb-ganivets-i-tapa-de-vidre\/#breadcrumb","itemListElement":[{"@type":"ListItem","position":1,"name":"Portada","item":"https:\/\/www.conillas.com\/ca\/"},{"@type":"ListItem","position":2,"name":"Botiga","item":"https:\/\/www.conillas.com\/ca\/botiga\/"},{"@type":"ListItem","position":3,"name":"Taula de formatges de bamb\u00fa amb ganivets i tapa de vidre"}]},{"@type":"WebSite","@id":"https:\/\/www.conillas.com\/ca\/#website","url":"https:\/\/www.conillas.com\/ca\/","name":"Conillas","description":"Servicios de Paisajismo y Jardiner\u00eda","potentialAction":[{"@type":"SearchAction","target":{"@type":"EntryPoint","urlTemplate":"https:\/\/www.conillas.com\/ca\/?s={search_term_string}"},"query-input":{"@type":"PropertyValueSpecification","valueRequired":true,"valueName":"search_term_string"}}],"inLanguage":"ca"}]}},"_links":{"self":[{"href":"https:\/\/www.conillas.com\/ca\/wp-json\/wp\/v2\/product\/9872","targetHints":{"allow":["GET"]}}],"collection":[{"href":"https:\/\/www.conillas.com\/ca\/wp-json\/wp\/v2\/product"}],"about":[{"href":"https:\/\/www.conillas.com\/ca\/wp-json\/wp\/v2\/types\/product"}],"wp:featuredmedia":[{"embeddable":true,"href":"https:\/\/www.conillas.com\/ca\/wp-json\/wp\/v2\/media\/9871"}],"wp:attachment":[{"href":"https:\/\/www.conillas.com\/ca\/wp-json\/wp\/v2\/media?parent=9872"}],"wp:term":[{"taxonomy":"product_brand","embeddable":true,"href":"https:\/\/www.conillas.com\/ca\/wp-json\/wp\/v2\/product_brand?post=9872"},{"taxonomy":"product_cat","embeddable":true,"href":"https:\/\/www.conillas.com\/ca\/wp-json\/wp\/v2\/product_cat?post=9872"},{"taxonomy":"product_tag","embeddable":true,"href":"https:\/\/www.conillas.com\/ca\/wp-json\/wp\/v2\/product_tag?post=9872"}],"curies":[{"name":"wp","href":"https:\/\/api.w.org\/{rel}","templated":true}]}}