{"id":9367,"date":"2025-02-20T18:10:04","date_gmt":"2025-02-20T17:10:04","guid":{"rendered":"https:\/\/www.conillas.com\/producto\/tissores-de-podar-dacer-inoxidable\/"},"modified":"2025-04-29T16:40:09","modified_gmt":"2025-04-29T14:40:09","slug":"tissores-de-podar-dacer-inoxidable","status":"publish","type":"product","link":"https:\/\/www.conillas.com\/ca\/producte\/tissores-de-podar-dacer-inoxidable\/","title":{"rendered":"Tissores Vintage Especials de Podar d&#8217;Acer Inoxidable"},"content":{"rendered":"<p><b class=\"list__label\">Mides del producte en cm: <\/b>Amplada <span class=\"list__value\">5,4cm x Profunditat 2cm x Altura 20,4cm<br \/>\n<\/span><b class=\"list__label\">Material: <\/b><span class=\"list__value\">Acer inoxidable, fusta de freixe.<\/span><\/p>\n<p>Aquest producte <strong>no<\/strong> admet canvis ni devolucions.<br \/>\nEl preu <strong>no<\/strong> inclou les despeses d&#8217;enviament.<\/p>\n<ul>\n<li>Despeses d&#8217;enviament: <strong>18,40\u20ac.<\/strong><\/li>\n<li>Els enviaments es far\u00e0n de<strong> dilluns a divendres<\/strong> en els seg\u00fcents horaris:\n<ul>\n<li>Mat\u00ed (9:00 &#8211; 15:00)<\/li>\n<li>Tarda (15:00 &#8211; 19:00)<\/li>\n<\/ul>\n<\/li>\n<li><strong>Per a les comandes online el termini d&#8217;entrega ser\u00e0 de 48h. Les comandes fetes en dissabte o diumenge es tramitar\u00e0n a partir del seg\u00fcent dilluns.<\/strong><\/li>\n<\/ul>\n","protected":false},"excerpt":{"rendered":"<p>Aquesta podadora tradicional d&#8217;acer inoxidable \u00e9s el regal perfecte per a qualsevol persona amb m\u00e0 verda.<\/p>\n<p>El seu disseny vers\u00e0til la fa ideal per podar brots, flors o fins i tot com a eina per recollir fruites amb facilitat.<\/p>\n<p>Disposa d&#8217;un sistema de bloqueig a la part posterior per a una major seguretat, i el seu m\u00e0nec ergon\u00f2mic assegura un agafament c\u00f2mode i ferm.<\/p>\n<p>Presentada en una elegant caixa de regal oberta amb tancament europeu, \u00e9s un detall ideal per als jardiners m\u00e9s apassionats.<\/p>\n","protected":false},"featured_media":9292,"template":"","meta":{"_et_pb_use_builder":"","_et_pb_old_content":"","_et_gb_content_width":""},"product_brand":[],"product_cat":[704,843,842,731],"product_tag":[],"class_list":{"0":"post-9367","1":"product","2":"type-product","3":"status-publish","4":"has-post-thumbnail","6":"product_cat-eines","7":"product_cat-jardi","8":"product_cat-llar-i-jardi","9":"product_cat-regal","10":"product_shipping_class-enviament-a-domicili","12":"first","13":"instock","14":"taxable","15":"shipping-taxable","16":"purchasable","17":"product-type-simple"},"yoast_head":"<!-- This site is optimized with the Yoast SEO plugin v27.2 - https:\/\/yoast.com\/product\/yoast-seo-wordpress\/ -->\n<title>Tissores Vintage Especials de Podar d&#039;Acer Inoxidable - Conillas<\/title>\n<meta name=\"robots\" content=\"index, follow, max-snippet:-1, max-image-preview:large, max-video-preview:-1\" \/>\n<link rel=\"canonical\" href=\"https:\/\/www.conillas.com\/ca\/producte\/tissores-de-podar-dacer-inoxidable\/\" \/>\n<meta property=\"og:locale\" content=\"ca_ES\" \/>\n<meta property=\"og:type\" content=\"article\" \/>\n<meta property=\"og:title\" content=\"Tissores Vintage Especials de Podar d&#039;Acer Inoxidable - Conillas\" \/>\n<meta property=\"og:description\" content=\"Aquesta podadora tradicional d&#039;acer inoxidable \u00e9s el regal perfecte per a qualsevol persona amb m\u00e0 verda.  El seu disseny vers\u00e0til la fa ideal per podar brots, flors o fins i tot com a eina per recollir fruites amb facilitat.  Disposa d&#039;un sistema de bloqueig a la part posterior per a una major seguretat, i el seu m\u00e0nec ergon\u00f2mic assegura un agafament c\u00f2mode i ferm.  Presentada en una elegant caixa de regal oberta amb tancament europeu, \u00e9s un detall ideal per als jardiners m\u00e9s apassionats.\" \/>\n<meta property=\"og:url\" content=\"https:\/\/www.conillas.com\/ca\/producte\/tissores-de-podar-dacer-inoxidable\/\" \/>\n<meta property=\"og:site_name\" content=\"Conillas\" \/>\n<meta property=\"article:publisher\" content=\"https:\/\/www.facebook.com\/ConillasGardenCenter\" \/>\n<meta property=\"article:modified_time\" content=\"2025-04-29T14:40:09+00:00\" \/>\n<meta property=\"og:image\" content=\"https:\/\/www.conillas.com\/wp-content\/uploads\/2025\/02\/GT13_01.png\" \/>\n\t<meta property=\"og:image:width\" content=\"1240\" \/>\n\t<meta property=\"og:image:height\" content=\"1240\" \/>\n\t<meta property=\"og:image:type\" content=\"image\/png\" \/>\n<meta name=\"twitter:card\" content=\"summary_large_image\" \/>\n<meta name=\"twitter:site\" content=\"@centerconillas\" \/>\n<meta name=\"twitter:label1\" content=\"Temps estimat de lectura\" \/>\n\t<meta name=\"twitter:data1\" content=\"1 minut\" \/>\n<script type=\"application\/ld+json\" class=\"yoast-schema-graph\">{\"@context\":\"https:\/\/schema.org\",\"@graph\":[{\"@type\":\"WebPage\",\"@id\":\"https:\/\/www.conillas.com\/ca\/producte\/tissores-de-podar-dacer-inoxidable\/\",\"url\":\"https:\/\/www.conillas.com\/ca\/producte\/tissores-de-podar-dacer-inoxidable\/\",\"name\":\"Tissores Vintage Especials de Podar d'Acer Inoxidable - Conillas\",\"isPartOf\":{\"@id\":\"https:\/\/www.conillas.com\/ca\/#website\"},\"primaryImageOfPage\":{\"@id\":\"https:\/\/www.conillas.com\/ca\/producte\/tissores-de-podar-dacer-inoxidable\/#primaryimage\"},\"image\":{\"@id\":\"https:\/\/www.conillas.com\/ca\/producte\/tissores-de-podar-dacer-inoxidable\/#primaryimage\"},\"thumbnailUrl\":\"https:\/\/www.conillas.com\/wp-content\/uploads\/2025\/02\/GT13_01.png\",\"datePublished\":\"2025-02-20T17:10:04+00:00\",\"dateModified\":\"2025-04-29T14:40:09+00:00\",\"breadcrumb\":{\"@id\":\"https:\/\/www.conillas.com\/ca\/producte\/tissores-de-podar-dacer-inoxidable\/#breadcrumb\"},\"inLanguage\":\"ca\",\"potentialAction\":[{\"@type\":\"ReadAction\",\"target\":[\"https:\/\/www.conillas.com\/ca\/producte\/tissores-de-podar-dacer-inoxidable\/\"]}]},{\"@type\":\"ImageObject\",\"inLanguage\":\"ca\",\"@id\":\"https:\/\/www.conillas.com\/ca\/producte\/tissores-de-podar-dacer-inoxidable\/#primaryimage\",\"url\":\"https:\/\/www.conillas.com\/wp-content\/uploads\/2025\/02\/GT13_01.png\",\"contentUrl\":\"https:\/\/www.conillas.com\/wp-content\/uploads\/2025\/02\/GT13_01.png\",\"width\":1240,\"height\":1240},{\"@type\":\"BreadcrumbList\",\"@id\":\"https:\/\/www.conillas.com\/ca\/producte\/tissores-de-podar-dacer-inoxidable\/#breadcrumb\",\"itemListElement\":[{\"@type\":\"ListItem\",\"position\":1,\"name\":\"Portada\",\"item\":\"https:\/\/www.conillas.com\/ca\/\"},{\"@type\":\"ListItem\",\"position\":2,\"name\":\"Botiga\",\"item\":\"https:\/\/www.conillas.com\/ca\/botiga\/\"},{\"@type\":\"ListItem\",\"position\":3,\"name\":\"Tissores Vintage Especials de Podar d&#8217;Acer Inoxidable\"}]},{\"@type\":\"WebSite\",\"@id\":\"https:\/\/www.conillas.com\/ca\/#website\",\"url\":\"https:\/\/www.conillas.com\/ca\/\",\"name\":\"Conillas\",\"description\":\"Servicios de Paisajismo y Jardiner\u00eda\",\"potentialAction\":[{\"@type\":\"SearchAction\",\"target\":{\"@type\":\"EntryPoint\",\"urlTemplate\":\"https:\/\/www.conillas.com\/ca\/?s={search_term_string}\"},\"query-input\":{\"@type\":\"PropertyValueSpecification\",\"valueRequired\":true,\"valueName\":\"search_term_string\"}}],\"inLanguage\":\"ca\"}]}<\/script>\n<!-- \/ Yoast SEO plugin. -->","yoast_head_json":{"title":"Tissores Vintage Especials de Podar d'Acer Inoxidable - Conillas","robots":{"index":"index","follow":"follow","max-snippet":"max-snippet:-1","max-image-preview":"max-image-preview:large","max-video-preview":"max-video-preview:-1"},"canonical":"https:\/\/www.conillas.com\/ca\/producte\/tissores-de-podar-dacer-inoxidable\/","og_locale":"ca_ES","og_type":"article","og_title":"Tissores Vintage Especials de Podar d'Acer Inoxidable - Conillas","og_description":"Aquesta podadora tradicional d'acer inoxidable \u00e9s el regal perfecte per a qualsevol persona amb m\u00e0 verda.  El seu disseny vers\u00e0til la fa ideal per podar brots, flors o fins i tot com a eina per recollir fruites amb facilitat.  Disposa d'un sistema de bloqueig a la part posterior per a una major seguretat, i el seu m\u00e0nec ergon\u00f2mic assegura un agafament c\u00f2mode i ferm.  Presentada en una elegant caixa de regal oberta amb tancament europeu, \u00e9s un detall ideal per als jardiners m\u00e9s apassionats.","og_url":"https:\/\/www.conillas.com\/ca\/producte\/tissores-de-podar-dacer-inoxidable\/","og_site_name":"Conillas","article_publisher":"https:\/\/www.facebook.com\/ConillasGardenCenter","article_modified_time":"2025-04-29T14:40:09+00:00","og_image":[{"width":1240,"height":1240,"url":"https:\/\/www.conillas.com\/wp-content\/uploads\/2025\/02\/GT13_01.png","type":"image\/png"}],"twitter_card":"summary_large_image","twitter_site":"@centerconillas","twitter_misc":{"Temps estimat de lectura":"1 minut"},"schema":{"@context":"https:\/\/schema.org","@graph":[{"@type":"WebPage","@id":"https:\/\/www.conillas.com\/ca\/producte\/tissores-de-podar-dacer-inoxidable\/","url":"https:\/\/www.conillas.com\/ca\/producte\/tissores-de-podar-dacer-inoxidable\/","name":"Tissores Vintage Especials de Podar d'Acer Inoxidable - Conillas","isPartOf":{"@id":"https:\/\/www.conillas.com\/ca\/#website"},"primaryImageOfPage":{"@id":"https:\/\/www.conillas.com\/ca\/producte\/tissores-de-podar-dacer-inoxidable\/#primaryimage"},"image":{"@id":"https:\/\/www.conillas.com\/ca\/producte\/tissores-de-podar-dacer-inoxidable\/#primaryimage"},"thumbnailUrl":"https:\/\/www.conillas.com\/wp-content\/uploads\/2025\/02\/GT13_01.png","datePublished":"2025-02-20T17:10:04+00:00","dateModified":"2025-04-29T14:40:09+00:00","breadcrumb":{"@id":"https:\/\/www.conillas.com\/ca\/producte\/tissores-de-podar-dacer-inoxidable\/#breadcrumb"},"inLanguage":"ca","potentialAction":[{"@type":"ReadAction","target":["https:\/\/www.conillas.com\/ca\/producte\/tissores-de-podar-dacer-inoxidable\/"]}]},{"@type":"ImageObject","inLanguage":"ca","@id":"https:\/\/www.conillas.com\/ca\/producte\/tissores-de-podar-dacer-inoxidable\/#primaryimage","url":"https:\/\/www.conillas.com\/wp-content\/uploads\/2025\/02\/GT13_01.png","contentUrl":"https:\/\/www.conillas.com\/wp-content\/uploads\/2025\/02\/GT13_01.png","width":1240,"height":1240},{"@type":"BreadcrumbList","@id":"https:\/\/www.conillas.com\/ca\/producte\/tissores-de-podar-dacer-inoxidable\/#breadcrumb","itemListElement":[{"@type":"ListItem","position":1,"name":"Portada","item":"https:\/\/www.conillas.com\/ca\/"},{"@type":"ListItem","position":2,"name":"Botiga","item":"https:\/\/www.conillas.com\/ca\/botiga\/"},{"@type":"ListItem","position":3,"name":"Tissores Vintage Especials de Podar d&#8217;Acer Inoxidable"}]},{"@type":"WebSite","@id":"https:\/\/www.conillas.com\/ca\/#website","url":"https:\/\/www.conillas.com\/ca\/","name":"Conillas","description":"Servicios de Paisajismo y Jardiner\u00eda","potentialAction":[{"@type":"SearchAction","target":{"@type":"EntryPoint","urlTemplate":"https:\/\/www.conillas.com\/ca\/?s={search_term_string}"},"query-input":{"@type":"PropertyValueSpecification","valueRequired":true,"valueName":"search_term_string"}}],"inLanguage":"ca"}]}},"_links":{"self":[{"href":"https:\/\/www.conillas.com\/ca\/wp-json\/wp\/v2\/product\/9367","targetHints":{"allow":["GET"]}}],"collection":[{"href":"https:\/\/www.conillas.com\/ca\/wp-json\/wp\/v2\/product"}],"about":[{"href":"https:\/\/www.conillas.com\/ca\/wp-json\/wp\/v2\/types\/product"}],"wp:featuredmedia":[{"embeddable":true,"href":"https:\/\/www.conillas.com\/ca\/wp-json\/wp\/v2\/media\/9292"}],"wp:attachment":[{"href":"https:\/\/www.conillas.com\/ca\/wp-json\/wp\/v2\/media?parent=9367"}],"wp:term":[{"taxonomy":"product_brand","embeddable":true,"href":"https:\/\/www.conillas.com\/ca\/wp-json\/wp\/v2\/product_brand?post=9367"},{"taxonomy":"product_cat","embeddable":true,"href":"https:\/\/www.conillas.com\/ca\/wp-json\/wp\/v2\/product_cat?post=9367"},{"taxonomy":"product_tag","embeddable":true,"href":"https:\/\/www.conillas.com\/ca\/wp-json\/wp\/v2\/product_tag?post=9367"}],"curies":[{"name":"wp","href":"https:\/\/api.w.org\/{rel}","templated":true}]}}