{"id":10473,"date":"2025-04-10T18:45:20","date_gmt":"2025-04-10T16:45:20","guid":{"rendered":"https:\/\/www.conillas.com\/producto\/rosa-de-crispetes\/"},"modified":"2025-04-24T15:42:49","modified_gmt":"2025-04-24T13:42:49","slug":"rosa-de-crispetes","status":"publish","type":"product","link":"https:\/\/www.conillas.com\/ca\/producte\/rosa-de-crispetes\/","title":{"rendered":"Pop-Pop Rosa"},"content":{"rendered":"<p data-start=\"110\" data-end=\"373\">Aquest producte <strong>no<\/strong> admet canvis <strong>ni<\/strong> devolucions.<br \/>\nEl preu <strong>no<\/strong> inclou les despeses d&#8217;enviament.<br \/>\nLa foto de l&#8217;article es <strong>orientativa<\/strong>.<\/p>\n<p>Despeses d&#8217;enviament: <strong>10\u20ac<\/strong>.<br \/>\nEls enviaments es far\u00e0n de <strong>dilluns a divendres<\/strong> en els seg\u00fcents horaris:<br \/>\n&#8211; Mat\u00ed (9:00 &#8211; 15:00)<br \/>\n&#8211; Tarda (15:00 &#8211; 19:00)<\/p>\n<p><strong>Per a les comandes online el termini d&#8217;entrega ser\u00e0 de 48h. Les comandes fetes en dissabte o diumenge es tramitar\u00e0n a partir del seg\u00fcent dilluns.<\/strong><\/p>\n","protected":false},"excerpt":{"rendered":"<p>Celebra la <strong>Diada de Sant Jordi<\/strong> amb un regal tan original com encantador. Aquest arranjament de <em data-start=\"268\" data-end=\"302\">Conillas <\/em>combina tradici\u00f3, natura i un toc d&#8217;humor que el fa realment especial.<\/p>\n<p>Presentat en una capsa vintage de ratlles verdes i blanques, inclou una rosa vermella natural, s\u00edmbol de l\u2019amor, acompanyada d\u2019una espiga de blat que representa l\u2019abund\u00e0ncia i la fertilitat.<\/p>\n<p>El verd ornamental hi aporta frescor, mentre que el lla\u00e7 amb la senyera catalana ret homenatge a la nostra cultura.<\/p>\n<p>I el m\u00e9s divertit: <strong data-start=\"702\" data-end=\"728\">crispetes decoratives!<\/strong>\u00a0Perqu\u00e8 els detalls que sorprenen\u2026 s\u00f3n els que es recorden.<\/p>\n","protected":false},"featured_media":10885,"template":"","meta":{"_et_pb_use_builder":"","_et_pb_old_content":"","_et_gb_content_width":""},"product_brand":[],"product_cat":[734,146],"product_tag":[],"class_list":{"0":"post-10473","1":"product","2":"type-product","3":"status-publish","4":"has-post-thumbnail","6":"product_cat-rosas-ca","7":"product_cat-sant-jordi-ca","8":"product_shipping_class-especial-sant-jordi","10":"first","11":"outofstock","12":"taxable","13":"shipping-taxable","14":"product-type-simple"},"yoast_head":"<!-- This site is optimized with the Yoast SEO plugin v27.2 - https:\/\/yoast.com\/product\/yoast-seo-wordpress\/ -->\n<title>Pop-Pop Rosa - Conillas<\/title>\n<meta name=\"robots\" content=\"index, follow, max-snippet:-1, max-image-preview:large, max-video-preview:-1\" \/>\n<link rel=\"canonical\" href=\"https:\/\/www.conillas.com\/ca\/producte\/rosa-de-crispetes\/\" \/>\n<meta property=\"og:locale\" content=\"ca_ES\" \/>\n<meta property=\"og:type\" content=\"article\" \/>\n<meta property=\"og:title\" content=\"Pop-Pop Rosa - Conillas\" \/>\n<meta property=\"og:description\" content=\"Celebra la Diada de Sant Jordi amb un regal tan original com encantador. Aquest arranjament de Conillas combina tradici\u00f3, natura i un toc d&#039;humor que el fa realment especial.  Presentat en una capsa vintage de ratlles verdes i blanques, inclou una rosa vermella natural, s\u00edmbol de l\u2019amor, acompanyada d\u2019una espiga de blat que representa l\u2019abund\u00e0ncia i la fertilitat.  El verd ornamental hi aporta frescor, mentre que el lla\u00e7 amb la senyera catalana ret homenatge a la nostra cultura.  I el m\u00e9s divertit: crispetes decoratives!\u00a0Perqu\u00e8 els detalls que sorprenen\u2026 s\u00f3n els que es recorden.\" \/>\n<meta property=\"og:url\" content=\"https:\/\/www.conillas.com\/ca\/producte\/rosa-de-crispetes\/\" \/>\n<meta property=\"og:site_name\" content=\"Conillas\" \/>\n<meta property=\"article:publisher\" content=\"https:\/\/www.facebook.com\/ConillasGardenCenter\" \/>\n<meta property=\"article:modified_time\" content=\"2025-04-24T13:42:49+00:00\" \/>\n<meta property=\"og:image\" content=\"https:\/\/www.conillas.com\/wp-content\/uploads\/2025\/04\/Pop-Rosa-Conillas00005.jpg\" \/>\n\t<meta property=\"og:image:width\" content=\"1080\" \/>\n\t<meta property=\"og:image:height\" content=\"1080\" \/>\n\t<meta property=\"og:image:type\" content=\"image\/jpeg\" \/>\n<meta name=\"twitter:card\" content=\"summary_large_image\" \/>\n<meta name=\"twitter:site\" content=\"@centerconillas\" \/>\n<meta name=\"twitter:label1\" content=\"Temps estimat de lectura\" \/>\n\t<meta name=\"twitter:data1\" content=\"1 minut\" \/>\n<script type=\"application\/ld+json\" class=\"yoast-schema-graph\">{\"@context\":\"https:\/\/schema.org\",\"@graph\":[{\"@type\":\"WebPage\",\"@id\":\"https:\/\/www.conillas.com\/ca\/producte\/rosa-de-crispetes\/\",\"url\":\"https:\/\/www.conillas.com\/ca\/producte\/rosa-de-crispetes\/\",\"name\":\"Pop-Pop Rosa - Conillas\",\"isPartOf\":{\"@id\":\"https:\/\/www.conillas.com\/ca\/#website\"},\"primaryImageOfPage\":{\"@id\":\"https:\/\/www.conillas.com\/ca\/producte\/rosa-de-crispetes\/#primaryimage\"},\"image\":{\"@id\":\"https:\/\/www.conillas.com\/ca\/producte\/rosa-de-crispetes\/#primaryimage\"},\"thumbnailUrl\":\"https:\/\/www.conillas.com\/wp-content\/uploads\/2025\/04\/Pop-Rosa-Conillas00005.jpg\",\"datePublished\":\"2025-04-10T16:45:20+00:00\",\"dateModified\":\"2025-04-24T13:42:49+00:00\",\"breadcrumb\":{\"@id\":\"https:\/\/www.conillas.com\/ca\/producte\/rosa-de-crispetes\/#breadcrumb\"},\"inLanguage\":\"ca\",\"potentialAction\":[{\"@type\":\"ReadAction\",\"target\":[\"https:\/\/www.conillas.com\/ca\/producte\/rosa-de-crispetes\/\"]}]},{\"@type\":\"ImageObject\",\"inLanguage\":\"ca\",\"@id\":\"https:\/\/www.conillas.com\/ca\/producte\/rosa-de-crispetes\/#primaryimage\",\"url\":\"https:\/\/www.conillas.com\/wp-content\/uploads\/2025\/04\/Pop-Rosa-Conillas00005.jpg\",\"contentUrl\":\"https:\/\/www.conillas.com\/wp-content\/uploads\/2025\/04\/Pop-Rosa-Conillas00005.jpg\",\"width\":1080,\"height\":1080},{\"@type\":\"BreadcrumbList\",\"@id\":\"https:\/\/www.conillas.com\/ca\/producte\/rosa-de-crispetes\/#breadcrumb\",\"itemListElement\":[{\"@type\":\"ListItem\",\"position\":1,\"name\":\"Portada\",\"item\":\"https:\/\/www.conillas.com\/ca\/\"},{\"@type\":\"ListItem\",\"position\":2,\"name\":\"Botiga\",\"item\":\"https:\/\/www.conillas.com\/ca\/botiga\/\"},{\"@type\":\"ListItem\",\"position\":3,\"name\":\"Pop-Pop Rosa\"}]},{\"@type\":\"WebSite\",\"@id\":\"https:\/\/www.conillas.com\/ca\/#website\",\"url\":\"https:\/\/www.conillas.com\/ca\/\",\"name\":\"Conillas\",\"description\":\"Servicios de Paisajismo y Jardiner\u00eda\",\"potentialAction\":[{\"@type\":\"SearchAction\",\"target\":{\"@type\":\"EntryPoint\",\"urlTemplate\":\"https:\/\/www.conillas.com\/ca\/?s={search_term_string}\"},\"query-input\":{\"@type\":\"PropertyValueSpecification\",\"valueRequired\":true,\"valueName\":\"search_term_string\"}}],\"inLanguage\":\"ca\"}]}<\/script>\n<!-- \/ Yoast SEO plugin. -->","yoast_head_json":{"title":"Pop-Pop Rosa - Conillas","robots":{"index":"index","follow":"follow","max-snippet":"max-snippet:-1","max-image-preview":"max-image-preview:large","max-video-preview":"max-video-preview:-1"},"canonical":"https:\/\/www.conillas.com\/ca\/producte\/rosa-de-crispetes\/","og_locale":"ca_ES","og_type":"article","og_title":"Pop-Pop Rosa - Conillas","og_description":"Celebra la Diada de Sant Jordi amb un regal tan original com encantador. Aquest arranjament de Conillas combina tradici\u00f3, natura i un toc d'humor que el fa realment especial.  Presentat en una capsa vintage de ratlles verdes i blanques, inclou una rosa vermella natural, s\u00edmbol de l\u2019amor, acompanyada d\u2019una espiga de blat que representa l\u2019abund\u00e0ncia i la fertilitat.  El verd ornamental hi aporta frescor, mentre que el lla\u00e7 amb la senyera catalana ret homenatge a la nostra cultura.  I el m\u00e9s divertit: crispetes decoratives!\u00a0Perqu\u00e8 els detalls que sorprenen\u2026 s\u00f3n els que es recorden.","og_url":"https:\/\/www.conillas.com\/ca\/producte\/rosa-de-crispetes\/","og_site_name":"Conillas","article_publisher":"https:\/\/www.facebook.com\/ConillasGardenCenter","article_modified_time":"2025-04-24T13:42:49+00:00","og_image":[{"width":1080,"height":1080,"url":"https:\/\/www.conillas.com\/wp-content\/uploads\/2025\/04\/Pop-Rosa-Conillas00005.jpg","type":"image\/jpeg"}],"twitter_card":"summary_large_image","twitter_site":"@centerconillas","twitter_misc":{"Temps estimat de lectura":"1 minut"},"schema":{"@context":"https:\/\/schema.org","@graph":[{"@type":"WebPage","@id":"https:\/\/www.conillas.com\/ca\/producte\/rosa-de-crispetes\/","url":"https:\/\/www.conillas.com\/ca\/producte\/rosa-de-crispetes\/","name":"Pop-Pop Rosa - Conillas","isPartOf":{"@id":"https:\/\/www.conillas.com\/ca\/#website"},"primaryImageOfPage":{"@id":"https:\/\/www.conillas.com\/ca\/producte\/rosa-de-crispetes\/#primaryimage"},"image":{"@id":"https:\/\/www.conillas.com\/ca\/producte\/rosa-de-crispetes\/#primaryimage"},"thumbnailUrl":"https:\/\/www.conillas.com\/wp-content\/uploads\/2025\/04\/Pop-Rosa-Conillas00005.jpg","datePublished":"2025-04-10T16:45:20+00:00","dateModified":"2025-04-24T13:42:49+00:00","breadcrumb":{"@id":"https:\/\/www.conillas.com\/ca\/producte\/rosa-de-crispetes\/#breadcrumb"},"inLanguage":"ca","potentialAction":[{"@type":"ReadAction","target":["https:\/\/www.conillas.com\/ca\/producte\/rosa-de-crispetes\/"]}]},{"@type":"ImageObject","inLanguage":"ca","@id":"https:\/\/www.conillas.com\/ca\/producte\/rosa-de-crispetes\/#primaryimage","url":"https:\/\/www.conillas.com\/wp-content\/uploads\/2025\/04\/Pop-Rosa-Conillas00005.jpg","contentUrl":"https:\/\/www.conillas.com\/wp-content\/uploads\/2025\/04\/Pop-Rosa-Conillas00005.jpg","width":1080,"height":1080},{"@type":"BreadcrumbList","@id":"https:\/\/www.conillas.com\/ca\/producte\/rosa-de-crispetes\/#breadcrumb","itemListElement":[{"@type":"ListItem","position":1,"name":"Portada","item":"https:\/\/www.conillas.com\/ca\/"},{"@type":"ListItem","position":2,"name":"Botiga","item":"https:\/\/www.conillas.com\/ca\/botiga\/"},{"@type":"ListItem","position":3,"name":"Pop-Pop Rosa"}]},{"@type":"WebSite","@id":"https:\/\/www.conillas.com\/ca\/#website","url":"https:\/\/www.conillas.com\/ca\/","name":"Conillas","description":"Servicios de Paisajismo y Jardiner\u00eda","potentialAction":[{"@type":"SearchAction","target":{"@type":"EntryPoint","urlTemplate":"https:\/\/www.conillas.com\/ca\/?s={search_term_string}"},"query-input":{"@type":"PropertyValueSpecification","valueRequired":true,"valueName":"search_term_string"}}],"inLanguage":"ca"}]}},"_links":{"self":[{"href":"https:\/\/www.conillas.com\/ca\/wp-json\/wp\/v2\/product\/10473","targetHints":{"allow":["GET"]}}],"collection":[{"href":"https:\/\/www.conillas.com\/ca\/wp-json\/wp\/v2\/product"}],"about":[{"href":"https:\/\/www.conillas.com\/ca\/wp-json\/wp\/v2\/types\/product"}],"wp:featuredmedia":[{"embeddable":true,"href":"https:\/\/www.conillas.com\/ca\/wp-json\/wp\/v2\/media\/10885"}],"wp:attachment":[{"href":"https:\/\/www.conillas.com\/ca\/wp-json\/wp\/v2\/media?parent=10473"}],"wp:term":[{"taxonomy":"product_brand","embeddable":true,"href":"https:\/\/www.conillas.com\/ca\/wp-json\/wp\/v2\/product_brand?post=10473"},{"taxonomy":"product_cat","embeddable":true,"href":"https:\/\/www.conillas.com\/ca\/wp-json\/wp\/v2\/product_cat?post=10473"},{"taxonomy":"product_tag","embeddable":true,"href":"https:\/\/www.conillas.com\/ca\/wp-json\/wp\/v2\/product_tag?post=10473"}],"curies":[{"name":"wp","href":"https:\/\/api.w.org\/{rel}","templated":true}]}}