{"id":5655,"date":"2017-05-16T16:52:39","date_gmt":"2017-05-16T16:52:39","guid":{"rendered":"http:\/\/conillas.com\/politica-de-cookies\/"},"modified":"2020-03-12T11:03:03","modified_gmt":"2020-03-12T10:03:03","slug":"politica-de-cookies","status":"publish","type":"page","link":"https:\/\/www.conillas.com\/ca\/politica-de-cookies\/","title":{"rendered":"Pol\u00edtica de Cookies"},"content":{"rendered":"<p>[et_pb_section bb_built=&#8221;1&#8243;][et_pb_row][et_pb_column type=&#8221;4_4&#8243;][et_pb_text _builder_version=&#8221;3.0.101&#8243; background_layout=&#8221;light&#8221;]<\/p>\n<h3>1. \u00das de cookies<\/h3>\n<p>La p\u00e0gina web http:\/\/www.conillas.com titularitat de CONILLAS GARDEN CENETR SL utilitza cookies. <\/p>\n<p>Les cookies s\u00f3n fitxers que es descarreguen en el seu ordinador en accedir a determinades p\u00e0gines web. Les cookies permeten a una p\u00e0gina web, entre altres coses, emmagatzemar i recuperar informaci\u00f3 sobre els h\u00e0bits de navegaci\u00f3 d&#8217;un usuari o del seu equip i, depenent de la informaci\u00f3 que continguin i de la forma en qu\u00e8 utilitzi el seu equip. A m\u00e9s, milloren el seu proc\u00e9s de navegaci\u00f3, ja que permeten que la p\u00e0gina web oferisxi a l&#8217;usuari informaci\u00f3 que pot ser del seu inter\u00e8s en funci\u00f3 de l&#8217;\u00fas que realitze, del contingut de la mateixa.<br \/>\nEn cas de no voler rebre cookies, per favor, configure el seu navegador d\u2019Internet, perqu\u00e8 les esborri del disc dur del seu ordinador, les bloquegi o li avisi si escau d&#8217;instal\u00b7laci\u00f3 de les mateixes. Per continuar sense canvis en la configuraci\u00f3 de les cookies, simplement, continu\u00ef a la p\u00e0gina web.<\/p>\n<h3>2. Consentiment<\/h3>\n<p>Les cookies que utilitzem no emmagatzemen dada personal algun, ni cap tipus d&#8217;informaci\u00f3 que puga identificar-li, tret que vulguin registrar-se de forma volunt\u00e0ria amb la finalitat d&#8217;utilitzar els serveis que posem a la seua disposici\u00f3 o de rebre informaci\u00f3 sobre promocions i continguts del seu inter\u00e8s.<br \/>\nEn navegar i continuar en la nostra web ens indica que est\u00e0 consentint l&#8217;\u00fas de les cookies abans enunciades, i en les condicions contingudes en la present pol\u00edtica de cookies. En cas de no estar d&#8217;acord envia un correu electr\u00f2nic a lopd@conillas.com <\/p>\n<h3>3. Com bloquejar o eliminar les cookies instal\u00b7lades<\/h3>\n<p>Pugues vost\u00e8 permetre, bloquejar o eliminar les cookies instal\u00b7lades en el seu equip mitjan\u00e7ant la configuraci\u00f3 de les opcions del seu navegador. Pot trobar informaci\u00f3 sobre com fer-ho, en relaci\u00f3 amb els navegadors m\u00e9s comuns en els links que s&#8217;inclouen a continuaci\u00f3:<\/p>\n<p>Explorer: https:\/\/support.microsoft.com\/es-es\/kb\/278835\n<\/p>\n<p>       Chrome: http:\/\/support.google.com\/chrome\/bin\/answer.py?hl=es&#038;answer=95647 <\/p>\n<p>Firefox: http:\/\/support.mozilla.org\/es\/kb\/borrar%20cookies<\/p>\n<p>Safari: http:\/\/support.apple.com\/kb\/ph5042<\/p>\n<p>  Li informem, no obstant aix\u00f2, de la possibilitat que la desactivaci\u00f3 d&#8217;alguna cookie impedeixi o dificulti la navegaci\u00f3 o la prestaci\u00f3 dels serveis oferts a la p\u00e0gina web.<br \/>\n4. http:\/\/www.conillas.com  titularitat de [nom de l&#8217;empresa] pot modificar aquesta pol\u00edtica de cookies en funci\u00f3 de les exig\u00e8ncies legals. O amb la finalitat d&#8217;adaptar aquesta pol\u00edtica a les instruccions dictades per l&#8217;Ag\u00e8ncia Espanyola de Protecci\u00f3 de Dades.<br \/>\nPer aquesta ra\u00f3, aconsellem als usuaris que la visiten peri\u00f2dicament. Quan es produ\u00efsquen canvis significatius en aquesta pol\u00edtica de cookies, es comunicaran als usuaris, b\u00e9 mitjan\u00e7ant la web o a trav\u00e9s de correu electr\u00f2nic als usuaris registrats.\n <\/p>\n<p>[\/et_pb_text][\/et_pb_column][\/et_pb_row][\/et_pb_section]<\/p>\n","protected":false},"excerpt":{"rendered":"<p><div class=\"et_pb_row et_pb_row_0 et_pb_row_empty\">\n\t\t\t\t\n\t\t\t\t\n\t\t\t\t\n\t\t\t\t\n\t\t\t\t\n\t\t\t<\/div> 1. \u00das de cookies La p\u00e0gina web http:\/\/www.conillas.com titularitat de CONILLAS GARDEN CENETR SL utilitza cookies. Les cookies s\u00f3n fitxers que es descarreguen en el seu ordinador en accedir a determinades p\u00e0gines web. Les cookies permeten a una p\u00e0gina web, entre altres coses, emmagatzemar i recuperar informaci\u00f3 sobre els h\u00e0bits de navegaci\u00f3 d&#8217;un usuari [&hellip;]<\/p>\n","protected":false},"author":4,"featured_media":0,"parent":0,"menu_order":16,"comment_status":"closed","ping_status":"closed","template":"","meta":{"_et_pb_use_builder":"on","_et_pb_old_content":"Este sitio utiliza cookies - peque\u00f1os archivos de texto que se colocan en su m\u00e1quina para ayudar al sitio a proporcionar una mejor experiencia de usuario. En general, las cookies se utilizan para conservar las preferencias del usuario, almacenar informaci\u00f3n para cosas como carros de compras y proporcionar datos de seguimiento an\u00f3nimos a aplicaciones de terceros como Google Analytics. Como regla general, las cookies har\u00e1n que tu experiencia de navegaci\u00f3n sea mejor. Sin embargo, es posible que prefiera desactivar las cookies en este sitio y en otros. La manera m\u00e1s efectiva de hacerlo es desactivar las cookies en su navegador. Sugerimos consultar la secci\u00f3n de ayuda de su navegador o echar un vistazo en el <a href=\"http:\/\/www.aboutcookies.org\" target=\"_blank\" rel=\"noopener noreferrer\">sitio web Acerca de cookies<\/a> que ofrece orientaci\u00f3n para todos los navegadores modernos.","_et_gb_content_width":"","footnotes":""},"class_list":["post-5655","page","type-page","status-publish","hentry"],"yoast_head":"<!-- This site is optimized with the Yoast SEO plugin v27.2 - https:\/\/yoast.com\/product\/yoast-seo-wordpress\/ -->\n<title>Pol\u00edtica de Cookies - Conillas<\/title>\n<meta name=\"robots\" content=\"index, follow, max-snippet:-1, max-image-preview:large, max-video-preview:-1\" \/>\n<link rel=\"canonical\" href=\"https:\/\/www.conillas.com\/ca\/politica-de-cookies\/\" \/>\n<meta property=\"og:locale\" content=\"ca_ES\" \/>\n<meta property=\"og:type\" content=\"article\" \/>\n<meta property=\"og:title\" content=\"Pol\u00edtica de Cookies - Conillas\" \/>\n<meta property=\"og:description\" content=\"1. \u00das de cookies La p\u00e0gina web http:\/\/www.conillas.com titularitat de CONILLAS GARDEN CENETR SL utilitza cookies. Les cookies s\u00f3n fitxers que es descarreguen en el seu ordinador en accedir a determinades p\u00e0gines web. Les cookies permeten a una p\u00e0gina web, entre altres coses, emmagatzemar i recuperar informaci\u00f3 sobre els h\u00e0bits de navegaci\u00f3 d&#039;un usuari [&hellip;]\" \/>\n<meta property=\"og:url\" content=\"https:\/\/www.conillas.com\/ca\/politica-de-cookies\/\" \/>\n<meta property=\"og:site_name\" content=\"Conillas\" \/>\n<meta property=\"article:publisher\" content=\"https:\/\/www.facebook.com\/ConillasGardenCenter\" \/>\n<meta property=\"article:modified_time\" content=\"2020-03-12T10:03:03+00:00\" \/>\n<meta name=\"twitter:card\" content=\"summary_large_image\" \/>\n<meta name=\"twitter:site\" content=\"@centerconillas\" \/>\n<meta name=\"twitter:label1\" content=\"Temps estimat de lectura\" \/>\n\t<meta name=\"twitter:data1\" content=\"3 minuts\" \/>\n<script type=\"application\/ld+json\" class=\"yoast-schema-graph\">{\"@context\":\"https:\/\/schema.org\",\"@graph\":[{\"@type\":\"WebPage\",\"@id\":\"https:\/\/www.conillas.com\/ca\/politica-de-cookies\/\",\"url\":\"https:\/\/www.conillas.com\/ca\/politica-de-cookies\/\",\"name\":\"Pol\u00edtica de Cookies - Conillas\",\"isPartOf\":{\"@id\":\"https:\/\/www.conillas.com\/ca\/#website\"},\"datePublished\":\"2017-05-16T16:52:39+00:00\",\"dateModified\":\"2020-03-12T10:03:03+00:00\",\"breadcrumb\":{\"@id\":\"https:\/\/www.conillas.com\/ca\/politica-de-cookies\/#breadcrumb\"},\"inLanguage\":\"ca\",\"potentialAction\":[{\"@type\":\"ReadAction\",\"target\":[\"https:\/\/www.conillas.com\/ca\/politica-de-cookies\/\"]}]},{\"@type\":\"BreadcrumbList\",\"@id\":\"https:\/\/www.conillas.com\/ca\/politica-de-cookies\/#breadcrumb\",\"itemListElement\":[{\"@type\":\"ListItem\",\"position\":1,\"name\":\"Portada\",\"item\":\"https:\/\/www.conillas.com\/ca\/\"},{\"@type\":\"ListItem\",\"position\":2,\"name\":\"Pol\u00edtica de Cookies\"}]},{\"@type\":\"WebSite\",\"@id\":\"https:\/\/www.conillas.com\/ca\/#website\",\"url\":\"https:\/\/www.conillas.com\/ca\/\",\"name\":\"Conillas\",\"description\":\"Servicios de Paisajismo y Jardiner\u00eda\",\"potentialAction\":[{\"@type\":\"SearchAction\",\"target\":{\"@type\":\"EntryPoint\",\"urlTemplate\":\"https:\/\/www.conillas.com\/ca\/?s={search_term_string}\"},\"query-input\":{\"@type\":\"PropertyValueSpecification\",\"valueRequired\":true,\"valueName\":\"search_term_string\"}}],\"inLanguage\":\"ca\"}]}<\/script>\n<!-- \/ Yoast SEO plugin. -->","yoast_head_json":{"title":"Pol\u00edtica de Cookies - Conillas","robots":{"index":"index","follow":"follow","max-snippet":"max-snippet:-1","max-image-preview":"max-image-preview:large","max-video-preview":"max-video-preview:-1"},"canonical":"https:\/\/www.conillas.com\/ca\/politica-de-cookies\/","og_locale":"ca_ES","og_type":"article","og_title":"Pol\u00edtica de Cookies - Conillas","og_description":"1. \u00das de cookies La p\u00e0gina web http:\/\/www.conillas.com titularitat de CONILLAS GARDEN CENETR SL utilitza cookies. Les cookies s\u00f3n fitxers que es descarreguen en el seu ordinador en accedir a determinades p\u00e0gines web. Les cookies permeten a una p\u00e0gina web, entre altres coses, emmagatzemar i recuperar informaci\u00f3 sobre els h\u00e0bits de navegaci\u00f3 d'un usuari [&hellip;]","og_url":"https:\/\/www.conillas.com\/ca\/politica-de-cookies\/","og_site_name":"Conillas","article_publisher":"https:\/\/www.facebook.com\/ConillasGardenCenter","article_modified_time":"2020-03-12T10:03:03+00:00","twitter_card":"summary_large_image","twitter_site":"@centerconillas","twitter_misc":{"Temps estimat de lectura":"3 minuts"},"schema":{"@context":"https:\/\/schema.org","@graph":[{"@type":"WebPage","@id":"https:\/\/www.conillas.com\/ca\/politica-de-cookies\/","url":"https:\/\/www.conillas.com\/ca\/politica-de-cookies\/","name":"Pol\u00edtica de Cookies - Conillas","isPartOf":{"@id":"https:\/\/www.conillas.com\/ca\/#website"},"datePublished":"2017-05-16T16:52:39+00:00","dateModified":"2020-03-12T10:03:03+00:00","breadcrumb":{"@id":"https:\/\/www.conillas.com\/ca\/politica-de-cookies\/#breadcrumb"},"inLanguage":"ca","potentialAction":[{"@type":"ReadAction","target":["https:\/\/www.conillas.com\/ca\/politica-de-cookies\/"]}]},{"@type":"BreadcrumbList","@id":"https:\/\/www.conillas.com\/ca\/politica-de-cookies\/#breadcrumb","itemListElement":[{"@type":"ListItem","position":1,"name":"Portada","item":"https:\/\/www.conillas.com\/ca\/"},{"@type":"ListItem","position":2,"name":"Pol\u00edtica de Cookies"}]},{"@type":"WebSite","@id":"https:\/\/www.conillas.com\/ca\/#website","url":"https:\/\/www.conillas.com\/ca\/","name":"Conillas","description":"Servicios de Paisajismo y Jardiner\u00eda","potentialAction":[{"@type":"SearchAction","target":{"@type":"EntryPoint","urlTemplate":"https:\/\/www.conillas.com\/ca\/?s={search_term_string}"},"query-input":{"@type":"PropertyValueSpecification","valueRequired":true,"valueName":"search_term_string"}}],"inLanguage":"ca"}]}},"_links":{"self":[{"href":"https:\/\/www.conillas.com\/ca\/wp-json\/wp\/v2\/pages\/5655","targetHints":{"allow":["GET"]}}],"collection":[{"href":"https:\/\/www.conillas.com\/ca\/wp-json\/wp\/v2\/pages"}],"about":[{"href":"https:\/\/www.conillas.com\/ca\/wp-json\/wp\/v2\/types\/page"}],"author":[{"embeddable":true,"href":"https:\/\/www.conillas.com\/ca\/wp-json\/wp\/v2\/users\/4"}],"replies":[{"embeddable":true,"href":"https:\/\/www.conillas.com\/ca\/wp-json\/wp\/v2\/comments?post=5655"}],"version-history":[{"count":5,"href":"https:\/\/www.conillas.com\/ca\/wp-json\/wp\/v2\/pages\/5655\/revisions"}],"predecessor-version":[{"id":6196,"href":"https:\/\/www.conillas.com\/ca\/wp-json\/wp\/v2\/pages\/5655\/revisions\/6196"}],"wp:attachment":[{"href":"https:\/\/www.conillas.com\/ca\/wp-json\/wp\/v2\/media?parent=5655"}],"curies":[{"name":"wp","href":"https:\/\/api.w.org\/{rel}","templated":true}]}}