{"id":5180,"date":"2017-11-07T12:40:20","date_gmt":"2017-11-07T12:40:20","guid":{"rendered":"http:\/\/conillas.com\/taller-de-jabones-y-esencias\/"},"modified":"2020-01-28T10:33:30","modified_gmt":"2020-01-28T09:33:30","slug":"taller-sabons-i-essencies","status":"publish","type":"page","link":"https:\/\/www.conillas.com\/ca\/taller-sabons-i-essencies\/","title":{"rendered":"Taller de sabons i ess\u00e8ncies"},"content":{"rendered":"<p>[et_pb_section fb_built=&#8221;1&#8243; background_color=&#8221;#e1dcca&#8221; specialty=&#8221;on&#8221; disabled_on=&#8221;off|off|off&#8221; admin_label=&#8221;section&#8221; _builder_version=&#8221;3.0.85&#8243; custom_padding=&#8221;0px||0px|&#8221;][et_pb_column type=&#8221;3_4&#8243; specialty_columns=&#8221;3&#8243; _builder_version=&#8221;3.0.47&#8243; parallax=&#8221;off&#8221; parallax_method=&#8221;on&#8221;][et_pb_row_inner _builder_version=&#8221;3.0.47&#8243;][et_pb_column_inner type=&#8221;4_4&#8243; saved_specialty_column_type=&#8221;3_4&#8243; _builder_version=&#8221;3.0.47&#8243; box_shadow_position=&#8221;outer&#8221; parallax=&#8221;off&#8221; parallax_method=&#8221;on&#8221;][et_pb_text _builder_version=&#8221;3.0.101&#8243; background_size=&#8221;initial&#8221; background_position=&#8221;top_left&#8221; background_repeat=&#8221;repeat&#8221; custom_margin=&#8221;||0px|&#8221; custom_padding=&#8221;||0px|&#8221;]<\/p>\n<h1><strong>TALLER DE SABONS I ESS\u00c8NCIES<\/strong><\/h1>\n<p>[\/et_pb_text][et_pb_text _builder_version=&#8221;3.0.101&#8243; background_size=&#8221;initial&#8221; background_position=&#8221;top_left&#8221; background_repeat=&#8221;repeat&#8221; custom_margin=&#8221;0px|||&#8221; custom_padding=&#8221;0px|||&#8221; inline_fonts=&#8221;Judson,Lora&#8221;]<\/p>\n<h2><span style=\"font-weight: normal; font-family: Lora;\"><span style=\"color: #a6c358;\">Apr\u00e8n com fer sabons amb flors i ess\u00e8ncies<\/span><\/span><\/h2>\n<p>[\/et_pb_text][\/et_pb_column_inner][\/et_pb_row_inner][et_pb_row_inner custom_padding=&#8221;0px|0px|0px|0px&#8221; module_class=&#8221;cuatro-columnas&#8221; _builder_version=&#8221;3.0.47&#8243;][et_pb_column_inner type=&#8221;4_4&#8243; saved_specialty_column_type=&#8221;3_4&#8243; _builder_version=&#8221;3.0.47&#8243; box_shadow_position=&#8221;outer&#8221; parallax=&#8221;off&#8221; parallax_method=&#8221;on&#8221;][et_pb_text _builder_version=&#8221;3.0.101&#8243; background_size=&#8221;initial&#8221; background_position=&#8221;top_left&#8221; background_repeat=&#8221;repeat&#8221; locked=&#8221;off&#8221;]<\/p>\n<p><strong>Dia:<\/strong>\u00a08 febrer 2020\u00a0 \u00a0<\/p>\n<p>[\/et_pb_text][\/et_pb_column_inner][\/et_pb_row_inner][\/et_pb_column][et_pb_column type=&#8221;1_4&#8243; _builder_version=&#8221;3.0.47&#8243; parallax=&#8221;off&#8221; parallax_method=&#8221;on&#8221;][et_pb_text admin_label=&#8221;Telefono &#8211; Texto&#8221; _builder_version=&#8221;3.0.85&#8243; background_size=&#8221;initial&#8221; background_position=&#8221;top_left&#8221; background_repeat=&#8221;repeat&#8221; text_orientation=&#8221;center&#8221; module_alignment=&#8221;center&#8221; custom_margin=&#8221;|||&#8221; custom_padding=&#8221;|||&#8221;]<\/p>\n<h2><b>Truca&#8217;ns al<\/b><\/h2>\n<p>+34 93 203 52 22<br \/>\n[\/et_pb_text][\/et_pb_column][\/et_pb_section][et_pb_section fb_built=&#8221;1&#8243; fullwidth=&#8221;on&#8221; admin_label=&#8221;section&#8221; _builder_version=&#8221;3.0.47&#8243;][et_pb_fullwidth_slider _builder_version=&#8221;3.0.85&#8243; parallax=&#8221;on&#8221; custom_padding=&#8221;|||&#8221; custom_padding_tablet=&#8221;|||&#8221; custom_padding_phone=&#8221;|||&#8221; box_shadow_style=&#8221;preset6&#8243; box_shadow_blur=&#8221;10px&#8221; box_shadow_color=&#8221;rgba(0,0,0,0.1)&#8221;][et_pb_slide use_bg_overlay=&#8221;on&#8221; bg_overlay_color=&#8221;rgba(78,86,97,0.6)&#8221; use_text_overlay=&#8221;off&#8221; _builder_version=&#8221;3.0.85&#8243; background_image=&#8221;https:\/\/www.conillas.com\/wp-content\/uploads\/2017\/11\/Jabones-artesanales-de-lavanda-conillas.jpg&#8221;][\/et_pb_slide][\/et_pb_fullwidth_slider][\/et_pb_section][et_pb_section fb_built=&#8221;1&#8243; admin_label=&#8221;section&#8221; _builder_version=&#8221;3.0.47&#8243;][et_pb_row custom_padding=&#8221;27px|0px|0px|0px&#8221; admin_label=&#8221;row&#8221; _builder_version=&#8221;3.0.47&#8243; background_size=&#8221;initial&#8221; background_position=&#8221;top_left&#8221; background_repeat=&#8221;repeat&#8221;][et_pb_column type=&#8221;2_3&#8243; _builder_version=&#8221;3.0.47&#8243; parallax=&#8221;off&#8221; parallax_method=&#8221;on&#8221;][et_pb_text _builder_version=&#8221;3.0.85&#8243; background_size=&#8221;initial&#8221; background_position=&#8221;top_left&#8221; background_repeat=&#8221;repeat&#8221; inline_fonts=&#8221;Lora&#8221;]<\/p>\n<h2><span style=\"font-weight: normal; font-family: Lora; color: #a6c358;\">Descripci\u00f3<\/span><\/h2>\n<p>Sabies que amb les flors que sovint tenim a casa podem fer sabons arom\u00e0tics de forma artesanal? En aquest taller ho aprendrem a fer d&#8217;una forma molt senzilla i atractiva.<\/p>\n<h2><\/h2>\n<h2><span style=\"font-family: Lora; font-weight: normal; color: #a6c358;\">Programa<\/span><\/h2>\n<ul>\n<li>Introducci\u00f3 a <span class=\"hiddenGrammarError\">l&#8217;aromaterapia<\/span>.<\/li>\n<li>Selecci\u00f3\u00a0de les flors i ess\u00e8ncies, coneixent les seves propietats.<\/li>\n<li>Sab\u00f3 tradicional amb oli d&#8217;oliva i insulsa c\u00e0ustica.<\/li>\n<li>Ingredients, <span class=\"hiddenSpellError\">proc\u00e8s\u00a0<\/span>d&#8217;elaboraci\u00f3, aromatitzaci\u00f3\u00a0i modelat.<\/li>\n<li>Sab\u00f3 de glicerina. Liquat de la base de glicerina, aromatitzaci\u00f3, coloraci\u00f3 i modelat.<\/li>\n<\/ul>\n<p>[\/et_pb_text][et_pb_button button_url=&#8221;https:\/\/www.conillas.com\/wp-content\/uploads\/2017\/11\/ilovepdf_jpg_to_pdf.pdf&#8221; url_new_window=&#8221;on&#8221; button_text=&#8221;Descarga Programa&#8221; button_alignment=&#8221;center&#8221; _builder_version=&#8221;3.0.85&#8243; custom_button=&#8221;on&#8221; button_text_size=&#8221;12px&#8221; button_text_color=&#8221;#ffffff&#8221; button_bg_color=&#8221;#435d84&#8243; button_border_color=&#8221;#435d84&#8243; button_icon=&#8221;%%72%%&#8221; button_on_hover=&#8221;off&#8221; button_rel=&#8221;off|off|off|off|off&#8221;]\u00a0<br \/>\n[\/et_pb_button][\/et_pb_column][et_pb_column type=&#8221;1_3&#8243; _builder_version=&#8221;3.0.47&#8243; parallax=&#8221;off&#8221; parallax_method=&#8221;on&#8221;][et_pb_text _builder_version=&#8221;3.0.47&#8243; background_size=&#8221;initial&#8221; background_position=&#8221;top_left&#8221; background_repeat=&#8221;repeat&#8221; custom_margin=&#8221;||0px|&#8221; custom_padding=&#8221;|||&#8221;]<\/p>\n<h3><strong>ADRE\u00c7A CONILLAS<br \/>\n<\/strong><\/h3>\n<p>[\/et_pb_text][et_pb_map address=&#8221;Av. d&#8217;Esplugues, 74, 08034 Barcelona, Espa\u00f1a&#8221; zoom_level=&#8221;14&#8243; address_lat=&#8221;41.3900195&#8243; address_lng=&#8221;2.1099334&#8243; mouse_wheel=&#8221;off&#8221; _builder_version=&#8221;3.0.47&#8243;][et_pb_map_pin title=&#8221;Conillas Garden Center&#8221; pin_address=&#8221;Av. d&#8217;Esplugues, 74, 08034 Barcelona, Espa\u00f1a&#8221; pin_address_lat=&#8221;41.3900195&#8243; pin_address_lng=&#8221;2.1099334000000454&#8243; _builder_version=&#8221;3.0.47&#8243;] Av. d&#8217;Esplugues, 74, 08034 Barcelona, Espa\u00f1a [\/et_pb_map_pin][\/et_pb_map][et_pb_text _builder_version=&#8221;3.0.47&#8243; background_size=&#8221;initial&#8221; background_position=&#8221;top_left&#8221; background_repeat=&#8221;repeat&#8221; custom_margin=&#8221;|||&#8221; custom_padding=&#8221;|||&#8221;]<strong>Conillas &#8211; Centre de Jardineria i Paisatgisme<\/strong><br \/>\nAvda. de Esplugas, 74-76<br \/>\n08034 Barcelona<br \/>\nTel.: +34 93 203 52 22<br \/>\n[\/et_pb_text][\/et_pb_column][\/et_pb_row][et_pb_row use_custom_gutter=&#8221;on&#8221; gutter_width=&#8221;1&#8243; admin_label=&#8221;row&#8221; _builder_version=&#8221;3.0.47&#8243; background_size=&#8221;initial&#8221; background_position=&#8221;top_left&#8221; background_repeat=&#8221;repeat&#8221;][et_pb_column type=&#8221;1_4&#8243; _builder_version=&#8221;3.0.47&#8243; parallax=&#8221;off&#8221; parallax_method=&#8221;on&#8221;][et_pb_text _builder_version=&#8221;3.0.47&#8243; background_size=&#8221;initial&#8221; background_position=&#8221;top_left&#8221; background_repeat=&#8221;repeat&#8221; inline_fonts=&#8221;Lora&#8221;]<\/p>\n<h2><span style=\"font-family: Lora; font-weight: normal; color: #a6c358;\">Caracter\u00edstiques<\/span><\/h2>\n<p>[\/et_pb_text][\/et_pb_column][et_pb_column type=&#8221;3_4&#8243; _builder_version=&#8221;3.0.47&#8243; parallax=&#8221;off&#8221; parallax_method=&#8221;on&#8221;][et_pb_text module_class=&#8221;borde-izquierdo&#8221; _builder_version=&#8221;3.0.47&#8243; background_size=&#8221;initial&#8221; background_position=&#8221;top_left&#8221; background_repeat=&#8221;repeat&#8221;]<\/p>\n<p><strong>CADA ALUMNE SENDUR\u00c0 A CASA:<\/strong><\/p>\n<ul>\n<li>2 pastilles de sab\u00f3 a la seva casa del taller.<\/li>\n<li>Un dossier informatiu amb material te\u00f2ric.<\/li>\n<li>Una planta arom\u00e0tica cortesia de Conillas.<\/li>\n<li>Tots els alumnes tindran\u00a0 un descompte del 10%\u00a0 en les compres realitzades durant el seg\u00fcent mes.<\/li>\n<\/ul>\n<p>[\/et_pb_text][\/et_pb_column][\/et_pb_row][et_pb_row use_custom_gutter=&#8221;on&#8221; gutter_width=&#8221;1&#8243; admin_label=&#8221;row&#8221; _builder_version=&#8221;3.0.47&#8243; background_size=&#8221;initial&#8221; background_position=&#8221;top_left&#8221; background_repeat=&#8221;repeat&#8221;][et_pb_column type=&#8221;1_4&#8243; _builder_version=&#8221;3.0.47&#8243; parallax=&#8221;off&#8221; parallax_method=&#8221;on&#8221;][et_pb_text _builder_version=&#8221;3.0.47&#8243; background_size=&#8221;initial&#8221; background_position=&#8221;top_left&#8221; background_repeat=&#8221;repeat&#8221; inline_fonts=&#8221;Lora&#8221;]<\/p>\n<h2><span style=\"font-family: Lora; font-weight: normal; color: #a6c358;\">Sobre el professor<br \/>\n<\/span><\/h2>\n<p>[\/et_pb_text][\/et_pb_column][et_pb_column type=&#8221;3_4&#8243; _builder_version=&#8221;3.0.47&#8243; parallax=&#8221;off&#8221; parallax_method=&#8221;on&#8221;][et_pb_text module_class=&#8221;borde-izquierdo&#8221; _builder_version=&#8221;3.0.47&#8243; background_size=&#8221;initial&#8221; background_position=&#8221;top_left&#8221; background_repeat=&#8221;repeat&#8221;]<strong>Joan Sol\u00e9 \u00c9<\/strong>s formador i educador ambiental. Llicenciat en biolog\u00eda.<br \/>\n[\/et_pb_text][\/et_pb_column][\/et_pb_row][et_pb_row admin_label=&#8221;row&#8221; _builder_version=&#8221;3.0.47&#8243; background_size=&#8221;initial&#8221; background_position=&#8221;top_left&#8221; background_repeat=&#8221;repeat&#8221;][et_pb_column type=&#8221;4_4&#8243; _builder_version=&#8221;3.0.47&#8243; parallax=&#8221;off&#8221; parallax_method=&#8221;on&#8221;][et_pb_text _builder_version=&#8221;3.0.60&#8243; background_size=&#8221;initial&#8221; background_position=&#8221;top_left&#8221; background_repeat=&#8221;repeat&#8221;]<\/p>\n<h3 style=\"text-align: center;\"><strong>Tots els nostres tallers han estat pensats per a que els nostres clients aprenguin i aprofundeixin sobre el m\u00f3n de la naturalesa, les flors, les plantes i el m\u00f3n de la jardineria, i la creativitat.<\/strong><\/h3>\n<p>[\/et_pb_text][et_pb_gallery gallery_ids=&#8221;4699&#8243; fullwidth=&#8221;on&#8221; _builder_version=&#8221;3.0.85&#8243;]\u00a0<br \/>\n[\/et_pb_gallery][\/et_pb_column][\/et_pb_row][\/et_pb_section][et_pb_section fb_built=&#8221;1&#8243; admin_label=&#8221;section&#8221; _builder_version=&#8221;3.0.47&#8243;][\/et_pb_section]<\/p>\n","protected":false},"excerpt":{"rendered":"<p>TALLER DE SABONS I ESS\u00c8NCIES Apr\u00e8n com fer sabons amb flors i ess\u00e8ncies Dia:\u00a08 febrer 2020\u00a0 \u00a0Truca&#8217;ns al +34 93 203 52 22 Descripci\u00f3 Sabies que amb les flors que sovint tenim a casa podem fer sabons arom\u00e0tics de forma artesanal? En aquest taller ho aprendrem a fer d&#8217;una forma molt senzilla i atractiva. Programa [&hellip;]<\/p>\n","protected":false},"author":4,"featured_media":0,"parent":0,"menu_order":1,"comment_status":"closed","ping_status":"closed","template":"","meta":{"_et_pb_use_builder":"on","_et_pb_old_content":"","_et_gb_content_width":"","footnotes":""},"class_list":["post-5180","page","type-page","status-publish","hentry"],"yoast_head":"<!-- This site is optimized with the Yoast SEO plugin v27.2 - https:\/\/yoast.com\/product\/yoast-seo-wordpress\/ -->\n<title>Taller de sabons i ess\u00e8ncies - Conillas<\/title>\n<meta name=\"robots\" content=\"index, follow, max-snippet:-1, max-image-preview:large, max-video-preview:-1\" \/>\n<link rel=\"canonical\" href=\"https:\/\/www.conillas.com\/ca\/taller-sabons-i-essencies\/\" \/>\n<meta property=\"og:locale\" content=\"ca_ES\" \/>\n<meta property=\"og:type\" content=\"article\" \/>\n<meta property=\"og:title\" content=\"Taller de sabons i ess\u00e8ncies - Conillas\" \/>\n<meta property=\"og:description\" content=\"TALLER DE SABONS I ESS\u00c8NCIES Apr\u00e8n com fer sabons amb flors i ess\u00e8ncies Dia:\u00a08 febrer 2020\u00a0 \u00a0Truca&#039;ns al +34 93 203 52 22 Descripci\u00f3 Sabies que amb les flors que sovint tenim a casa podem fer sabons arom\u00e0tics de forma artesanal? En aquest taller ho aprendrem a fer d&#039;una forma molt senzilla i atractiva. Programa [&hellip;]\" \/>\n<meta property=\"og:url\" content=\"https:\/\/www.conillas.com\/ca\/taller-sabons-i-essencies\/\" \/>\n<meta property=\"og:site_name\" content=\"Conillas\" \/>\n<meta property=\"article:publisher\" content=\"https:\/\/www.facebook.com\/ConillasGardenCenter\" \/>\n<meta property=\"article:modified_time\" content=\"2020-01-28T09:33:30+00:00\" \/>\n<meta name=\"twitter:card\" content=\"summary_large_image\" \/>\n<meta name=\"twitter:site\" content=\"@centerconillas\" \/>\n<meta name=\"twitter:label1\" content=\"Temps estimat de lectura\" \/>\n\t<meta name=\"twitter:data1\" content=\"5 minuts\" \/>\n<script type=\"application\/ld+json\" class=\"yoast-schema-graph\">{\"@context\":\"https:\/\/schema.org\",\"@graph\":[{\"@type\":\"WebPage\",\"@id\":\"https:\/\/www.conillas.com\/ca\/taller-sabons-i-essencies\/\",\"url\":\"https:\/\/www.conillas.com\/ca\/taller-sabons-i-essencies\/\",\"name\":\"Taller de sabons i ess\u00e8ncies - Conillas\",\"isPartOf\":{\"@id\":\"https:\/\/www.conillas.com\/ca\/#website\"},\"datePublished\":\"2017-11-07T12:40:20+00:00\",\"dateModified\":\"2020-01-28T09:33:30+00:00\",\"breadcrumb\":{\"@id\":\"https:\/\/www.conillas.com\/ca\/taller-sabons-i-essencies\/#breadcrumb\"},\"inLanguage\":\"ca\",\"potentialAction\":[{\"@type\":\"ReadAction\",\"target\":[\"https:\/\/www.conillas.com\/ca\/taller-sabons-i-essencies\/\"]}]},{\"@type\":\"BreadcrumbList\",\"@id\":\"https:\/\/www.conillas.com\/ca\/taller-sabons-i-essencies\/#breadcrumb\",\"itemListElement\":[{\"@type\":\"ListItem\",\"position\":1,\"name\":\"Portada\",\"item\":\"https:\/\/www.conillas.com\/ca\/\"},{\"@type\":\"ListItem\",\"position\":2,\"name\":\"Taller de sabons i ess\u00e8ncies\"}]},{\"@type\":\"WebSite\",\"@id\":\"https:\/\/www.conillas.com\/ca\/#website\",\"url\":\"https:\/\/www.conillas.com\/ca\/\",\"name\":\"Conillas\",\"description\":\"Servicios de Paisajismo y Jardiner\u00eda\",\"potentialAction\":[{\"@type\":\"SearchAction\",\"target\":{\"@type\":\"EntryPoint\",\"urlTemplate\":\"https:\/\/www.conillas.com\/ca\/?s={search_term_string}\"},\"query-input\":{\"@type\":\"PropertyValueSpecification\",\"valueRequired\":true,\"valueName\":\"search_term_string\"}}],\"inLanguage\":\"ca\"}]}<\/script>\n<!-- \/ Yoast SEO plugin. -->","yoast_head_json":{"title":"Taller de sabons i ess\u00e8ncies - Conillas","robots":{"index":"index","follow":"follow","max-snippet":"max-snippet:-1","max-image-preview":"max-image-preview:large","max-video-preview":"max-video-preview:-1"},"canonical":"https:\/\/www.conillas.com\/ca\/taller-sabons-i-essencies\/","og_locale":"ca_ES","og_type":"article","og_title":"Taller de sabons i ess\u00e8ncies - Conillas","og_description":"TALLER DE SABONS I ESS\u00c8NCIES Apr\u00e8n com fer sabons amb flors i ess\u00e8ncies Dia:\u00a08 febrer 2020\u00a0 \u00a0Truca'ns al +34 93 203 52 22 Descripci\u00f3 Sabies que amb les flors que sovint tenim a casa podem fer sabons arom\u00e0tics de forma artesanal? En aquest taller ho aprendrem a fer d'una forma molt senzilla i atractiva. Programa [&hellip;]","og_url":"https:\/\/www.conillas.com\/ca\/taller-sabons-i-essencies\/","og_site_name":"Conillas","article_publisher":"https:\/\/www.facebook.com\/ConillasGardenCenter","article_modified_time":"2020-01-28T09:33:30+00:00","twitter_card":"summary_large_image","twitter_site":"@centerconillas","twitter_misc":{"Temps estimat de lectura":"5 minuts"},"schema":{"@context":"https:\/\/schema.org","@graph":[{"@type":"WebPage","@id":"https:\/\/www.conillas.com\/ca\/taller-sabons-i-essencies\/","url":"https:\/\/www.conillas.com\/ca\/taller-sabons-i-essencies\/","name":"Taller de sabons i ess\u00e8ncies - Conillas","isPartOf":{"@id":"https:\/\/www.conillas.com\/ca\/#website"},"datePublished":"2017-11-07T12:40:20+00:00","dateModified":"2020-01-28T09:33:30+00:00","breadcrumb":{"@id":"https:\/\/www.conillas.com\/ca\/taller-sabons-i-essencies\/#breadcrumb"},"inLanguage":"ca","potentialAction":[{"@type":"ReadAction","target":["https:\/\/www.conillas.com\/ca\/taller-sabons-i-essencies\/"]}]},{"@type":"BreadcrumbList","@id":"https:\/\/www.conillas.com\/ca\/taller-sabons-i-essencies\/#breadcrumb","itemListElement":[{"@type":"ListItem","position":1,"name":"Portada","item":"https:\/\/www.conillas.com\/ca\/"},{"@type":"ListItem","position":2,"name":"Taller de sabons i ess\u00e8ncies"}]},{"@type":"WebSite","@id":"https:\/\/www.conillas.com\/ca\/#website","url":"https:\/\/www.conillas.com\/ca\/","name":"Conillas","description":"Servicios de Paisajismo y Jardiner\u00eda","potentialAction":[{"@type":"SearchAction","target":{"@type":"EntryPoint","urlTemplate":"https:\/\/www.conillas.com\/ca\/?s={search_term_string}"},"query-input":{"@type":"PropertyValueSpecification","valueRequired":true,"valueName":"search_term_string"}}],"inLanguage":"ca"}]}},"_links":{"self":[{"href":"https:\/\/www.conillas.com\/ca\/wp-json\/wp\/v2\/pages\/5180","targetHints":{"allow":["GET"]}}],"collection":[{"href":"https:\/\/www.conillas.com\/ca\/wp-json\/wp\/v2\/pages"}],"about":[{"href":"https:\/\/www.conillas.com\/ca\/wp-json\/wp\/v2\/types\/page"}],"author":[{"embeddable":true,"href":"https:\/\/www.conillas.com\/ca\/wp-json\/wp\/v2\/users\/4"}],"replies":[{"embeddable":true,"href":"https:\/\/www.conillas.com\/ca\/wp-json\/wp\/v2\/comments?post=5180"}],"version-history":[{"count":16,"href":"https:\/\/www.conillas.com\/ca\/wp-json\/wp\/v2\/pages\/5180\/revisions"}],"predecessor-version":[{"id":6026,"href":"https:\/\/www.conillas.com\/ca\/wp-json\/wp\/v2\/pages\/5180\/revisions\/6026"}],"wp:attachment":[{"href":"https:\/\/www.conillas.com\/ca\/wp-json\/wp\/v2\/media?parent=5180"}],"curies":[{"name":"wp","href":"https:\/\/api.w.org\/{rel}","templated":true}]}}