{"id":2661,"date":"2017-04-12T10:39:34","date_gmt":"2017-04-12T10:39:34","guid":{"rendered":"http:\/\/conillas.com\/arte-floral\/"},"modified":"2018-11-29T16:11:37","modified_gmt":"2018-11-29T16:11:37","slug":"art-floral","status":"publish","type":"page","link":"https:\/\/www.conillas.com\/ca\/art-floral\/","title":{"rendered":"Art Floral"},"content":{"rendered":"<p>[et_pb_section fb_built=&#8221;1&#8243; fullwidth=&#8221;on&#8221; _builder_version=&#8221;3.0.47&#8243;][et_pb_fullwidth_slider show_arrows=&#8221;off&#8221; show_pagination=&#8221;off&#8221; admin_label=&#8221;Dise\u00f1o y creaci\u00f3n de jardines, terrazas y piscinas&#8221; _builder_version=&#8221;3.0.60&#8243; custom_padding=&#8221;100px||100px|&#8221; custom_padding_tablet=&#8221;|||&#8221; custom_padding_phone=&#8221;|||&#8221; box_shadow_style=&#8221;preset6&#8243; box_shadow_blur=&#8221;10px&#8221; box_shadow_color=&#8221;rgba(0,0,0,0.1)&#8221; top_padding=&#8221;100px&#8221; bottom_padding=&#8221;100px&#8221; show_inner_shadow=&#8221;on&#8221; locked=&#8221;off&#8221;][et_pb_slide use_bg_overlay=&#8221;on&#8221; bg_overlay_color=&#8221;rgba(70,83,96,0.46)&#8221; use_text_overlay=&#8221;off&#8221; _builder_version=&#8221;3.0.47&#8243; header_font=&#8221;||||&#8221; body_font=&#8221;||||&#8221; background_image=&#8221;https:\/\/www.conillas.com\/wp-content\/uploads\/2017\/07\/conillas-decoracion-floral-para-bodas-y-eventos-montaje-sobre-bombillas-con-flores-en-su-interior.jpg&#8221; background_position=&#8221;top_left&#8221; inline_fonts=&#8221;Droid Serif,Arimo,Lora&#8221;]<\/p>\n<h1><strong><span style=\"font-family: Arimo;\">ART FLORAL<\/span><\/strong><\/h1>\n<h2><span style=\"font-family: Lora; font-weight: normal;\">Decoraci\u00f3 d&#8217;esdeveniments, estilisme floral per a empreses i arranjaments florals<\/span><span style=\"font-family: Lora; font-weight: normal;\"><br \/> <\/span><\/h2>\n<p>[\/et_pb_slide][\/et_pb_fullwidth_slider][\/et_pb_section][et_pb_section fb_built=&#8221;1&#8243; admin_label=&#8221;section&#8221; _builder_version=&#8221;3.0.47&#8243; custom_padding=&#8221;54px|0px|0px|0px&#8221;][et_pb_row use_custom_gutter=&#8221;on&#8221; gutter_width=&#8221;1&#8243; custom_padding=&#8221;27px|0px|27px|0px&#8221; make_equal=&#8221;on&#8221; module_class_2=&#8221;borde-izquierdo&#8221; admin_label=&#8221;row&#8221; _builder_version=&#8221;3.0.62&#8243; background_size=&#8221;initial&#8221; background_position=&#8221;top_left&#8221; background_repeat=&#8221;repeat&#8221;][et_pb_column type=&#8221;1_2&#8243; _builder_version=&#8221;3.0.47&#8243; parallax=&#8221;off&#8221; parallax_method=&#8221;on&#8221;][et_pb_text _builder_version=&#8221;3.0.51&#8243; text_font=&#8221;|||on|&#8221; background_size=&#8221;initial&#8221; background_position=&#8221;top_left&#8221; background_repeat=&#8221;repeat&#8221;]<\/p>\n<h2><strong>ART FLORAL<\/p>\n<p> <\/strong><\/h2>\n<p>[\/et_pb_text][et_pb_text _builder_version=&#8221;3.0.51&#8243; background_size=&#8221;initial&#8221; background_position=&#8221;top_left&#8221; background_repeat=&#8221;repeat&#8221; inline_fonts=&#8221;Lora&#8221;]<\/p>\n<h2><span style=\"font-family: Lora; font-weight: normal; color: #a6c358;\">Decoraci\u00f3 d&#8217;esdeveniments corporatius, bodes i celebracions<\/span><\/h2>\n<p>\u00a0<\/p>\n<p>\u00a0<\/p>\n<p>\u00a0<\/p>\n<p>[\/et_pb_text][\/et_pb_column][et_pb_column type=&#8221;1_2&#8243; _builder_version=&#8221;3.0.47&#8243; parallax=&#8221;off&#8221; parallax_method=&#8221;on&#8221; module_class=&#8221;borde-izquierdo&#8221;][et_pb_text _builder_version=&#8221;3.0.51&#8243;]<\/p>\n<p><strong>L&#8217;art floral \u00e9s un dels nostr<\/strong>es pilars. La for\u00e7a de la flor i la seva capacitat per a transformar petits espais en grans racons de color, bellesa i aroma la fa indispensable en la majoria dels nostres projectes i esdeveniments.<span style=\"font-size: 15px;\">\u00a0<\/span><\/p>\n<p>Un espai amb flor \u00e9s acollidor i crea un ambient on hi treballar o realitzar qualsevol activitat \u00e9s m\u00e9s agradable.<span style=\"font-size: 15px;\">\u00a0<\/span><\/p>\n<p><strong> T&#8217;ajudem a decorar el teu esdeveniment o negoci.<\/strong> Ens encarreguem de tot per a que puguis estar tranquil\u00b7la, mentres nosaltres decorem el teu negoci, el teu casament o celebraci\u00f3.<\/p>\n<p>&nbsp;<\/p>\n<p>[\/et_pb_text][\/et_pb_column][\/et_pb_row][\/et_pb_section][et_pb_section fb_built=&#8221;1&#8243; _builder_version=&#8221;3.0.51&#8243; custom_padding=&#8221;0px|0px|8px|0px&#8221;][et_pb_row _builder_version=&#8221;3.0.51&#8243;][et_pb_column type=&#8221;4_4&#8243; _builder_version=&#8221;3.0.47&#8243; parallax=&#8221;off&#8221; parallax_method=&#8221;on&#8221;][et_pb_text _builder_version=&#8221;3.0.51&#8243;]<\/p>\n<h1 style=\"text-align: center;\"><strong>Decoraci\u00f3 floral per deixar emprempta en els teus negocis i esdeveniments<br \/> <\/strong><\/h1>\n<p>[\/et_pb_text][\/et_pb_column][\/et_pb_row][\/et_pb_section][et_pb_section fb_built=&#8221;1&#8243; admin_label=&#8221;section&#8221; _builder_version=&#8221;3.0.47&#8243; custom_padding=&#8221;0px|0px|0px|0px&#8221;][et_pb_row use_custom_gutter=&#8221;on&#8221; gutter_width=&#8221;2&#8243; custom_padding=&#8221;0px|0px|0px|0px&#8221; parallax_method_1=&#8221;off&#8221; parallax_method_2=&#8221;off&#8221; parallax_method_3=&#8221;off&#8221; admin_label=&#8221;row&#8221; _builder_version=&#8221;3.0.51&#8243; background_size=&#8221;initial&#8221; background_position=&#8221;top_left&#8221; background_repeat=&#8221;repeat&#8221;][et_pb_column type=&#8221;1_3&#8243; _builder_version=&#8221;3.0.47&#8243; parallax=&#8221;off&#8221; parallax_method=&#8221;off&#8221;][et_pb_image src=&#8221;https:\/\/www.conillas.com\/wp-content\/uploads\/2017\/07\/conillas-decoracion-floral-para-negocios-hoteles-restaurantes-centro-de-mesa-para-restaurantes.jpg&#8221; _builder_version=&#8221;3.0.60&#8243;][\/et_pb_image][et_pb_text _builder_version=&#8221;3.0.47&#8243; text_font=&#8221;|||on|&#8221; header_font=&#8221;||||&#8221; background_size=&#8221;initial&#8221; background_position=&#8221;top_left&#8221; background_repeat=&#8221;repeat&#8221; text_orientation=&#8221;center&#8221; module_alignment=&#8221;center&#8221; inline_fonts=&#8221;PT Serif,Arimo&#8221;]<\/p>\n<h2><strong>ESTILISME FLORAL <\/strong><\/h2>\n<p>[\/et_pb_text][et_pb_text _builder_version=&#8221;3.0.47&#8243; background_size=&#8221;initial&#8221; background_position=&#8221;top_left&#8221; background_repeat=&#8221;repeat&#8221; text_orientation=&#8221;center&#8221; module_alignment=&#8221;center&#8221;][\/et_pb_text][\/et_pb_column][et_pb_column type=&#8221;1_3&#8243; _builder_version=&#8221;3.0.47&#8243; parallax=&#8221;off&#8221; parallax_method=&#8221;off&#8221;][et_pb_image src=&#8221;https:\/\/www.conillas.com\/wp-content\/uploads\/2017\/07\/conillas-decoracion-floral-para-bodas-y-eventos-montaje-sobre-bombillas-trnsparentes-con-flores-en-su-interior.jpg&#8221; _builder_version=&#8221;3.0.60&#8243;][\/et_pb_image][et_pb_text _builder_version=&#8221;3.0.47&#8243; text_font=&#8221;|||on|&#8221; header_font=&#8221;||||&#8221; background_size=&#8221;initial&#8221; background_position=&#8221;top_left&#8221; background_repeat=&#8221;repeat&#8221; text_orientation=&#8221;center&#8221; module_alignment=&#8221;center&#8221; inline_fonts=&#8221;Arimo&#8221;]<\/p>\n<h2 style=\"text-align: center;\"><strong>ESDEVENIMENTS I BODES<\/strong><\/h2>\n<p>[\/et_pb_text][et_pb_text _builder_version=&#8221;3.0.47&#8243; background_size=&#8221;initial&#8221; background_position=&#8221;top_left&#8221; background_repeat=&#8221;repeat&#8221; text_orientation=&#8221;center&#8221; module_alignment=&#8221;center&#8221;]<\/p>\n<p>\u00a0<\/p>\n<p>\u00a0<\/p>\n<p>\u00a0<\/p>\n<p>[\/et_pb_text][\/et_pb_column][et_pb_column type=&#8221;1_3&#8243; _builder_version=&#8221;3.0.47&#8243; parallax=&#8221;off&#8221; parallax_method=&#8221;off&#8221;][et_pb_image src=&#8221;https:\/\/www.conillas.com\/wp-content\/uploads\/2017\/06\/conillas-artefloral-arreglos-florales.jpg&#8221; _builder_version=&#8221;3.0.51&#8243; custom_margin=&#8221;|||&#8221;][\/et_pb_image][et_pb_text _builder_version=&#8221;3.0.47&#8243; text_font=&#8221;|||on|&#8221; header_font=&#8221;||||&#8221; background_size=&#8221;initial&#8221; background_position=&#8221;top_left&#8221; background_repeat=&#8221;repeat&#8221; text_orientation=&#8221;center&#8221; module_alignment=&#8221;center&#8221; inline_fonts=&#8221;Arimo&#8221;]<\/p>\n<h2><strong>ARRANTJAMENTS FLORALS<\/strong><\/h2>\n<p>[\/et_pb_text][et_pb_text _builder_version=&#8221;3.0.47&#8243; background_size=&#8221;initial&#8221; background_position=&#8221;top_left&#8221; background_repeat=&#8221;repeat&#8221; text_orientation=&#8221;center&#8221; module_alignment=&#8221;center&#8221;][\/et_pb_text][\/et_pb_column][\/et_pb_row][\/et_pb_section][et_pb_section fb_built=&#8221;1&#8243; fullwidth=&#8221;on&#8221; admin_label=&#8221;section&#8221; _builder_version=&#8221;3.0.47&#8243; custom_padding=&#8221;0px|0px|0px|0px&#8221;][et_pb_fullwidth_slider _builder_version=&#8221;3.0.47&#8243; parallax=&#8221;on&#8221; custom_padding=&#8221;|||&#8221; custom_padding_tablet=&#8221;|||&#8221; custom_padding_phone=&#8221;|||&#8221; box_shadow_style=&#8221;preset6&#8243; box_shadow_blur=&#8221;10px&#8221; box_shadow_color=&#8221;rgba(0,0,0,0.1)&#8221; show_inner_shadow=&#8221;on&#8221;][et_pb_slide use_bg_overlay=&#8221;on&#8221; bg_overlay_color=&#8221;rgba(189,209,130,0.26)&#8221; background_layout=&#8221;light&#8221; _builder_version=&#8221;3.0.47&#8243; background_image=&#8221;https:\/\/www.conillas.com\/wp-content\/uploads\/2017\/05\/conillas_flors_rams_de_nuvia__derecha.jpg&#8221; background_position=&#8221;bottom_left&#8221;]<\/p>\n<h1><strong>Un casament al teu estil i personalitat <\/strong><\/h1>\n<p>[\/et_pb_slide][\/et_pb_fullwidth_slider][\/et_pb_section][et_pb_section fb_built=&#8221;1&#8243; _builder_version=&#8221;3.0.47&#8243; custom_padding=&#8221;0px|0px|0px|0px&#8221;][et_pb_row custom_padding=&#8221;0px|0px|0px|0px&#8221; _builder_version=&#8221;3.0.47&#8243; background_size=&#8221;initial&#8221; background_position=&#8221;top_left&#8221; background_repeat=&#8221;repeat&#8221;][et_pb_column type=&#8221;4_4&#8243; _builder_version=&#8221;3.0.47&#8243; parallax=&#8221;off&#8221; parallax_method=&#8221;on&#8221;][et_pb_divider color=&#8221;#dde3e2&#8243; disabled_on=&#8221;on|on|off&#8221; _builder_version=&#8221;3.0.47&#8243; show_divider=&#8221;on&#8221;][\/et_pb_divider][\/et_pb_column][\/et_pb_row][\/et_pb_section][et_pb_section fb_built=&#8221;1&#8243; admin_label=&#8221;section&#8221; _builder_version=&#8221;3.0.47&#8243; custom_padding=&#8221;25px|0px|0px|0px&#8221;][et_pb_row custom_padding=&#8221;27px|0px|0px|0px&#8221; admin_label=&#8221;row&#8221; _builder_version=&#8221;3.0.47&#8243; background_size=&#8221;initial&#8221; background_position=&#8221;top_left&#8221; background_repeat=&#8221;repeat&#8221;][et_pb_column type=&#8221;4_4&#8243; _builder_version=&#8221;3.0.47&#8243; parallax=&#8221;off&#8221; parallax_method=&#8221;on&#8221;][et_pb_text _builder_version=&#8221;3.0.47&#8243; background_size=&#8221;initial&#8221; background_position=&#8221;top_left&#8221; background_repeat=&#8221;repeat&#8221; inline_fonts=&#8221;Lora&#8221;]<\/p>\n<h2><span style=\"font-family: Lora; font-weight: normal; color: #a6c358;\">Decoraci\u00f3 d&#8217;esdeveniments corporatius, bodes i celebracions<\/span><\/h2>\n<p>[\/et_pb_text][\/et_pb_column][\/et_pb_row][et_pb_row use_custom_gutter=&#8221;on&#8221; gutter_width=&#8221;1&#8243; admin_label=&#8221;row&#8221; _builder_version=&#8221;3.0.47&#8243; background_size=&#8221;initial&#8221; background_position=&#8221;top_left&#8221; background_repeat=&#8221;repeat&#8221;][et_pb_column type=&#8221;1_2&#8243; _builder_version=&#8221;3.0.47&#8243; parallax=&#8221;off&#8221; parallax_method=&#8221;on&#8221;][et_pb_text module_class=&#8221;borde-derecho-sin&#8221; _builder_version=&#8221;3.0.60&#8243; text_font=&#8221;||||&#8221; background_size=&#8221;initial&#8221; background_position=&#8221;top_left&#8221; background_repeat=&#8221;repeat&#8221;]<\/p>\n<p>La nostra experi\u00e8ncia i professionalitat ens permet assessorar i oferir-te <strong>serveis globals<\/strong> amb una gran capacitat i amb molta atenci\u00f3 en cada <strong>petit detall<\/strong>. Aportem <strong>solucions diferents per a cada projecte<\/strong>, sempre garantint la qualitat del producte i la professionalitat del servei.<\/p>\n<p>[\/et_pb_text][\/et_pb_column][et_pb_column type=&#8221;1_2&#8243; _builder_version=&#8221;3.0.47&#8243; parallax=&#8221;off&#8221; parallax_method=&#8221;on&#8221;][et_pb_image src=&#8221;https:\/\/www.conillas.com\/wp-content\/uploads\/2017\/05\/conillas-paisajismo-decoracion-floral-evento-barcelona-wedding-summit-10.jpg&#8221; align=&#8221;right&#8221; module_class=&#8221;borde-izquierdo-sin&#8221; _builder_version=&#8221;3.0.47&#8243;][\/et_pb_image][\/et_pb_column][\/et_pb_row][et_pb_row custom_padding=&#8221;0px|0px|0px|0px&#8221; admin_label=&#8221;row&#8221; _builder_version=&#8221;3.0.47&#8243; background_size=&#8221;initial&#8221; background_position=&#8221;top_left&#8221; background_repeat=&#8221;repeat&#8221;][et_pb_column type=&#8221;4_4&#8243; _builder_version=&#8221;3.0.47&#8243; parallax=&#8221;off&#8221; parallax_method=&#8221;on&#8221;][et_pb_button button_url=&#8221;\/ca\/contacte\/&#8221; button_text=&#8221;Demana&#8217;ns un pressupost&#8221; button_alignment=&#8221;center&#8221; _builder_version=&#8221;3.0.62&#8243;][\/et_pb_button][\/et_pb_column][\/et_pb_row][\/et_pb_section][et_pb_section fb_built=&#8221;1&#8243; admin_label=&#8221;section&#8221; _builder_version=&#8221;3.0.47&#8243; custom_padding=&#8221;0px|0px|0px|0px&#8221;][\/et_pb_section][et_pb_section fb_built=&#8221;1&#8243; make_fullwidth=&#8221;on&#8221; use_custom_gutter=&#8221;on&#8221; gutter_width=&#8221;1&#8243; admin_label=&#8221;Imagen&#8221; _builder_version=&#8221;3.0.47&#8243; custom_padding=&#8221;0px|0px|0px|0px&#8221; saved_tabs=&#8221;all&#8221;][et_pb_row make_fullwidth=&#8221;on&#8221; use_custom_gutter=&#8221;on&#8221; gutter_width=&#8221;1&#8243; custom_padding=&#8221;0px|0px|0px|0px&#8221; admin_label=&#8221;row&#8221; _builder_version=&#8221;3.0.47&#8243; background_size=&#8221;initial&#8221; background_position=&#8221;top_left&#8221; background_repeat=&#8221;repeat&#8221;][et_pb_column type=&#8221;4_4&#8243; _builder_version=&#8221;3.0.47&#8243; parallax=&#8221;off&#8221; parallax_method=&#8221;on&#8221;][et_pb_text _builder_version=&#8221;3.0.47&#8243; background_size=&#8221;initial&#8221; background_position=&#8221;top_left&#8221; background_repeat=&#8221;repeat&#8221; text_orientation=&#8221;center&#8221; module_alignment=&#8221;center&#8221;]<\/p>\n<h2><strong>El nostres clients ens avalen<\/strong><\/h2>\n<p>[\/et_pb_text][et_pb_image src=&#8221;https:\/\/www.conillas.com\/wp-content\/uploads\/2017\/07\/logos-clientes-01.jpg&#8221; align=&#8221;center&#8221; _builder_version=&#8221;3.0.60&#8243;][\/et_pb_image][\/et_pb_column][\/et_pb_row][\/et_pb_section]<\/p>\n","protected":false},"excerpt":{"rendered":"<p>ART FLORAL Decoraci\u00f3 d&#8217;esdeveniments, estilisme floral per a empreses i arranjaments florals ART FLORAL Decoraci\u00f3 d&#8217;esdeveniments corporatius, bodes i celebracions \u00a0 \u00a0 \u00a0L&#8217;art floral \u00e9s un dels nostres pilars. La for\u00e7a de la flor i la seva capacitat per a transformar petits espais en grans racons de color, bellesa i aroma la fa indispensable en [&hellip;]<\/p>\n","protected":false},"author":4,"featured_media":0,"parent":0,"menu_order":29,"comment_status":"closed","ping_status":"closed","template":"","meta":{"_et_pb_use_builder":"on","_et_pb_old_content":"","_et_gb_content_width":"","footnotes":""},"class_list":["post-2661","page","type-page","status-publish","hentry"],"yoast_head":"<!-- This site is optimized with the Yoast SEO plugin v27.2 - https:\/\/yoast.com\/product\/yoast-seo-wordpress\/ -->\n<title>Art Floral - Conillas<\/title>\n<meta name=\"robots\" content=\"index, follow, max-snippet:-1, max-image-preview:large, max-video-preview:-1\" \/>\n<link rel=\"canonical\" href=\"https:\/\/www.conillas.com\/ca\/art-floral\/\" \/>\n<meta property=\"og:locale\" content=\"ca_ES\" \/>\n<meta property=\"og:type\" content=\"article\" \/>\n<meta property=\"og:title\" content=\"Art Floral - Conillas\" \/>\n<meta property=\"og:description\" content=\"ART FLORAL Decoraci\u00f3 d&#039;esdeveniments, estilisme floral per a empreses i arranjaments florals ART FLORAL Decoraci\u00f3 d&#039;esdeveniments corporatius, bodes i celebracions \u00a0 \u00a0 \u00a0L&#039;art floral \u00e9s un dels nostres pilars. La for\u00e7a de la flor i la seva capacitat per a transformar petits espais en grans racons de color, bellesa i aroma la fa indispensable en [&hellip;]\" \/>\n<meta property=\"og:url\" content=\"https:\/\/www.conillas.com\/ca\/art-floral\/\" \/>\n<meta property=\"og:site_name\" content=\"Conillas\" \/>\n<meta property=\"article:publisher\" content=\"https:\/\/www.facebook.com\/ConillasGardenCenter\" \/>\n<meta property=\"article:modified_time\" content=\"2018-11-29T16:11:37+00:00\" \/>\n<meta name=\"twitter:card\" content=\"summary_large_image\" \/>\n<meta name=\"twitter:site\" content=\"@centerconillas\" \/>\n<meta name=\"twitter:label1\" content=\"Temps estimat de lectura\" \/>\n\t<meta name=\"twitter:data1\" content=\"7 minuts\" \/>\n<script type=\"application\/ld+json\" class=\"yoast-schema-graph\">{\"@context\":\"https:\/\/schema.org\",\"@graph\":[{\"@type\":\"WebPage\",\"@id\":\"https:\/\/www.conillas.com\/ca\/art-floral\/\",\"url\":\"https:\/\/www.conillas.com\/ca\/art-floral\/\",\"name\":\"Art Floral - Conillas\",\"isPartOf\":{\"@id\":\"https:\/\/www.conillas.com\/ca\/#website\"},\"datePublished\":\"2017-04-12T10:39:34+00:00\",\"dateModified\":\"2018-11-29T16:11:37+00:00\",\"breadcrumb\":{\"@id\":\"https:\/\/www.conillas.com\/ca\/art-floral\/#breadcrumb\"},\"inLanguage\":\"ca\",\"potentialAction\":[{\"@type\":\"ReadAction\",\"target\":[\"https:\/\/www.conillas.com\/ca\/art-floral\/\"]}]},{\"@type\":\"BreadcrumbList\",\"@id\":\"https:\/\/www.conillas.com\/ca\/art-floral\/#breadcrumb\",\"itemListElement\":[{\"@type\":\"ListItem\",\"position\":1,\"name\":\"Portada\",\"item\":\"https:\/\/www.conillas.com\/ca\/\"},{\"@type\":\"ListItem\",\"position\":2,\"name\":\"Art Floral\"}]},{\"@type\":\"WebSite\",\"@id\":\"https:\/\/www.conillas.com\/ca\/#website\",\"url\":\"https:\/\/www.conillas.com\/ca\/\",\"name\":\"Conillas\",\"description\":\"Servicios de Paisajismo y Jardiner\u00eda\",\"potentialAction\":[{\"@type\":\"SearchAction\",\"target\":{\"@type\":\"EntryPoint\",\"urlTemplate\":\"https:\/\/www.conillas.com\/ca\/?s={search_term_string}\"},\"query-input\":{\"@type\":\"PropertyValueSpecification\",\"valueRequired\":true,\"valueName\":\"search_term_string\"}}],\"inLanguage\":\"ca\"}]}<\/script>\n<!-- \/ Yoast SEO plugin. -->","yoast_head_json":{"title":"Art Floral - Conillas","robots":{"index":"index","follow":"follow","max-snippet":"max-snippet:-1","max-image-preview":"max-image-preview:large","max-video-preview":"max-video-preview:-1"},"canonical":"https:\/\/www.conillas.com\/ca\/art-floral\/","og_locale":"ca_ES","og_type":"article","og_title":"Art Floral - Conillas","og_description":"ART FLORAL Decoraci\u00f3 d'esdeveniments, estilisme floral per a empreses i arranjaments florals ART FLORAL Decoraci\u00f3 d'esdeveniments corporatius, bodes i celebracions \u00a0 \u00a0 \u00a0L'art floral \u00e9s un dels nostres pilars. La for\u00e7a de la flor i la seva capacitat per a transformar petits espais en grans racons de color, bellesa i aroma la fa indispensable en [&hellip;]","og_url":"https:\/\/www.conillas.com\/ca\/art-floral\/","og_site_name":"Conillas","article_publisher":"https:\/\/www.facebook.com\/ConillasGardenCenter","article_modified_time":"2018-11-29T16:11:37+00:00","twitter_card":"summary_large_image","twitter_site":"@centerconillas","twitter_misc":{"Temps estimat de lectura":"7 minuts"},"schema":{"@context":"https:\/\/schema.org","@graph":[{"@type":"WebPage","@id":"https:\/\/www.conillas.com\/ca\/art-floral\/","url":"https:\/\/www.conillas.com\/ca\/art-floral\/","name":"Art Floral - Conillas","isPartOf":{"@id":"https:\/\/www.conillas.com\/ca\/#website"},"datePublished":"2017-04-12T10:39:34+00:00","dateModified":"2018-11-29T16:11:37+00:00","breadcrumb":{"@id":"https:\/\/www.conillas.com\/ca\/art-floral\/#breadcrumb"},"inLanguage":"ca","potentialAction":[{"@type":"ReadAction","target":["https:\/\/www.conillas.com\/ca\/art-floral\/"]}]},{"@type":"BreadcrumbList","@id":"https:\/\/www.conillas.com\/ca\/art-floral\/#breadcrumb","itemListElement":[{"@type":"ListItem","position":1,"name":"Portada","item":"https:\/\/www.conillas.com\/ca\/"},{"@type":"ListItem","position":2,"name":"Art Floral"}]},{"@type":"WebSite","@id":"https:\/\/www.conillas.com\/ca\/#website","url":"https:\/\/www.conillas.com\/ca\/","name":"Conillas","description":"Servicios de Paisajismo y Jardiner\u00eda","potentialAction":[{"@type":"SearchAction","target":{"@type":"EntryPoint","urlTemplate":"https:\/\/www.conillas.com\/ca\/?s={search_term_string}"},"query-input":{"@type":"PropertyValueSpecification","valueRequired":true,"valueName":"search_term_string"}}],"inLanguage":"ca"}]}},"_links":{"self":[{"href":"https:\/\/www.conillas.com\/ca\/wp-json\/wp\/v2\/pages\/2661","targetHints":{"allow":["GET"]}}],"collection":[{"href":"https:\/\/www.conillas.com\/ca\/wp-json\/wp\/v2\/pages"}],"about":[{"href":"https:\/\/www.conillas.com\/ca\/wp-json\/wp\/v2\/types\/page"}],"author":[{"embeddable":true,"href":"https:\/\/www.conillas.com\/ca\/wp-json\/wp\/v2\/users\/4"}],"replies":[{"embeddable":true,"href":"https:\/\/www.conillas.com\/ca\/wp-json\/wp\/v2\/comments?post=2661"}],"version-history":[{"count":8,"href":"https:\/\/www.conillas.com\/ca\/wp-json\/wp\/v2\/pages\/2661\/revisions"}],"predecessor-version":[{"id":5839,"href":"https:\/\/www.conillas.com\/ca\/wp-json\/wp\/v2\/pages\/2661\/revisions\/5839"}],"wp:attachment":[{"href":"https:\/\/www.conillas.com\/ca\/wp-json\/wp\/v2\/media?parent=2661"}],"curies":[{"name":"wp","href":"https:\/\/api.w.org\/{rel}","templated":true}]}}